{"id":1015,"date":"2022-01-13T20:35:15","date_gmt":"2022-01-14T01:35:15","guid":{"rendered":"https:\/\/gemagroup.ec\/?post_type=product&#038;p=1015"},"modified":"2022-01-21T13:58:33","modified_gmt":"2022-01-21T18:58:33","slug":"k5-ufo-k58plus-k5-ufo-imu","status":"publish","type":"product","link":"https:\/\/gemaglobe.com\/index.php\/product\/k5-ufo-k58plus-k5-ufo-imu\/","title":{"rendered":"K5 UFO &#8211; IMU"},"content":{"rendered":"<p><img loading=\"lazy\" class=\"wp-image-1016 alignleft\" src=\"http:\/\/gemagroup.ec\/wp-content\/uploads\/2022\/01\/5c9852e77ca28.jpg\" alt=\"\" width=\"500\" height=\"244\" srcset=\"https:\/\/gemaglobe.com\/wp-content\/uploads\/2022\/01\/5c9852e77ca28.jpg 816w, https:\/\/gemaglobe.com\/wp-content\/uploads\/2022\/01\/5c9852e77ca28-300x146.jpg 300w, https:\/\/gemaglobe.com\/wp-content\/uploads\/2022\/01\/5c9852e77ca28-768x375.jpg 768w, https:\/\/gemaglobe.com\/wp-content\/uploads\/2022\/01\/5c9852e77ca28-600x293.jpg 600w, https:\/\/gemaglobe.com\/wp-content\/uploads\/2022\/01\/5c9852e77ca28-64x31.jpg 64w\" sizes=\"(max-width: 500px) 100vw, 500px\" \/><\/p>\n<p style=\"text-align: right;\"><strong>M\u00e1s avanzado<\/strong><\/p>\n<p style=\"text-align: right;\"><strong>Motor GNSS<\/strong><\/p>\n<p style=\"text-align: right;\">En la segunda mitad de 2021, K5 UFO se ha actualizado con una potente placa base GNSS de 965 canales.<\/p>\n<p style=\"text-align: right;\">Con la utilidad de la se\u00f1al BEIDOU (COMPASS) B3, la velocidad de adquisici\u00f3n de datos y la estabilidad de la se\u00f1al GNSS se han mejorado mucho desde la \u00faltima versi\u00f3n.<\/p>\n<p>&nbsp;<\/p>\n<p>&nbsp;<\/p>\n<p><img loading=\"lazy\" class=\" wp-image-1017 alignright\" src=\"http:\/\/gemagroup.ec\/wp-content\/uploads\/2022\/01\/5e4b82ca5682b.jpg\" alt=\"\" width=\"412\" height=\"239\" srcset=\"https:\/\/gemaglobe.com\/wp-content\/uploads\/2022\/01\/5e4b82ca5682b.jpg 686w, https:\/\/gemaglobe.com\/wp-content\/uploads\/2022\/01\/5e4b82ca5682b-300x174.jpg 300w, https:\/\/gemaglobe.com\/wp-content\/uploads\/2022\/01\/5e4b82ca5682b-517x300.jpg 517w, https:\/\/gemaglobe.com\/wp-content\/uploads\/2022\/01\/5e4b82ca5682b-600x348.jpg 600w, https:\/\/gemaglobe.com\/wp-content\/uploads\/2022\/01\/5e4b82ca5682b-64x37.jpg 64w\" sizes=\"(max-width: 412px) 100vw, 412px\" \/><\/p>\n<p>&nbsp;<\/p>\n<p style=\"text-align: left;\"><strong>Trabaja m\u00e1s seguro y m\u00e1s f\u00e1cil<\/strong><\/p>\n<p style=\"text-align: left;\">Gracias a la tecnolog\u00eda de medici\u00f3n inercial, K5 UFO IMU permite al usuario realizar un levantamiento de inclinaci\u00f3n con un \u00e1ngulo de inclinaci\u00f3n m\u00e1ximo de 60 \u00b0. El centrado no es obligatorio, por lo que los top\u00f3grafos pueden permanecer en una posici\u00f3n segura cuando miden en la autopista y no necesitan meterse en el agua.<\/p>\n<p>V\u00eddeo: https:\/\/www.youtube.com\/watch?v=Gks7XV7HRrc<\/p>\n<p>&nbsp;<\/p>\n<p>&nbsp;<\/p>\n<p><img loading=\"lazy\" class=\"wp-image-1018 alignleft\" src=\"http:\/\/gemagroup.ec\/wp-content\/uploads\/2022\/01\/5e4b82c4c8c9e-1.jpg\" alt=\"\" width=\"487\" height=\"294\" srcset=\"https:\/\/gemaglobe.com\/wp-content\/uploads\/2022\/01\/5e4b82c4c8c9e-1.jpg 661w, https:\/\/gemaglobe.com\/wp-content\/uploads\/2022\/01\/5e4b82c4c8c9e-1-300x181.jpg 300w, https:\/\/gemaglobe.com\/wp-content\/uploads\/2022\/01\/5e4b82c4c8c9e-1-498x300.jpg 498w, https:\/\/gemaglobe.com\/wp-content\/uploads\/2022\/01\/5e4b82c4c8c9e-1-600x361.jpg 600w, https:\/\/gemaglobe.com\/wp-content\/uploads\/2022\/01\/5e4b82c4c8c9e-1-64x39.jpg 64w\" sizes=\"(max-width: 487px) 100vw, 487px\" \/><\/p>\n<p>&nbsp;<\/p>\n<p style=\"text-align: right;\"><strong>R\u00e1pido y preciso<\/strong><\/p>\n<p style=\"text-align: right;\">A diferencia del sensor de inclinaci\u00f3n, la unidad de medici\u00f3n inercial ya no se ve afectada por el campo magn\u00e9tico terrestre y no requiere correcci\u00f3n. Puede activarse y comenzar a funcionar en solo unos segundos, este posicionamiento r\u00e1pido aumentar\u00e1 la velocidad de medici\u00f3n en m\u00e1s del 20%.<\/p>\n<p style=\"text-align: right;\">El algoritmo combinado de IMU + GNSS puede obtener una soluci\u00f3n fija m\u00e1s r\u00e1pido y mantener los resultados de medici\u00f3n m\u00e1s estables, la precisi\u00f3n es de hasta 2 cm.<\/p>\n<p style=\"text-align: right;\">V\u00eddeo: https:\/\/www.youtube.com\/watch?v=BK4v0KHTmNc<\/p>\n<p>&nbsp;<\/p>\n<p>&nbsp;<\/p>\n<p style=\"text-align: center;\">Mide donde otros no pueden<\/p>\n<p style=\"text-align: center;\">esquina de la pared? \u00bfPuntos debajo de la tuber\u00eda? \u00bfPuntos ocupados por coche? Estos objetivos ya no son accesibles.<\/p>\n<p><img loading=\"lazy\" class=\"wp-image-1019 aligncenter\" src=\"http:\/\/gemagroup.ec\/wp-content\/uploads\/2022\/01\/5e4b82c47fb2f.jpg\" alt=\"\" width=\"483\" height=\"280\" srcset=\"https:\/\/gemaglobe.com\/wp-content\/uploads\/2022\/01\/5e4b82c47fb2f.jpg 686w, https:\/\/gemaglobe.com\/wp-content\/uploads\/2022\/01\/5e4b82c47fb2f-300x174.jpg 300w, https:\/\/gemaglobe.com\/wp-content\/uploads\/2022\/01\/5e4b82c47fb2f-517x300.jpg 517w, https:\/\/gemaglobe.com\/wp-content\/uploads\/2022\/01\/5e4b82c47fb2f-600x348.jpg 600w, https:\/\/gemaglobe.com\/wp-content\/uploads\/2022\/01\/5e4b82c47fb2f-64x37.jpg 64w\" sizes=\"(max-width: 483px) 100vw, 483px\" \/><\/p>\n<p style=\"text-align: left;\"><img loading=\"lazy\" class=\"wp-image-1020 alignright\" src=\"http:\/\/gemagroup.ec\/wp-content\/uploads\/2022\/01\/5cc6559736129-1024x456.png\" alt=\"\" width=\"489\" height=\"218\" srcset=\"https:\/\/gemaglobe.com\/wp-content\/uploads\/2022\/01\/5cc6559736129-1024x456.png 1024w, https:\/\/gemaglobe.com\/wp-content\/uploads\/2022\/01\/5cc6559736129-300x134.png 300w, https:\/\/gemaglobe.com\/wp-content\/uploads\/2022\/01\/5cc6559736129-768x342.png 768w, https:\/\/gemaglobe.com\/wp-content\/uploads\/2022\/01\/5cc6559736129-840x374.png 840w, https:\/\/gemaglobe.com\/wp-content\/uploads\/2022\/01\/5cc6559736129-600x267.png 600w, https:\/\/gemaglobe.com\/wp-content\/uploads\/2022\/01\/5cc6559736129-64x28.png 64w, https:\/\/gemaglobe.com\/wp-content\/uploads\/2022\/01\/5cc6559736129.png 1296w\" sizes=\"(max-width: 489px) 100vw, 489px\" \/><\/p>\n<p>&nbsp;<\/p>\n<p>&nbsp;<\/p>\n<p style=\"text-align: left;\">Enlace de radio de largo alcance<\/p>\n<p style=\"text-align: left;\">La radio incorporada SDL400 puede enviar se\u00f1ales hasta 7 km en \u00e1reas urbanas, 8 km en \u00e1reas suburbanas. La cobertura m\u00e1xima es de hasta 200 kil\u00f3metros cuadrados, adecuada para que varios rovers funcionen simult\u00e1neamente.<\/p>\n<p style=\"text-align: center;\">V\u00eddeo: https:\/\/youtu.be\/HvJuC9gaFk8<\/p>\n<p>&nbsp;<\/p>\n<p>&nbsp;<\/p>\n<p style=\"text-align: right;\"><img loading=\"lazy\" class=\"wp-image-1021 alignleft\" src=\"http:\/\/gemagroup.ec\/wp-content\/uploads\/2022\/01\/5c96f2e8dc3ca-1.jpg\" alt=\"\" width=\"403\" height=\"234\" srcset=\"https:\/\/gemaglobe.com\/wp-content\/uploads\/2022\/01\/5c96f2e8dc3ca-1.jpg 888w, https:\/\/gemaglobe.com\/wp-content\/uploads\/2022\/01\/5c96f2e8dc3ca-1-300x174.jpg 300w, https:\/\/gemaglobe.com\/wp-content\/uploads\/2022\/01\/5c96f2e8dc3ca-1-768x445.jpg 768w, https:\/\/gemaglobe.com\/wp-content\/uploads\/2022\/01\/5c96f2e8dc3ca-1-840x487.jpg 840w, https:\/\/gemaglobe.com\/wp-content\/uploads\/2022\/01\/5c96f2e8dc3ca-1-517x300.jpg 517w, https:\/\/gemaglobe.com\/wp-content\/uploads\/2022\/01\/5c96f2e8dc3ca-1-600x348.jpg 600w, https:\/\/gemaglobe.com\/wp-content\/uploads\/2022\/01\/5c96f2e8dc3ca-1-64x37.jpg 64w\" sizes=\"(max-width: 403px) 100vw, 403px\" \/><\/p>\n<p style=\"text-align: right;\">Sin barreras<\/p>\n<p style=\"text-align: right;\">Medici\u00f3n<\/p>\n<p style=\"text-align: right;\">En un entorno dif\u00edcil, puede perder la conexi\u00f3n con la estaci\u00f3n base o la red VRS. No se decepcione, puede elegir entre 3 modos de trabajo creativos para continuar encuestando sin interrupci\u00f3n. (Repetidor\/ Enrutador\/ Estaci\u00f3n de referencia m\u00f3vil)<\/p>\n<p>&nbsp;<\/p>\n<p>&nbsp;<\/p>\n<p>&nbsp;<\/p>\n<p>&nbsp;<\/p>\n<p style=\"text-align: left;\">Anti-interferencia<img loading=\"lazy\" class=\"wp-image-1022 alignright\" src=\"http:\/\/gemagroup.ec\/wp-content\/uploads\/2022\/01\/5c91b978bd36c-1.jpg\" alt=\"\" width=\"411\" height=\"259\" srcset=\"https:\/\/gemaglobe.com\/wp-content\/uploads\/2022\/01\/5c91b978bd36c-1.jpg 817w, https:\/\/gemaglobe.com\/wp-content\/uploads\/2022\/01\/5c91b978bd36c-1-300x189.jpg 300w, https:\/\/gemaglobe.com\/wp-content\/uploads\/2022\/01\/5c91b978bd36c-1-768x484.jpg 768w, https:\/\/gemaglobe.com\/wp-content\/uploads\/2022\/01\/5c91b978bd36c-1-793x500.jpg 793w, https:\/\/gemaglobe.com\/wp-content\/uploads\/2022\/01\/5c91b978bd36c-1-476x300.jpg 476w, https:\/\/gemaglobe.com\/wp-content\/uploads\/2022\/01\/5c91b978bd36c-1-600x378.jpg 600w, https:\/\/gemaglobe.com\/wp-content\/uploads\/2022\/01\/5c91b978bd36c-1-64x40.jpg 64w\" sizes=\"(max-width: 411px) 100vw, 411px\" \/><\/p>\n<p style=\"text-align: left;\">La radio integrada SDL400 cuenta con capacidad antiinterferencias, por lo que K5 IMU puede funcionar cerca de la planta de energ\u00eda, la subestaci\u00f3n transformadora, la torre de se\u00f1al m\u00f3vil y otras fuentes de interferencia.<\/p>\n<p>&nbsp;<\/p>\n<p>&nbsp;<\/p>\n<p>&nbsp;<\/p>\n<p>&nbsp;<\/p>\n<p style=\"text-align: right;\"><img loading=\"lazy\" class=\"wp-image-1023 alignleft\" src=\"http:\/\/gemagroup.ec\/wp-content\/uploads\/2022\/01\/5c91b97c518c3-2.jpg\" alt=\"\" width=\"413\" height=\"261\" srcset=\"https:\/\/gemaglobe.com\/wp-content\/uploads\/2022\/01\/5c91b97c518c3-2.jpg 817w, https:\/\/gemaglobe.com\/wp-content\/uploads\/2022\/01\/5c91b97c518c3-2-300x189.jpg 300w, https:\/\/gemaglobe.com\/wp-content\/uploads\/2022\/01\/5c91b97c518c3-2-768x484.jpg 768w, https:\/\/gemaglobe.com\/wp-content\/uploads\/2022\/01\/5c91b97c518c3-2-793x500.jpg 793w, https:\/\/gemaglobe.com\/wp-content\/uploads\/2022\/01\/5c91b97c518c3-2-476x300.jpg 476w, https:\/\/gemaglobe.com\/wp-content\/uploads\/2022\/01\/5c91b97c518c3-2-600x378.jpg 600w, https:\/\/gemaglobe.com\/wp-content\/uploads\/2022\/01\/5c91b97c518c3-2-64x40.jpg 64w\" sizes=\"(max-width: 413px) 100vw, 413px\" \/><\/p>\n<p>&nbsp;<\/p>\n<p>&nbsp;<\/p>\n<p style=\"text-align: right;\">Funciones pr\u00e1cticas<\/p>\n<p style=\"text-align: right;\">K5 IMU emplea el sistema Linux, ayuda a los top\u00f3grafos a cumplir sus misiones de manera m\u00e1s f\u00e1cil, r\u00e1pida y precisa al brindar una calidad excepcional y caracter\u00edsticas innovadoras.<\/p>\n<p>&nbsp;<\/p>\n<p>&nbsp;<\/p>\n<p>&nbsp;<\/p>\n<p><img loading=\"lazy\" class=\"alignnone wp-image-1024 aligncenter\" src=\"http:\/\/gemagroup.ec\/wp-content\/uploads\/2022\/01\/Captura-de-pantalla-2022-01-13-a-las-20.11.11-1024x830.png\" alt=\"\" width=\"715\" height=\"580\" srcset=\"https:\/\/gemaglobe.com\/wp-content\/uploads\/2022\/01\/Captura-de-pantalla-2022-01-13-a-las-20.11.11-1024x830.png 1024w, https:\/\/gemaglobe.com\/wp-content\/uploads\/2022\/01\/Captura-de-pantalla-2022-01-13-a-las-20.11.11-300x243.png 300w, https:\/\/gemaglobe.com\/wp-content\/uploads\/2022\/01\/Captura-de-pantalla-2022-01-13-a-las-20.11.11-768x622.png 768w, https:\/\/gemaglobe.com\/wp-content\/uploads\/2022\/01\/Captura-de-pantalla-2022-01-13-a-las-20.11.11-1536x1245.png 1536w, https:\/\/gemaglobe.com\/wp-content\/uploads\/2022\/01\/Captura-de-pantalla-2022-01-13-a-las-20.11.11-617x500.png 617w, https:\/\/gemaglobe.com\/wp-content\/uploads\/2022\/01\/Captura-de-pantalla-2022-01-13-a-las-20.11.11-370x300.png 370w, https:\/\/gemaglobe.com\/wp-content\/uploads\/2022\/01\/Captura-de-pantalla-2022-01-13-a-las-20.11.11-600x486.png 600w, https:\/\/gemaglobe.com\/wp-content\/uploads\/2022\/01\/Captura-de-pantalla-2022-01-13-a-las-20.11.11-64x52.png 64w, https:\/\/gemaglobe.com\/wp-content\/uploads\/2022\/01\/Captura-de-pantalla-2022-01-13-a-las-20.11.11.png 1710w\" sizes=\"(max-width: 715px) 100vw, 715px\" \/><\/p>\n","protected":false},"excerpt":{"rendered":"<ul>\n<li><img loading=\"lazy\" class=\"alignnone size-full wp-image-1026\" src=\"http:\/\/gemagroup.ec\/wp-content\/uploads\/2022\/01\/5c9205fe18900.jpg\" alt=\"\" width=\"700\" height=\"700\" srcset=\"https:\/\/gemaglobe.com\/wp-content\/uploads\/2022\/01\/5c9205fe18900.jpg 700w, https:\/\/gemaglobe.com\/wp-content\/uploads\/2022\/01\/5c9205fe18900-300x300.jpg 300w, https:\/\/gemaglobe.com\/wp-content\/uploads\/2022\/01\/5c9205fe18900-150x150.jpg 150w, https:\/\/gemaglobe.com\/wp-content\/uploads\/2022\/01\/5c9205fe18900-500x500.jpg 500w, https:\/\/gemaglobe.com\/wp-content\/uploads\/2022\/01\/5c9205fe18900-600x600.jpg 600w, https:\/\/gemaglobe.com\/wp-content\/uploads\/2022\/01\/5c9205fe18900-100x100.jpg 100w, https:\/\/gemaglobe.com\/wp-content\/uploads\/2022\/01\/5c9205fe18900-64x64.jpg 64w\" sizes=\"(max-width: 700px) 100vw, 700px\" \/>IMU<\/li>\n<\/ul>\n<p>Inclinaci\u00f3n de 2 cm\/60\u00b0, (opcional)<\/p>\n<ul>\n<li>965 canales<\/li>\n<\/ul>\n<p>Todo el seguimiento de la se\u00f1al de la constelaci\u00f3n<\/p>\n<ul>\n<li>8 kil\u00f3metros<br \/>\nRango de trabajo de radio UHF incorporado<\/li>\n<li>Bater\u00edas dualesFuente de alimentaci\u00f3n extra e intercambiable en caliente<\/li>\n<\/ul>\n","protected":false},"featured_media":1026,"comment_status":"open","ping_status":"closed","template":"","meta":[],"_links":{"self":[{"href":"https:\/\/gemaglobe.com\/index.php\/wp-json\/wp\/v2\/product\/1015"}],"collection":[{"href":"https:\/\/gemaglobe.com\/index.php\/wp-json\/wp\/v2\/product"}],"about":[{"href":"https:\/\/gemaglobe.com\/index.php\/wp-json\/wp\/v2\/types\/product"}],"replies":[{"embeddable":true,"href":"https:\/\/gemaglobe.com\/index.php\/wp-json\/wp\/v2\/comments?post=1015"}],"wp:featuredmedia":[{"embeddable":true,"href":"https:\/\/gemaglobe.com\/index.php\/wp-json\/wp\/v2\/media\/1026"}],"wp:attachment":[{"href":"https:\/\/gemaglobe.com\/index.php\/wp-json\/wp\/v2\/media?parent=1015"}],"curies":[{"name":"wp","href":"https:\/\/api.w.org\/{rel}","templated":true}]}}