{"id":1030,"date":"2022-01-13T22:18:38","date_gmt":"2022-01-14T03:18:38","guid":{"rendered":"https:\/\/gemagroup.ec\/?post_type=product&#038;p=1030"},"modified":"2022-01-21T13:44:10","modified_gmt":"2022-01-21T18:44:10","slug":"k20s","status":"publish","type":"product","link":"https:\/\/gemaglobe.com\/index.php\/product\/k20s\/","title":{"rendered":"K20s"},"content":{"rendered":"<p><img loading=\"lazy\" class=\"wp-image-1031 alignleft\" src=\"http:\/\/gemagroup.ec\/wp-content\/uploads\/2022\/01\/5c9852e77ca28-1.jpg\" alt=\"\" width=\"459\" height=\"224\" srcset=\"https:\/\/gemaglobe.com\/wp-content\/uploads\/2022\/01\/5c9852e77ca28-1.jpg 816w, https:\/\/gemaglobe.com\/wp-content\/uploads\/2022\/01\/5c9852e77ca28-1-300x146.jpg 300w, https:\/\/gemaglobe.com\/wp-content\/uploads\/2022\/01\/5c9852e77ca28-1-768x375.jpg 768w, https:\/\/gemaglobe.com\/wp-content\/uploads\/2022\/01\/5c9852e77ca28-1-600x293.jpg 600w, https:\/\/gemaglobe.com\/wp-content\/uploads\/2022\/01\/5c9852e77ca28-1-64x31.jpg 64w\" sizes=\"(max-width: 459px) 100vw, 459px\" \/><\/p>\n<p style=\"text-align: right;\"><strong>M\u00e1s avanzado<\/strong><\/p>\n<p style=\"text-align: right;\"><strong>Motor GNSS<\/strong><\/p>\n<p style=\"text-align: right;\">Con una potente placa base GNSS de 965 canales en el interior, los K20 pueden rastrear y procesar todas las constelaciones de sat\u00e9lites existentes. Con la utilidad de la se\u00f1al BEIDOU (COMPASS), la velocidad de adquisici\u00f3n de datos y la estabilidad de la se\u00f1al GNSS mejoran enormemente con respecto a la tecnolog\u00eda de generaci\u00f3n anterior.<\/p>\n<p>&nbsp;<\/p>\n<p>&nbsp;<\/p>\n<p style=\"text-align: left;\">10 innovaciones<\/p>\n<p><img loading=\"lazy\" class=\"wp-image-1032 alignright\" src=\"http:\/\/gemagroup.ec\/wp-content\/uploads\/2022\/01\/618b8e6f13275-1.jpg\" alt=\"\" width=\"328\" height=\"190\" srcset=\"https:\/\/gemaglobe.com\/wp-content\/uploads\/2022\/01\/618b8e6f13275-1.jpg 686w, https:\/\/gemaglobe.com\/wp-content\/uploads\/2022\/01\/618b8e6f13275-1-300x174.jpg 300w, https:\/\/gemaglobe.com\/wp-content\/uploads\/2022\/01\/618b8e6f13275-1-517x300.jpg 517w, https:\/\/gemaglobe.com\/wp-content\/uploads\/2022\/01\/618b8e6f13275-1-600x348.jpg 600w, https:\/\/gemaglobe.com\/wp-content\/uploads\/2022\/01\/618b8e6f13275-1-64x37.jpg 64w\" sizes=\"(max-width: 328px) 100vw, 328px\" \/><\/p>\n<p style=\"text-align: left;\">para aumentar la eficiencia<\/p>\n<p style=\"text-align: left;\">Se redise\u00f1aron m\u00e1s de 10 programas o funciones para hacer que su flujo de trabajo sea m\u00e1s simple y fluido, permitirle trabajar de manera m\u00e1s f\u00e1cil y c\u00f3moda, ayudarlo a obtener resultados de trabajo m\u00e1s confiables.<\/p>\n<p>&nbsp;<\/p>\n<p>&nbsp;<\/p>\n<p>&nbsp;<\/p>\n<p><img loading=\"lazy\" class=\"wp-image-1033 alignleft\" src=\"http:\/\/gemagroup.ec\/wp-content\/uploads\/2022\/01\/618b8f1c6dcc8-1.jpg\" alt=\"\" width=\"405\" height=\"235\" srcset=\"https:\/\/gemaglobe.com\/wp-content\/uploads\/2022\/01\/618b8f1c6dcc8-1.jpg 686w, https:\/\/gemaglobe.com\/wp-content\/uploads\/2022\/01\/618b8f1c6dcc8-1-300x174.jpg 300w, https:\/\/gemaglobe.com\/wp-content\/uploads\/2022\/01\/618b8f1c6dcc8-1-517x300.jpg 517w, https:\/\/gemaglobe.com\/wp-content\/uploads\/2022\/01\/618b8f1c6dcc8-1-600x348.jpg 600w, https:\/\/gemaglobe.com\/wp-content\/uploads\/2022\/01\/618b8f1c6dcc8-1-64x37.jpg 64w\" sizes=\"(max-width: 405px) 100vw, 405px\" \/><\/p>\n<p style=\"text-align: right;\"><strong>Trabaje m\u00e1s seguro y m\u00e1s f\u00e1cil<\/strong><\/p>\n<p style=\"text-align: right;\">Gracias a la tecnolog\u00eda de medici\u00f3n inercial, el K20s permite al usuario realizar un levantamiento de inclinaci\u00f3n con un \u00e1ngulo de inclinaci\u00f3n m\u00e1ximo de 60\u00b0. El centrado no es obligatorio, por lo que los top\u00f3grafos pueden permanecer en una posici\u00f3n segura cuando miden en la autopista y no necesitan meterse en el agua.<\/p>\n<p style=\"text-align: right;\">V\u00eddeo: https:\/\/www.youtube.com\/watch?v=Gks7XV7HRrc<\/p>\n<p>&nbsp;<\/p>\n<p style=\"text-align: left;\"><strong>R\u00e1pido y preciso<\/strong><\/p>\n<p><img loading=\"lazy\" class=\"wp-image-1034 alignright\" src=\"http:\/\/gemagroup.ec\/wp-content\/uploads\/2022\/01\/5e4b82c4c8c9e-2.jpg\" alt=\"\" width=\"389\" height=\"234\" srcset=\"https:\/\/gemaglobe.com\/wp-content\/uploads\/2022\/01\/5e4b82c4c8c9e-2.jpg 661w, https:\/\/gemaglobe.com\/wp-content\/uploads\/2022\/01\/5e4b82c4c8c9e-2-300x181.jpg 300w, https:\/\/gemaglobe.com\/wp-content\/uploads\/2022\/01\/5e4b82c4c8c9e-2-498x300.jpg 498w, https:\/\/gemaglobe.com\/wp-content\/uploads\/2022\/01\/5e4b82c4c8c9e-2-600x361.jpg 600w, https:\/\/gemaglobe.com\/wp-content\/uploads\/2022\/01\/5e4b82c4c8c9e-2-64x39.jpg 64w\" sizes=\"(max-width: 389px) 100vw, 389px\" \/><\/p>\n<p style=\"text-align: left;\">A diferencia del sensor de inclinaci\u00f3n, la unidad de medici\u00f3n inercial ya no se ve afectada por el campo magn\u00e9tico terrestre y no requiere correcci\u00f3n. Puede activarse y comenzar a funcionar en solo unos segundos, este posicionamiento r\u00e1pido aumentar\u00e1 la velocidad de medici\u00f3n en m\u00e1s del 30%.<\/p>\n<p style=\"text-align: left;\">El algoritmo combinado de IMU + GNSS puede obtener una soluci\u00f3n fija m\u00e1s r\u00e1pido y mantener los resultados de medici\u00f3n m\u00e1s estables, la precisi\u00f3n es de hasta 2 cm.<\/p>\n<p style=\"text-align: left;\">V\u00eddeo: https:\/\/www.youtube.com\/watch?v=BK4v0KHTmNc<\/p>\n<p>&nbsp;<\/p>\n<p><img loading=\"lazy\" class=\"wp-image-1035 alignleft\" src=\"http:\/\/gemagroup.ec\/wp-content\/uploads\/2022\/01\/5e620a9f7d69b-1.jpg\" alt=\"\" width=\"389\" height=\"226\" srcset=\"https:\/\/gemaglobe.com\/wp-content\/uploads\/2022\/01\/5e620a9f7d69b-1.jpg 686w, https:\/\/gemaglobe.com\/wp-content\/uploads\/2022\/01\/5e620a9f7d69b-1-300x174.jpg 300w, https:\/\/gemaglobe.com\/wp-content\/uploads\/2022\/01\/5e620a9f7d69b-1-517x300.jpg 517w, https:\/\/gemaglobe.com\/wp-content\/uploads\/2022\/01\/5e620a9f7d69b-1-600x348.jpg 600w, https:\/\/gemaglobe.com\/wp-content\/uploads\/2022\/01\/5e620a9f7d69b-1-64x37.jpg 64w\" sizes=\"(max-width: 389px) 100vw, 389px\" \/><\/p>\n<p>&nbsp;<\/p>\n<p style=\"text-align: right;\"><strong>Mide donde otros no pueden<\/strong><\/p>\n<p style=\"text-align: right;\">esquina de la pared? \u00bfPuntos debajo de la tuber\u00eda? \u00bfPuntos ocupados por coche? Estos objetivos ya no son accesibles.<\/p>\n<p>&nbsp;<\/p>\n<p>&nbsp;<\/p>\n<p>&nbsp;<\/p>\n<p>&nbsp;<\/p>\n<p style=\"text-align: left;\"><strong>Enlace de radio de largo alcance<img loading=\"lazy\" class=\"wp-image-1036 alignright\" src=\"http:\/\/gemagroup.ec\/wp-content\/uploads\/2022\/01\/5e67076909477.jpg\" alt=\"\" width=\"398\" height=\"231\" srcset=\"https:\/\/gemaglobe.com\/wp-content\/uploads\/2022\/01\/5e67076909477.jpg 686w, https:\/\/gemaglobe.com\/wp-content\/uploads\/2022\/01\/5e67076909477-300x174.jpg 300w, https:\/\/gemaglobe.com\/wp-content\/uploads\/2022\/01\/5e67076909477-517x300.jpg 517w, https:\/\/gemaglobe.com\/wp-content\/uploads\/2022\/01\/5e67076909477-600x348.jpg 600w, https:\/\/gemaglobe.com\/wp-content\/uploads\/2022\/01\/5e67076909477-64x37.jpg 64w\" sizes=\"(max-width: 398px) 100vw, 398px\" \/><\/strong><\/p>\n<p style=\"text-align: left;\">La radio incorporada SDL400 puede enviar se\u00f1ales hasta 7 km en \u00e1reas urbanas, 8 km en \u00e1reas suburbanas, en buen ambiente 10-12 km. La cobertura m\u00e1xima es de hasta 200 kil\u00f3metros cuadrados, adecuada para que varios rovers funcionen simult\u00e1neamente.<\/p>\n<p style=\"text-align: left;\">V\u00eddeo: https:\/\/youtu.be\/HvJuC9gaFk8<\/p>\n<p>&nbsp;<\/p>\n<p><img loading=\"lazy\" class=\"wp-image-1037 alignleft\" src=\"http:\/\/gemagroup.ec\/wp-content\/uploads\/2022\/01\/5c96f2e8dc3ca-2.jpg\" alt=\"\" width=\"404\" height=\"234\" srcset=\"https:\/\/gemaglobe.com\/wp-content\/uploads\/2022\/01\/5c96f2e8dc3ca-2.jpg 888w, https:\/\/gemaglobe.com\/wp-content\/uploads\/2022\/01\/5c96f2e8dc3ca-2-300x174.jpg 300w, https:\/\/gemaglobe.com\/wp-content\/uploads\/2022\/01\/5c96f2e8dc3ca-2-768x445.jpg 768w, https:\/\/gemaglobe.com\/wp-content\/uploads\/2022\/01\/5c96f2e8dc3ca-2-840x487.jpg 840w, https:\/\/gemaglobe.com\/wp-content\/uploads\/2022\/01\/5c96f2e8dc3ca-2-517x300.jpg 517w, https:\/\/gemaglobe.com\/wp-content\/uploads\/2022\/01\/5c96f2e8dc3ca-2-600x348.jpg 600w, https:\/\/gemaglobe.com\/wp-content\/uploads\/2022\/01\/5c96f2e8dc3ca-2-64x37.jpg 64w\" sizes=\"(max-width: 404px) 100vw, 404px\" \/><\/p>\n<p style=\"text-align: right;\"><strong>Sin barreras<\/strong><\/p>\n<p style=\"text-align: right;\"><strong>Medici\u00f3n<\/strong><\/p>\n<p style=\"text-align: right;\">En un entorno dif\u00edcil, puede perder la conexi\u00f3n con la estaci\u00f3n base o la red VRS. No se decepcione, puede elegir entre 3 modos de trabajo creativos para continuar encuestando sin interrupci\u00f3n. (Repetidor\/ Enrutador\/ Estaci\u00f3n de referencia m\u00f3vil).<\/p>\n<p>&nbsp;<\/p>\n<p>&nbsp;<\/p>\n<p>&nbsp;<\/p>\n<p>&nbsp;<\/p>\n<p style=\"text-align: left;\"><strong>Anti-interferencia<img loading=\"lazy\" class=\"wp-image-1022 alignright\" src=\"http:\/\/gemagroup.ec\/wp-content\/uploads\/2022\/01\/5c91b978bd36c-1.jpg\" alt=\"\" width=\"379\" height=\"239\" srcset=\"https:\/\/gemaglobe.com\/wp-content\/uploads\/2022\/01\/5c91b978bd36c-1.jpg 817w, https:\/\/gemaglobe.com\/wp-content\/uploads\/2022\/01\/5c91b978bd36c-1-300x189.jpg 300w, https:\/\/gemaglobe.com\/wp-content\/uploads\/2022\/01\/5c91b978bd36c-1-768x484.jpg 768w, https:\/\/gemaglobe.com\/wp-content\/uploads\/2022\/01\/5c91b978bd36c-1-793x500.jpg 793w, https:\/\/gemaglobe.com\/wp-content\/uploads\/2022\/01\/5c91b978bd36c-1-476x300.jpg 476w, https:\/\/gemaglobe.com\/wp-content\/uploads\/2022\/01\/5c91b978bd36c-1-600x378.jpg 600w, https:\/\/gemaglobe.com\/wp-content\/uploads\/2022\/01\/5c91b978bd36c-1-64x40.jpg 64w\" sizes=\"(max-width: 379px) 100vw, 379px\" \/><\/strong><\/p>\n<p style=\"text-align: left;\">La radio incorporada SDL400 cuenta con capacidad antiinterferencias, por lo que los K20 pueden funcionar cerca de una planta de energ\u00eda, una subestaci\u00f3n transformadora, una torre de se\u00f1al m\u00f3vil y otras fuentes de interferencia.<\/p>\n<p>&nbsp;<\/p>\n<p>&nbsp;<\/p>\n<p>&nbsp;<\/p>\n<p><img loading=\"lazy\" class=\"wp-image-1023 alignleft\" src=\"http:\/\/gemagroup.ec\/wp-content\/uploads\/2022\/01\/5c91b97c518c3-2.jpg\" alt=\"\" width=\"412\" height=\"260\" srcset=\"https:\/\/gemaglobe.com\/wp-content\/uploads\/2022\/01\/5c91b97c518c3-2.jpg 817w, https:\/\/gemaglobe.com\/wp-content\/uploads\/2022\/01\/5c91b97c518c3-2-300x189.jpg 300w, https:\/\/gemaglobe.com\/wp-content\/uploads\/2022\/01\/5c91b97c518c3-2-768x484.jpg 768w, https:\/\/gemaglobe.com\/wp-content\/uploads\/2022\/01\/5c91b97c518c3-2-793x500.jpg 793w, https:\/\/gemaglobe.com\/wp-content\/uploads\/2022\/01\/5c91b97c518c3-2-476x300.jpg 476w, https:\/\/gemaglobe.com\/wp-content\/uploads\/2022\/01\/5c91b97c518c3-2-600x378.jpg 600w, https:\/\/gemaglobe.com\/wp-content\/uploads\/2022\/01\/5c91b97c518c3-2-64x40.jpg 64w\" sizes=\"(max-width: 412px) 100vw, 412px\" \/><\/p>\n<p>&nbsp;<\/p>\n<p>&nbsp;<\/p>\n<p style=\"text-align: right;\"><strong>Funciones pr\u00e1cticas<\/strong><\/p>\n<p style=\"text-align: right;\">K20s emplea el sistema Linux, ayuda a los top\u00f3grafos a cumplir sus misiones de manera m\u00e1s f\u00e1cil, r\u00e1pida y precisa al brindar una calidad excepcional y caracter\u00edsticas innovadoras.<\/p>\n<p>&nbsp;<\/p>\n<p>&nbsp;<\/p>\n<p><img loading=\"lazy\" class=\"size-large wp-image-1038 aligncenter\" src=\"http:\/\/gemagroup.ec\/wp-content\/uploads\/2022\/01\/Captura-de-pantalla-2022-01-13-a-las-22.10.46-1024x866.png\" alt=\"\" width=\"640\" height=\"541\" srcset=\"https:\/\/gemaglobe.com\/wp-content\/uploads\/2022\/01\/Captura-de-pantalla-2022-01-13-a-las-22.10.46-1024x866.png 1024w, https:\/\/gemaglobe.com\/wp-content\/uploads\/2022\/01\/Captura-de-pantalla-2022-01-13-a-las-22.10.46-300x254.png 300w, https:\/\/gemaglobe.com\/wp-content\/uploads\/2022\/01\/Captura-de-pantalla-2022-01-13-a-las-22.10.46-768x650.png 768w, https:\/\/gemaglobe.com\/wp-content\/uploads\/2022\/01\/Captura-de-pantalla-2022-01-13-a-las-22.10.46-1536x1299.png 1536w, https:\/\/gemaglobe.com\/wp-content\/uploads\/2022\/01\/Captura-de-pantalla-2022-01-13-a-las-22.10.46-591x500.png 591w, https:\/\/gemaglobe.com\/wp-content\/uploads\/2022\/01\/Captura-de-pantalla-2022-01-13-a-las-22.10.46-355x300.png 355w, https:\/\/gemaglobe.com\/wp-content\/uploads\/2022\/01\/Captura-de-pantalla-2022-01-13-a-las-22.10.46-600x508.png 600w, https:\/\/gemaglobe.com\/wp-content\/uploads\/2022\/01\/Captura-de-pantalla-2022-01-13-a-las-22.10.46-64x54.png 64w, https:\/\/gemaglobe.com\/wp-content\/uploads\/2022\/01\/Captura-de-pantalla-2022-01-13-a-las-22.10.46.png 1662w\" sizes=\"(max-width: 640px) 100vw, 640px\" \/><\/p>\n","protected":false},"excerpt":{"rendered":"<ul>\n<li>IMU<\/li>\n<\/ul>\n<p>Tecnolog\u00eda de inspecci\u00f3n con inclinaci\u00f3n de 2 cm\/60\u00b0<\/p>\n<p>xian.jpg<\/p>\n<ul>\n<li>965 canalesTodo el seguimiento de la se\u00f1al de la constelaci\u00f3n<\/li>\n<li>8 kil\u00f3metros<br \/>\nRango de trabajo de radio UHF incorporado t\u00edpico<\/li>\n<li>Innovaciones10 nuevos programas<\/li>\n<\/ul>\n","protected":false},"featured_media":1039,"comment_status":"open","ping_status":"closed","template":"","meta":[],"_links":{"self":[{"href":"https:\/\/gemaglobe.com\/index.php\/wp-json\/wp\/v2\/product\/1030"}],"collection":[{"href":"https:\/\/gemaglobe.com\/index.php\/wp-json\/wp\/v2\/product"}],"about":[{"href":"https:\/\/gemaglobe.com\/index.php\/wp-json\/wp\/v2\/types\/product"}],"replies":[{"embeddable":true,"href":"https:\/\/gemaglobe.com\/index.php\/wp-json\/wp\/v2\/comments?post=1030"}],"wp:featuredmedia":[{"embeddable":true,"href":"https:\/\/gemaglobe.com\/index.php\/wp-json\/wp\/v2\/media\/1039"}],"wp:attachment":[{"href":"https:\/\/gemaglobe.com\/index.php\/wp-json\/wp\/v2\/media?parent=1030"}],"curies":[{"name":"wp","href":"https:\/\/api.w.org\/{rel}","templated":true}]}}