{"id":1040,"date":"2022-01-20T18:19:42","date_gmt":"2022-01-20T23:19:42","guid":{"rendered":"https:\/\/gemagroup.ec\/?post_type=product&#038;p=1040"},"modified":"2022-01-20T19:30:47","modified_gmt":"2022-01-21T00:30:47","slug":"droneeco-series","status":"publish","type":"product","link":"https:\/\/gemaglobe.com\/index.php\/product\/droneeco-series\/","title":{"rendered":"DroneEco Series"},"content":{"rendered":"<p><img loading=\"lazy\" class=\"size-full wp-image-1041 aligncenter\" src=\"http:\/\/gemagroup.ec\/wp-content\/uploads\/2022\/01\/6142e7dcbf0c2.png\" alt=\"\" width=\"1000\" height=\"95\" srcset=\"https:\/\/gemaglobe.com\/wp-content\/uploads\/2022\/01\/6142e7dcbf0c2.png 1000w, https:\/\/gemaglobe.com\/wp-content\/uploads\/2022\/01\/6142e7dcbf0c2-300x29.png 300w, https:\/\/gemaglobe.com\/wp-content\/uploads\/2022\/01\/6142e7dcbf0c2-768x73.png 768w, https:\/\/gemaglobe.com\/wp-content\/uploads\/2022\/01\/6142e7dcbf0c2-840x80.png 840w, https:\/\/gemaglobe.com\/wp-content\/uploads\/2022\/01\/6142e7dcbf0c2-600x57.png 600w, https:\/\/gemaglobe.com\/wp-content\/uploads\/2022\/01\/6142e7dcbf0c2-64x6.png 64w\" sizes=\"(max-width: 1000px) 100vw, 1000px\" \/><\/p>\n<p><strong>-Drone (zona a\u00e9rea)<\/strong><\/p>\n<p><img loading=\"lazy\" class=\"wp-image-1043 alignleft\" src=\"http:\/\/gemagroup.ec\/wp-content\/uploads\/2022\/01\/Captura-de-pantalla-2022-01-20-a-las-17.50.56.png\" alt=\"\" width=\"35\" height=\"245\" srcset=\"https:\/\/gemaglobe.com\/wp-content\/uploads\/2022\/01\/Captura-de-pantalla-2022-01-20-a-las-17.50.56.png 132w, https:\/\/gemaglobe.com\/wp-content\/uploads\/2022\/01\/Captura-de-pantalla-2022-01-20-a-las-17.50.56-43x300.png 43w, https:\/\/gemaglobe.com\/wp-content\/uploads\/2022\/01\/Captura-de-pantalla-2022-01-20-a-las-17.50.56-64x446.png 64w\" sizes=\"(max-width: 35px) 100vw, 35px\" \/><\/p>\n<p>Avi\u00f3n altamente integrado, sin montaje y listo para usar despu\u00e9s de desembalar<\/p>\n<p>Georreferenciaci\u00f3n directa con datos POS precisos entregados por RTK\/PPK a\u00e9reo<\/p>\n<p>Radar de ondas milim\u00e9tricas que proporciona evitaci\u00f3n inteligente de obst\u00e1culos contra la seguridad del vuelo.<\/p>\n<p>Una unidad liviana pero eficiente que disfruta de una resistencia mucho m\u00e1s prolongada<\/p>\n<p>Una variedad de opciones de carga \u00fatil disponibles para diversas necesidades<\/p>\n<p>Aterrizaje preciso optimizado controlado por l\u00e1ser descendente<\/p>\n<p>&nbsp;<\/p>\n<p style=\"text-align: right;\"><strong>-Fly2Map Pilot (software de estaci\u00f3n terrestre)<\/strong><\/p>\n<div class=\"page\" title=\"Page 2\">\n<div class=\"section\">\n<div class=\"layoutArea\">\n<div class=\"column\">\n<p style=\"text-align: right;\">Display interface integrated with remote controller, no tablet or laptop required for ground control<img loading=\"lazy\" class=\"wp-image-1044 alignright\" src=\"http:\/\/gemagroup.ec\/wp-content\/uploads\/2022\/01\/Captura-de-pantalla-2022-01-20-a-las-18.01.52-119x1024.png\" alt=\"\" width=\"37\" height=\"319\" srcset=\"https:\/\/gemaglobe.com\/wp-content\/uploads\/2022\/01\/Captura-de-pantalla-2022-01-20-a-las-18.01.52-119x1024.png 119w, https:\/\/gemaglobe.com\/wp-content\/uploads\/2022\/01\/Captura-de-pantalla-2022-01-20-a-las-18.01.52-58x500.png 58w, https:\/\/gemaglobe.com\/wp-content\/uploads\/2022\/01\/Captura-de-pantalla-2022-01-20-a-las-18.01.52-64x553.png 64w, https:\/\/gemaglobe.com\/wp-content\/uploads\/2022\/01\/Captura-de-pantalla-2022-01-20-a-las-18.01.52.png 122w\" sizes=\"(max-width: 37px) 100vw, 37px\" \/><\/p>\n<\/div>\n<\/div>\n<\/div>\n<\/div>\n<p style=\"text-align: right;\">Planes de vuelo orientados a la topograf\u00eda hechos espec\u00edficamente para el mapeo a\u00e9reo profesional.<\/p>\n<p style=\"text-align: right;\">Lista de verificaci\u00f3n previa al vuelo obligatoria que garantiza que no se use indebidamente.<\/p>\n<p style=\"text-align: right;\">Comando de regreso a casa de una tecla en caso de emergencia<\/p>\n<p style=\"text-align: right;\">Funci\u00f3n de regreso autom\u00e1tico a casa habilitada por condiciones desafiantes<\/p>\n<p style=\"text-align: right;\">Opci\u00f3n de seguimiento del terreno lista para terrenos accidentados<\/p>\n<p style=\"text-align: right;\">Es posible comenzar con el \u00faltimo punto de ruta para continuar la misi\u00f3n<\/p>\n<p style=\"text-align: right;\">Barra de progreso que ilustra v\u00edvidamente la duraci\u00f3n del vuelo y el porcentaje de bater\u00eda<\/p>\n<p>&nbsp;<\/p>\n","protected":false},"excerpt":{"rendered":"<p><strong>ESPECIFICACIONES:<\/strong><\/p>\n<ul>\n<li>3.2 | 5,15 kg Compacto y ligero<\/li>\n<li>40-80 minutos Tiempo de vuelo<\/li>\n<li>m\u00e1x. 12 m\/s<br \/>\nRapidez y Eficiencia<\/li>\n<li>RTK | PPK M\u00f3dulo de Posicionamiento<\/li>\n<\/ul>\n","protected":false},"featured_media":1045,"comment_status":"open","ping_status":"closed","template":"","meta":[],"_links":{"self":[{"href":"https:\/\/gemaglobe.com\/index.php\/wp-json\/wp\/v2\/product\/1040"}],"collection":[{"href":"https:\/\/gemaglobe.com\/index.php\/wp-json\/wp\/v2\/product"}],"about":[{"href":"https:\/\/gemaglobe.com\/index.php\/wp-json\/wp\/v2\/types\/product"}],"replies":[{"embeddable":true,"href":"https:\/\/gemaglobe.com\/index.php\/wp-json\/wp\/v2\/comments?post=1040"}],"wp:featuredmedia":[{"embeddable":true,"href":"https:\/\/gemaglobe.com\/index.php\/wp-json\/wp\/v2\/media\/1045"}],"wp:attachment":[{"href":"https:\/\/gemaglobe.com\/index.php\/wp-json\/wp\/v2\/media?parent=1040"}],"curies":[{"name":"wp","href":"https:\/\/api.w.org\/{rel}","templated":true}]}}