{"id":1048,"date":"2022-01-20T19:30:01","date_gmt":"2022-01-21T00:30:01","guid":{"rendered":"https:\/\/gemagroup.ec\/?post_type=product&#038;p=1048"},"modified":"2022-01-20T19:30:01","modified_gmt":"2022-01-21T00:30:01","slug":"martillo-de-schmidt-esclerometro-digital-tem-912","status":"publish","type":"product","link":"https:\/\/gemaglobe.com\/index.php\/product\/martillo-de-schmidt-esclerometro-digital-tem-912\/","title":{"rendered":"Martillo De Schmidt \u2013 Escler\u00f3metro (DIGITAL) TEM-912"},"content":{"rendered":"<p style=\"text-align: center;\">TEM 912 es un dispositivo para medir las propiedades el\u00e1sticas o resistencia del hormig\u00f3n, principalmente la dureza superficial. El martillo de prueba digital TEM 912 registra, guarda, calcula y procesa datos autom\u00e1ticamente. Registra autom\u00e1ticamente el valor de rebote, la entrada de DM (profundidad de carbonataci\u00f3n) y el c\u00e1lculo de la resistencia del componente.<\/p>\n<p><img loading=\"lazy\" class=\"size-large wp-image-1056 aligncenter\" src=\"http:\/\/gemagroup.ec\/wp-content\/uploads\/2022\/01\/Captura-de-pantalla-2022-01-20-a-las-19.21.31-1024x574.png\" alt=\"\" width=\"640\" height=\"359\" srcset=\"https:\/\/gemaglobe.com\/wp-content\/uploads\/2022\/01\/Captura-de-pantalla-2022-01-20-a-las-19.21.31-1024x574.png 1024w, https:\/\/gemaglobe.com\/wp-content\/uploads\/2022\/01\/Captura-de-pantalla-2022-01-20-a-las-19.21.31-300x168.png 300w, https:\/\/gemaglobe.com\/wp-content\/uploads\/2022\/01\/Captura-de-pantalla-2022-01-20-a-las-19.21.31-768x431.png 768w, https:\/\/gemaglobe.com\/wp-content\/uploads\/2022\/01\/Captura-de-pantalla-2022-01-20-a-las-19.21.31-840x471.png 840w, https:\/\/gemaglobe.com\/wp-content\/uploads\/2022\/01\/Captura-de-pantalla-2022-01-20-a-las-19.21.31-535x300.png 535w, https:\/\/gemaglobe.com\/wp-content\/uploads\/2022\/01\/Captura-de-pantalla-2022-01-20-a-las-19.21.31-600x336.png 600w, https:\/\/gemaglobe.com\/wp-content\/uploads\/2022\/01\/Captura-de-pantalla-2022-01-20-a-las-19.21.31-64x36.png 64w, https:\/\/gemaglobe.com\/wp-content\/uploads\/2022\/01\/Captura-de-pantalla-2022-01-20-a-las-19.21.31.png 1302w\" sizes=\"(max-width: 640px) 100vw, 640px\" \/><\/p>\n<p>&nbsp;<\/p>\n","protected":false},"excerpt":{"rendered":"<p><strong>Especificaci\u00f3n:<\/strong><\/p>\n<ul>\n<li>Piezas digitales<\/li>\n<li>Pantalla de 2,0 pulgadas (220 \u00d7 176 p\u00edxeles)<\/li>\n<li>Idioma Versi\u00f3n en ingl\u00e9s<\/li>\n<li>cable de salida<\/li>\n<li>Capacidad de almacenamiento 2000 uds, 640 mil datos<\/li>\n<li>Apagar Apagado autom\u00e1tico sin operaci\u00f3n<\/li>\n<li>Fuente de alimentaci\u00f3n Bater\u00eda de litio de 3,7 V, 1050 mA<\/li>\n<li>Puerto USB<\/li>\n<li>Modo de colecci\u00f3n Pantalla autom\u00e1tica y registro dara<\/li>\n<li>Tama\u00f1o (mm) 150\u00d762\u00d739<\/li>\n<li>Peso (kg) 0,1 kg (incluida la bater\u00eda)<\/li>\n<\/ul>\n","protected":false},"featured_media":1057,"comment_status":"open","ping_status":"closed","template":"","meta":[],"_links":{"self":[{"href":"https:\/\/gemaglobe.com\/index.php\/wp-json\/wp\/v2\/product\/1048"}],"collection":[{"href":"https:\/\/gemaglobe.com\/index.php\/wp-json\/wp\/v2\/product"}],"about":[{"href":"https:\/\/gemaglobe.com\/index.php\/wp-json\/wp\/v2\/types\/product"}],"replies":[{"embeddable":true,"href":"https:\/\/gemaglobe.com\/index.php\/wp-json\/wp\/v2\/comments?post=1048"}],"wp:featuredmedia":[{"embeddable":true,"href":"https:\/\/gemaglobe.com\/index.php\/wp-json\/wp\/v2\/media\/1057"}],"wp:attachment":[{"href":"https:\/\/gemaglobe.com\/index.php\/wp-json\/wp\/v2\/media?parent=1048"}],"curies":[{"name":"wp","href":"https:\/\/api.w.org\/{rel}","templated":true}]}}