{"id":1061,"date":"2022-01-20T19:50:22","date_gmt":"2022-01-21T00:50:22","guid":{"rendered":"https:\/\/gemagroup.ec\/?post_type=product&#038;p=1061"},"modified":"2022-01-20T19:51:46","modified_gmt":"2022-01-21T00:51:46","slug":"martillo-de-schmidt-esclerometro-digital-impresora-tem-91","status":"publish","type":"product","link":"https:\/\/gemaglobe.com\/index.php\/product\/martillo-de-schmidt-esclerometro-digital-impresora-tem-91\/","title":{"rendered":"Martillo De Schmidt \u2013 Escler\u00f3metro (DIGITAL, IMPRESORA) TEM-91"},"content":{"rendered":"<p style=\"text-align: center;\">El TEM 91 es un dispositivo para medir las propiedades el\u00e1sticas o la resistencia del hormig\u00f3n, principalmente la dureza superficial. Registra autom\u00e1ticamente el valor de rebote, la entrada de DM (profundidad de carbonataci\u00f3n) y el c\u00e1lculo de la fuerza del componente. (La versi\u00f3n actualizada tiene WIFI, Bluetooth, Impresora)<\/p>\n<p><img loading=\"lazy\" class=\"size-large wp-image-1062 aligncenter\" src=\"http:\/\/gemagroup.ec\/wp-content\/uploads\/2022\/01\/Captura-de-pantalla-2022-01-20-a-las-19.38.11-1024x706.png\" alt=\"\" width=\"640\" height=\"441\" srcset=\"https:\/\/gemaglobe.com\/wp-content\/uploads\/2022\/01\/Captura-de-pantalla-2022-01-20-a-las-19.38.11-1024x706.png 1024w, https:\/\/gemaglobe.com\/wp-content\/uploads\/2022\/01\/Captura-de-pantalla-2022-01-20-a-las-19.38.11-300x207.png 300w, https:\/\/gemaglobe.com\/wp-content\/uploads\/2022\/01\/Captura-de-pantalla-2022-01-20-a-las-19.38.11-768x529.png 768w, https:\/\/gemaglobe.com\/wp-content\/uploads\/2022\/01\/Captura-de-pantalla-2022-01-20-a-las-19.38.11-725x500.png 725w, https:\/\/gemaglobe.com\/wp-content\/uploads\/2022\/01\/Captura-de-pantalla-2022-01-20-a-las-19.38.11-435x300.png 435w, https:\/\/gemaglobe.com\/wp-content\/uploads\/2022\/01\/Captura-de-pantalla-2022-01-20-a-las-19.38.11-600x414.png 600w, https:\/\/gemaglobe.com\/wp-content\/uploads\/2022\/01\/Captura-de-pantalla-2022-01-20-a-las-19.38.11-64x44.png 64w, https:\/\/gemaglobe.com\/wp-content\/uploads\/2022\/01\/Captura-de-pantalla-2022-01-20-a-las-19.38.11.png 1410w\" sizes=\"(max-width: 640px) 100vw, 640px\" \/><\/p>\n<p>&nbsp;<\/p>\n<p>&nbsp;<\/p>\n<p>&nbsp;<\/p>\n","protected":false},"excerpt":{"rendered":"<p><strong>Especificaciones:<\/strong><\/p>\n<ul>\n<li><em><strong>Piezas digitales<\/strong><\/em><br \/>\n-Monitor<br \/>\n2,0 pulgadas (220 \u00d7 176 p\u00edxeles)<br \/>\n-Idioma<br \/>\nVersi\u00f3n inglesa<br \/>\n-Producci\u00f3n<br \/>\nCable (la versi\u00f3n de actualizaci\u00f3n tiene WIFI, Bluetooth)<br \/>\n-Capacidad de almacenamiento<br \/>\n2000 piezas, 640 mil datos<br \/>\n-Apagar<br \/>\nApagado autom\u00e1tico sin operaci\u00f3n<br \/>\n-Fuente de alimentaci\u00f3n<br \/>\nBater\u00eda de litio de 3,7 V, 1050 mA<br \/>\n-Puerto<br \/>\nUSB (tipo de actualizaci\u00f3n Bluetooth y WIFI).<br \/>\n-Modo de colecci\u00f3n<br \/>\nVisualizaci\u00f3n autom\u00e1tica y registro dara<br \/>\n-Tama\u00f1o (mm)<br \/>\n150\u00d762\u00d739<br \/>\n-Peso (kilogramos)<br \/>\n0,1 kg (incluida la bater\u00eda)<\/li>\n<li><em><strong>Martillo Schmidt<br \/>\n<\/strong><\/em>-Energ\u00eda de impacto est\u00e1ndar<br \/>\n2.207J<br \/>\n-Rigidez del resorte de tensi\u00f3n<br \/>\n7,85 N\/m<\/li>\n<\/ul>\n","protected":false},"featured_media":1063,"comment_status":"open","ping_status":"closed","template":"","meta":[],"_links":{"self":[{"href":"https:\/\/gemaglobe.com\/index.php\/wp-json\/wp\/v2\/product\/1061"}],"collection":[{"href":"https:\/\/gemaglobe.com\/index.php\/wp-json\/wp\/v2\/product"}],"about":[{"href":"https:\/\/gemaglobe.com\/index.php\/wp-json\/wp\/v2\/types\/product"}],"replies":[{"embeddable":true,"href":"https:\/\/gemaglobe.com\/index.php\/wp-json\/wp\/v2\/comments?post=1061"}],"wp:featuredmedia":[{"embeddable":true,"href":"https:\/\/gemaglobe.com\/index.php\/wp-json\/wp\/v2\/media\/1063"}],"wp:attachment":[{"href":"https:\/\/gemaglobe.com\/index.php\/wp-json\/wp\/v2\/media?parent=1061"}],"curies":[{"name":"wp","href":"https:\/\/api.w.org\/{rel}","templated":true}]}}