{"id":1065,"date":"2022-01-20T20:11:45","date_gmt":"2022-01-21T01:11:45","guid":{"rendered":"https:\/\/gemagroup.ec\/?post_type=product&#038;p=1065"},"modified":"2022-01-20T20:11:45","modified_gmt":"2022-01-21T01:11:45","slug":"martillo-de-schmidt-esclerometro-alta-resistencia-ht-450-20110mpa","status":"publish","type":"product","link":"https:\/\/gemaglobe.com\/index.php\/product\/martillo-de-schmidt-esclerometro-alta-resistencia-ht-450-20110mpa\/","title":{"rendered":"Martillo De Schmidt \u2013 Escler\u00f3metro alta resistencia HT-450 20~110Mpa"},"content":{"rendered":"<p style=\"text-align: center;\">Un martillo de prueba golpea, con una cantidad predeterminada de energ\u00eda, un \u00e9mbolo de acero en contacto con una superficie de hormig\u00f3n, y se mide la distancia que rebota el martillo.<\/p>\n<p><img loading=\"lazy\" class=\"size-large wp-image-1067 aligncenter\" src=\"http:\/\/gemagroup.ec\/wp-content\/uploads\/2022\/01\/Captura-de-pantalla-2022-01-20-a-las-20.05.18-901x1024.png\" alt=\"\" width=\"640\" height=\"727\" srcset=\"https:\/\/gemaglobe.com\/wp-content\/uploads\/2022\/01\/Captura-de-pantalla-2022-01-20-a-las-20.05.18-901x1024.png 901w, https:\/\/gemaglobe.com\/wp-content\/uploads\/2022\/01\/Captura-de-pantalla-2022-01-20-a-las-20.05.18-264x300.png 264w, https:\/\/gemaglobe.com\/wp-content\/uploads\/2022\/01\/Captura-de-pantalla-2022-01-20-a-las-20.05.18-768x873.png 768w, https:\/\/gemaglobe.com\/wp-content\/uploads\/2022\/01\/Captura-de-pantalla-2022-01-20-a-las-20.05.18-440x500.png 440w, https:\/\/gemaglobe.com\/wp-content\/uploads\/2022\/01\/Captura-de-pantalla-2022-01-20-a-las-20.05.18-600x682.png 600w, https:\/\/gemaglobe.com\/wp-content\/uploads\/2022\/01\/Captura-de-pantalla-2022-01-20-a-las-20.05.18-64x73.png 64w, https:\/\/gemaglobe.com\/wp-content\/uploads\/2022\/01\/Captura-de-pantalla-2022-01-20-a-las-20.05.18.png 920w\" sizes=\"(max-width: 640px) 100vw, 640px\" \/><\/p>\n<p style=\"text-align: center;\">Junto con el desarrollo de la construcci\u00f3n, los edificios altos, los rascacielos se vuelven cada vez m\u00e1s, la aplicaci\u00f3n de concreto de alta resistencia tambi\u00e9n se vuelve m\u00e1s popular en el futuro, lo que requiere un martillo de prueba especial para probar el concreto de alta resistencia. El martillo de prueba HT-450 se desarroll\u00f3 a partir del HT-225, se usa para probar concreto de alta resistencia y el rango de prueba es de 20 ~ 110 Mpa.<\/p>\n","protected":false},"excerpt":{"rendered":"<p><strong>Especificaciones:<\/strong><\/p>\n<ul>\n<li>Rango de prueba 20~110 Mpa<\/li>\n<li>Energ\u00eda de impacto 4.5J(1kgf.m)<\/li>\n<li>Carrera de impacto 100\u00b10,5 mm<\/li>\n<li>Rigidez del resorte de tensi\u00f3n 900\u00b140N\/m<\/li>\n<li>Valor de calibraci\u00f3n en el yunque de prueba 88\u00b12<\/li>\n<\/ul>\n","protected":false},"featured_media":1066,"comment_status":"open","ping_status":"closed","template":"","meta":[],"_links":{"self":[{"href":"https:\/\/gemaglobe.com\/index.php\/wp-json\/wp\/v2\/product\/1065"}],"collection":[{"href":"https:\/\/gemaglobe.com\/index.php\/wp-json\/wp\/v2\/product"}],"about":[{"href":"https:\/\/gemaglobe.com\/index.php\/wp-json\/wp\/v2\/types\/product"}],"replies":[{"embeddable":true,"href":"https:\/\/gemaglobe.com\/index.php\/wp-json\/wp\/v2\/comments?post=1065"}],"wp:featuredmedia":[{"embeddable":true,"href":"https:\/\/gemaglobe.com\/index.php\/wp-json\/wp\/v2\/media\/1066"}],"wp:attachment":[{"href":"https:\/\/gemaglobe.com\/index.php\/wp-json\/wp\/v2\/media?parent=1065"}],"curies":[{"name":"wp","href":"https:\/\/api.w.org\/{rel}","templated":true}]}}