{"id":1069,"date":"2022-01-20T20:49:05","date_gmt":"2022-01-21T01:49:05","guid":{"rendered":"https:\/\/gemagroup.ec\/?post_type=product&#038;p=1069"},"modified":"2022-01-21T13:45:16","modified_gmt":"2022-01-21T18:45:16","slug":"k58plus","status":"publish","type":"product","link":"https:\/\/gemaglobe.com\/index.php\/product\/k58plus\/","title":{"rendered":"K58 Plus"},"content":{"rendered":"<p><img loading=\"lazy\" class=\" wp-image-1070 alignleft\" src=\"http:\/\/gemagroup.ec\/wp-content\/uploads\/2022\/01\/K58plus-EN-20211228_Pagina_1_20211229162912.jpg\" alt=\"\" width=\"256\" height=\"259\" srcset=\"https:\/\/gemaglobe.com\/wp-content\/uploads\/2022\/01\/K58plus-EN-20211228_Pagina_1_20211229162912.jpg 448w, https:\/\/gemaglobe.com\/wp-content\/uploads\/2022\/01\/K58plus-EN-20211228_Pagina_1_20211229162912-297x300.jpg 297w, https:\/\/gemaglobe.com\/wp-content\/uploads\/2022\/01\/K58plus-EN-20211228_Pagina_1_20211229162912-100x100.jpg 100w, https:\/\/gemaglobe.com\/wp-content\/uploads\/2022\/01\/K58plus-EN-20211228_Pagina_1_20211229162912-64x65.jpg 64w\" sizes=\"(max-width: 256px) 100vw, 256px\" \/><\/p>\n<p>&nbsp;<\/p>\n<p><strong>Artesan\u00eda y calidad, el poder de ser lo mejor.<\/strong><\/p>\n<p>Materiales de calidad y caracter\u00edsticas de vanguardia<br \/>\nS\u00famalos, multiplica su poder.<br \/>\nUna nueva y potente radio UHF. Un sensor de medici\u00f3n inercial tan sensible y m\u00e1s preciso. El chip GNSS l\u00edder en el mundo. Durabilidad excepcional. Y un gran salto en la duraci\u00f3n de la bater\u00eda.<\/p>\n<p>K58plus, el poder para ser lo mejor posible.<\/p>\n<p>&nbsp;<\/p>\n<p style=\"text-align: right;\"><strong>Tapa superior y anillo de sello<img loading=\"lazy\" class=\" wp-image-1071 alignright\" src=\"http:\/\/gemagroup.ec\/wp-content\/uploads\/2022\/01\/K58plus-EN-20211228_Pagina_2_20211229163128.jpg\" alt=\"\" width=\"379\" height=\"301\" srcset=\"https:\/\/gemaglobe.com\/wp-content\/uploads\/2022\/01\/K58plus-EN-20211228_Pagina_2_20211229163128.jpg 429w, https:\/\/gemaglobe.com\/wp-content\/uploads\/2022\/01\/K58plus-EN-20211228_Pagina_2_20211229163128-300x238.jpg 300w, https:\/\/gemaglobe.com\/wp-content\/uploads\/2022\/01\/K58plus-EN-20211228_Pagina_2_20211229163128-379x300.jpg 379w, https:\/\/gemaglobe.com\/wp-content\/uploads\/2022\/01\/K58plus-EN-20211228_Pagina_2_20211229163128-64x51.jpg 64w\" sizes=\"(max-width: 379px) 100vw, 379px\" \/><\/strong><\/p>\n<p style=\"text-align: right;\">Larga vida \u00fatil, recepci\u00f3n de se\u00f1al mejorada.<\/p>\n<p style=\"text-align: right;\">La tapa superior de K58 plus est\u00e1 hecha de materiales PBT + PC, lo que proporciona un buen rendimiento de prevenci\u00f3n de incendios y anti-deformaci\u00f3n. La se\u00f1al GNSS se recibir\u00e1 de manera uniforme desde todas las direcciones<\/p>\n<p style=\"text-align: right;\">Se coloca un anillo de sellado de silicona en la parte superior para prolongar la vida \u00fatil. Soporta altas temperaturas, resiste el desgaste y la corrosi\u00f3n. La textura en forma de diamante evita que el receptor se caiga en sus manos.<\/p>\n<p>&nbsp;<\/p>\n<p>&nbsp;<\/p>\n<p><strong><img loading=\"lazy\" class=\" wp-image-1072 alignleft\" src=\"http:\/\/gemagroup.ec\/wp-content\/uploads\/2022\/01\/K58plus-EN-20211228_Pagina_3_20211229163310.jpg\" alt=\"\" width=\"289\" height=\"250\" srcset=\"https:\/\/gemaglobe.com\/wp-content\/uploads\/2022\/01\/K58plus-EN-20211228_Pagina_3_20211229163310.jpg 440w, https:\/\/gemaglobe.com\/wp-content\/uploads\/2022\/01\/K58plus-EN-20211228_Pagina_3_20211229163310-300x258.jpg 300w, https:\/\/gemaglobe.com\/wp-content\/uploads\/2022\/01\/K58plus-EN-20211228_Pagina_3_20211229163310-348x300.jpg 348w, https:\/\/gemaglobe.com\/wp-content\/uploads\/2022\/01\/K58plus-EN-20211228_Pagina_3_20211229163310-64x55.jpg 64w\" sizes=\"(max-width: 289px) 100vw, 289px\" \/><\/strong><\/p>\n<p><strong>Cuerpo externo\u00a0con leds a color<\/strong><\/p>\n<p>La extraordinaria robustez en la que puede confiar.<\/p>\n<p>La robusta carrocer\u00eda est\u00e1 hecha de aleaci\u00f3n de magnesio AZ91D, que ofrece alta resistencia y excelente disipaci\u00f3n del calor. Se ha aplicado un tratamiento superficial de pintura metalizada en la parte inferior del K58plus, para evitar que el receptor se raye, choque o se oxide.<\/p>\n<p>Las luces indicadoras de cuatro colores del K58 plus ofrecen un alto brillo, es f\u00e1cil de identificar tanto de d\u00eda como de noche.<\/p>\n<p>&nbsp;<\/p>\n<p>&nbsp;<\/p>\n<p style=\"text-align: right;\"><img loading=\"lazy\" class=\"wp-image-1073 alignright\" src=\"http:\/\/gemagroup.ec\/wp-content\/uploads\/2022\/01\/K58plus-EN-20211228_Pagina_4_20211229163751.jpg\" alt=\"\" width=\"389\" height=\"277\" srcset=\"https:\/\/gemaglobe.com\/wp-content\/uploads\/2022\/01\/K58plus-EN-20211228_Pagina_4_20211229163751.jpg 473w, https:\/\/gemaglobe.com\/wp-content\/uploads\/2022\/01\/K58plus-EN-20211228_Pagina_4_20211229163751-300x213.jpg 300w, https:\/\/gemaglobe.com\/wp-content\/uploads\/2022\/01\/K58plus-EN-20211228_Pagina_4_20211229163751-422x300.jpg 422w, https:\/\/gemaglobe.com\/wp-content\/uploads\/2022\/01\/K58plus-EN-20211228_Pagina_4_20211229163751-64x45.jpg 64w\" sizes=\"(max-width: 389px) 100vw, 389px\" \/><\/p>\n<p style=\"text-align: right;\"><strong>Sistema de energ\u00eda en el que puede confiar<\/strong><\/p>\n<p style=\"text-align: right;\">Safe-lock, Hot Swap, hasta 20 horas de trabajo.<\/p>\n<p style=\"text-align: right;\">El consumo de energ\u00eda de K58 plus quiz\u00e1s sea el menor de su clase. Dos bater\u00edas pueden proporcionar hasta 20 horas de tiempo de trabajo cuando funciona como m\u00f3vil. K58 plus tambi\u00e9n se puede recargar con una fuente de alimentaci\u00f3n externa a trav\u00e9s del puerto Tipo-C. Se ha dise\u00f1ado un compartimento de bater\u00eda reforzado para K58 plus, cada compartimento tiene una puerta de cierre con bisagras con interruptor giratorio, que evita totalmente la &#8220;ca\u00edda&#8221;.<\/p>\n<p>&nbsp;<\/p>\n<p><img loading=\"lazy\" class=\"wp-image-1074 alignleft\" src=\"http:\/\/gemagroup.ec\/wp-content\/uploads\/2022\/01\/K58plus-EN-20211228_Pagina_5_20211229164636.jpg\" alt=\"\" width=\"387\" height=\"310\" srcset=\"https:\/\/gemaglobe.com\/wp-content\/uploads\/2022\/01\/K58plus-EN-20211228_Pagina_5_20211229164636.jpg 500w, https:\/\/gemaglobe.com\/wp-content\/uploads\/2022\/01\/K58plus-EN-20211228_Pagina_5_20211229164636-300x241.jpg 300w, https:\/\/gemaglobe.com\/wp-content\/uploads\/2022\/01\/K58plus-EN-20211228_Pagina_5_20211229164636-374x300.jpg 374w, https:\/\/gemaglobe.com\/wp-content\/uploads\/2022\/01\/K58plus-EN-20211228_Pagina_5_20211229164636-64x51.jpg 64w\" sizes=\"(max-width: 387px) 100vw, 387px\" \/><\/p>\n<p style=\"text-align: left;\"><strong>Lo \u00fanico que cambi\u00f3 es todo<\/strong>.<\/p>\n<p style=\"text-align: left;\">965 canales.<\/p>\n<p style=\"text-align: left;\">Capturar sat\u00e9lites tantos como sea posible<\/p>\n<p style=\"text-align: left;\">En un per\u00edodo de tiempo, algunos sat\u00e9lites GNSS desaparecen del horizonte y aparecen nuevos sat\u00e9lites. Cuanto mayor sea el n\u00famero de sat\u00e9lites que rastrea un receptor GNSS a la vez, mayor precisi\u00f3n puede calcular el GNSS. Para capturar r\u00e1pidamente los nuevos sat\u00e9lites que aparecen en el cielo, el receptor GNSS debe reservar una gran cantidad de canales.<\/p>\n<p style=\"text-align: left;\">K58plus es capaz de rastrear la se\u00f1al de 5 constelaciones de sat\u00e9lites (GPS, Glonass, Beidou, Galileo, QZSS), procesar se\u00f1ales de hasta 16 frecuencias. En comparaci\u00f3n con el RTK GNSS tradicional, la precisi\u00f3n de K58plus es mayor, obtenga una soluci\u00f3n fija m\u00e1s r\u00e1pido, el rendimiento de trabajo en el bosque y el centro de la ciudad es mejor.<\/p>\n<p>&nbsp;<\/p>\n<p>&nbsp;<\/p>\n<p style=\"text-align: right;\"><strong>Transmitir datos masivos Peque\u00f1o consumo de energ\u00eda<img loading=\"lazy\" class=\" wp-image-1075 alignright\" src=\"http:\/\/gemagroup.ec\/wp-content\/uploads\/2022\/01\/K58plus-EN-20211228_Pagina_6_20211229164807.jpg\" alt=\"\" width=\"397\" height=\"282\" srcset=\"https:\/\/gemaglobe.com\/wp-content\/uploads\/2022\/01\/K58plus-EN-20211228_Pagina_6_20211229164807.jpg 474w, https:\/\/gemaglobe.com\/wp-content\/uploads\/2022\/01\/K58plus-EN-20211228_Pagina_6_20211229164807-300x213.jpg 300w, https:\/\/gemaglobe.com\/wp-content\/uploads\/2022\/01\/K58plus-EN-20211228_Pagina_6_20211229164807-423x300.jpg 423w, https:\/\/gemaglobe.com\/wp-content\/uploads\/2022\/01\/K58plus-EN-20211228_Pagina_6_20211229164807-64x45.jpg 64w\" sizes=\"(max-width: 397px) 100vw, 397px\" \/><\/strong><\/p>\n<p style=\"text-align: right;\">Cuando el receptor GNSS est\u00e1 usando la se\u00f1al de un mayor n\u00famero de sat\u00e9lites, la cantidad de datos para enviar y recibir por radio UHF aument\u00f3 enormemente. El protocolo de radio tradicional no puede satisfacer la demanda. La tecnolog\u00eda Farlink est\u00e1 desarrollada para enviar una gran cantidad de datos y evitar la p\u00e9rdida de datos.<\/p>\n<p style=\"text-align: right;\">La tecnolog\u00eda Farlink mejora la sensibilidad de captura de se\u00f1al de -110db a -117db, por lo que K58plus puede captar la se\u00f1al muy d\u00e9bil de una estaci\u00f3n base lejana.<\/p>\n<p style=\"text-align: left;\"><img loading=\"lazy\" class=\"wp-image-1076 alignleft\" src=\"http:\/\/gemagroup.ec\/wp-content\/uploads\/2022\/01\/K58plus-EN-20211228_Pagina_7_20211229164942.jpg\" alt=\"\" width=\"275\" height=\"224\" srcset=\"https:\/\/gemaglobe.com\/wp-content\/uploads\/2022\/01\/K58plus-EN-20211228_Pagina_7_20211229164942.jpg 439w, https:\/\/gemaglobe.com\/wp-content\/uploads\/2022\/01\/K58plus-EN-20211228_Pagina_7_20211229164942-300x244.jpg 300w, https:\/\/gemaglobe.com\/wp-content\/uploads\/2022\/01\/K58plus-EN-20211228_Pagina_7_20211229164942-369x300.jpg 369w, https:\/\/gemaglobe.com\/wp-content\/uploads\/2022\/01\/K58plus-EN-20211228_Pagina_7_20211229164942-64x52.jpg 64w\" sizes=\"(max-width: 275px) 100vw, 275px\" \/><\/p>\n<p>&nbsp;<\/p>\n<p style=\"text-align: left;\"><strong>IMU de tercera generaci\u00f3n<\/strong><\/p>\n<p style=\"text-align: left;\">Inicializaci\u00f3n m\u00e1s r\u00e1pida Salida de datos m\u00e1s precisa<\/p>\n<p style=\"text-align: left;\">El sensor de medici\u00f3n inercial de tercera generaci\u00f3n de KOLIDA &#8220;M8&#8221; es capaz de realizar la salida en tiempo real de datos de medici\u00f3n de inclinaci\u00f3n precisos bajo un \u00e1ngulo de inclinaci\u00f3n alto y una actitud din\u00e1mica alta.<br \/>\n\u25aa C\u00e1lculo de alta frecuencia de 200 Hz, velocidad de inicializaci\u00f3n m\u00e1s r\u00e1pida<\/p>\n<p>&nbsp;<\/p>\n<p>&nbsp;<\/p>\n<p>&nbsp;<\/p>\n<p style=\"text-align: right;\"><strong>Correcci\u00f3n de banda L<img loading=\"lazy\" class=\" wp-image-1077 alignright\" src=\"http:\/\/gemagroup.ec\/wp-content\/uploads\/2022\/01\/K58plus-EN-20211228_Pagina_8_20211229165142.jpg\" alt=\"\" width=\"429\" height=\"277\" srcset=\"https:\/\/gemaglobe.com\/wp-content\/uploads\/2022\/01\/K58plus-EN-20211228_Pagina_8_20211229165142.jpg 486w, https:\/\/gemaglobe.com\/wp-content\/uploads\/2022\/01\/K58plus-EN-20211228_Pagina_8_20211229165142-300x194.jpg 300w, https:\/\/gemaglobe.com\/wp-content\/uploads\/2022\/01\/K58plus-EN-20211228_Pagina_8_20211229165142-464x300.jpg 464w, https:\/\/gemaglobe.com\/wp-content\/uploads\/2022\/01\/K58plus-EN-20211228_Pagina_8_20211229165142-64x41.jpg 64w\" sizes=\"(max-width: 429px) 100vw, 429px\" \/><\/strong><\/p>\n<p>&nbsp;<\/p>\n<p style=\"text-align: right;\">Posici\u00f3n de un solo punto hasta 4-10 cm.<\/p>\n<p style=\"text-align: right;\">Gracias al servicio de correcci\u00f3n BDS recientemente desarrollado, K58plus puede recibir la se\u00f1al B2b a trav\u00e9s de la banda L y realizar un posicionamiento de un solo punto con precisi\u00f3n.<\/p>\n<p style=\"text-align: right;\">Es de gran ayuda para los top\u00f3grafos que trabajan en \u00e1reas particularmente dif\u00edciles. Este servicio est\u00e1 disponible en 2022 desde la regi\u00f3n Asia-Pac\u00edfico.<\/p>\n","protected":false},"excerpt":{"rendered":"<p><strong>Especificaciones:<\/strong><\/p>\n<p>Kolida Gnss K58 Plus, Network Rover, 930 canales, Nueva Radio, Farlink Tech con alcance de m\u00e1s de 12km<\/p>\n<ul>\n<li>Kolida Gnss K58Plus. Kolida Gnss K58Plus,<\/li>\n<li>965 canales GNSS, la mejor capacidad de seguimiento de se\u00f1ales en su clase<\/li>\n<li>GPS + GLONASS + BDS + GALILEO + QZSS<\/li>\n<li>Datos de correcci\u00f3n de nivel centim\u00e9trico a trav\u00e9s de la banda L<\/li>\n<li>Radio Farlink de 1 vatio, rango de trabajo de hasta 8-10 km<\/li>\n<li>Medici\u00f3n inercial hasta hasta un \u00e1ngulo de inclinaci\u00f3n de 60 \u00b0 hasta una precisi\u00f3n de 2 cm<\/li>\n<li>Bater\u00eda doble intercambiable en caliente, hasta 20 horas de funcionamiento<\/li>\n<\/ul>\n","protected":false},"featured_media":1078,"comment_status":"open","ping_status":"closed","template":"","meta":[],"_links":{"self":[{"href":"https:\/\/gemaglobe.com\/index.php\/wp-json\/wp\/v2\/product\/1069"}],"collection":[{"href":"https:\/\/gemaglobe.com\/index.php\/wp-json\/wp\/v2\/product"}],"about":[{"href":"https:\/\/gemaglobe.com\/index.php\/wp-json\/wp\/v2\/types\/product"}],"replies":[{"embeddable":true,"href":"https:\/\/gemaglobe.com\/index.php\/wp-json\/wp\/v2\/comments?post=1069"}],"wp:featuredmedia":[{"embeddable":true,"href":"https:\/\/gemaglobe.com\/index.php\/wp-json\/wp\/v2\/media\/1078"}],"wp:attachment":[{"href":"https:\/\/gemaglobe.com\/index.php\/wp-json\/wp\/v2\/media?parent=1069"}],"curies":[{"name":"wp","href":"https:\/\/api.w.org\/{rel}","templated":true}]}}