{"id":1085,"date":"2022-01-27T15:03:20","date_gmt":"2022-01-27T20:03:20","guid":{"rendered":"https:\/\/gemagroup.ec\/?post_type=product&#038;p=1085"},"modified":"2024-05-13T15:31:52","modified_gmt":"2024-05-13T20:31:52","slug":"vibrometro-140-d","status":"publish","type":"product","link":"https:\/\/gemaglobe.com\/index.php\/product\/vibrometro-140-d\/","title":{"rendered":"VIBROMETRO 140-D"},"content":{"rendered":"<ul>\n<li>\n<div>Visualizaci\u00f3n m\u00e1xima de la pantalla LCD es 1999.<\/div>\n<\/li>\n<li>\n<div>Elemento de medici\u00f3n: VEL (velocidad) \/ ACC (aceleraci\u00f3n) \/ DISP (desplazamiento).<\/div>\n<\/li>\n<li>\n<div>Funci\u00f3n: Aceleraci\u00f3n (RMS, PEAK, MAX HOLD, HOLD).<br \/>\nVelocidad (RMS, PICO, M\u00c1X. RETENCI\u00d3N, RETENCI\u00d3N).<br \/>\nDesplazamiento (PP, MAX HOLD PP, HOLD).<\/div>\n<\/li>\n<li>\n<div>Unidad: Aceleraci\u00f3n: m\/s\u00b2, g, ft\/s\u00b2.\u00a0Velocidad: mm\/s, cm\/s, pulgadas\/s.\u00a0Desplazamiento: mm, pulgadas.<\/div>\n<\/li>\n<li>\n<div>Sensor de vibraci\u00f3n con adaptador magn\u00e9tico en cable de 1,2 M (47,2)<\/div>\n<\/li>\n<li>\n<div>Frecuencia Rango bajo: 10 Hz~1 KHz cumple con la medici\u00f3n ISO 2954<br \/>\nRango alto: 10 Hz~5 KHz<\/div>\n<\/li>\n<li>\n<div>Pantalla de sobrecarga: \u201cOL\u201d.<\/div>\n<\/li>\n<li>\n<div>Ajuste de compensaci\u00f3n utilizado para la funci\u00f3n cero<\/div>\n<\/li>\n<li>\n<div>Encendido autom\u00e1tico (15 minutos) y deshabilitar el apagado autom\u00e1tico.<\/div>\n<\/li>\n<li>\n<div>Resoluci\u00f3n: 0,1 m\/s\u00b2, 0,01 g, 1 pie\/s\u00b2, 0,1 mm\/s, 0,01 cm\/s, 0,01 pulgadas\/s, 0,001 mm, 0,001 pulgadas<\/div>\n<\/li>\n<li>\n<div>Cabezal de sonda de alta sensibilidad para una medici\u00f3n precisa.<\/div>\n<\/li>\n<li>\n<div>Proporciona cabeza de sonda larga y corta.<\/div>\n<\/li>\n<li>\n<div>Rango de frecuencia LO: 10Hz-1KHz<\/div>\n<\/li>\n<li>\n<div>Almacena 99 registros manualmente. (ST-140)<\/div>\n<\/li>\n<li>\n<div>Registrador de datos con capacidad de 9999 registros. (ST-140D)<\/div>\n<\/li>\n<li>\n<div>Interfaz USB. (ST-140D)<\/div>\n<\/li>\n<\/ul>\n<p><strong>Especificaciones el\u00e9ctricas<\/strong><\/p>\n<p>Las condiciones ambientales precisas son: 23 \u00b0C \u00b1 3 \u00b0C y HR &lt;80 %<\/p>\n<table border=\"1\" cellspacing=\"1\" cellpadding=\"1\">\n<tbody>\n<tr>\n<td colspan=\"4\">\n<div><strong>Aceleraci\u00f3n (RMS, PICO, RETENCI\u00d3N M\u00c1XIMA) 1 g = 9,81 m\/S\u00b2<\/strong><\/div>\n<\/td>\n<\/tr>\n<tr>\n<td>\n<div>\u00a0Rango<\/div>\n<\/td>\n<td>\n<div>0,5~199,9 m\/S\u00b2<\/div>\n<\/td>\n<td>\n<div>0.05~20.39g<\/div>\n<\/td>\n<td>\n<div>2\u301c656\u00a0\u00a0pies\/\u00a0S\u00b2<\/div>\n<\/td>\n<\/tr>\n<tr>\n<td>\n<div>\u00a0Resoluci\u00f3n<\/div>\n<\/td>\n<td>\n<div>0,1 m\/s\u00b2<\/div>\n<\/td>\n<td>\n<div>0.01g<\/div>\n<\/td>\n<td>\n<div>1 pie\/S\u00b2<\/div>\n<\/td>\n<\/tr>\n<tr>\n<td>\n<div>\u00a0Exactitud<\/div>\n<\/td>\n<td>\n<div>\u00b1\u00a0(5%+5d)<br \/>\n@79.4Hz<br \/>\ny 158Hz<\/div>\n<\/td>\n<td>\n<div>\u00b1\u00a0(5%+5d)<br \/>\n@79.4Hz<br \/>\ny 158Hz<\/div>\n<\/td>\n<td>\n<div>\u00b1\u00a0(5%+5d)<br \/>\n@79.4Hz<br \/>\ny 158Hz<\/div>\n<\/td>\n<\/tr>\n<tr>\n<td>\n<div>\u00a0Punto de calibraci\u00f3n<\/div>\n<\/td>\n<td>\n<div>50m\/S\u00b2<br \/>\n(158Hz)<\/div>\n<\/td>\n<td>\n<div>50m\/S\u00b2<br \/>\n(158Hz)<\/div>\n<\/td>\n<td>\n<div>50m\/S\u00b2<br \/>\n(158Hz)<\/div>\n<\/td>\n<\/tr>\n<tr>\n<td colspan=\"4\">\n<div><strong>Velocidad VEL (RMS, PICO, M\u00c1X. RETENCI\u00d3N)<\/strong><\/div>\n<\/td>\n<\/tr>\n<tr>\n<td>\n<div>\u00a0Rango<\/div>\n<\/td>\n<td>\n<div>0,5~199,9\u00a0mm\/s<\/div>\n<\/td>\n<td>\n<div>0,05~19,99<\/div>\n<div>cm\/segundo<\/div>\n<\/td>\n<td>\n<div>0,02~7,87<\/div>\n<div>pulgada\/s<\/div>\n<\/td>\n<\/tr>\n<tr>\n<td>\n<div>\u00a0Resoluci\u00f3n<\/div>\n<\/td>\n<td>\n<div>0,1 mm\/s<\/div>\n<\/td>\n<td>\n<div>0,01 cm\/segundo<\/div>\n<\/td>\n<td>\n<div>0.01<\/div>\n<div>pulgada\/s<\/div>\n<\/td>\n<\/tr>\n<tr>\n<td>\n<div>\u00a0Exactitud<\/div>\n<\/td>\n<td>\n<div>\u00b1 (5%+5d)<\/div>\n<div>@79.4Hz y 158Hz<\/div>\n<\/td>\n<td>\n<div>\u00b1 (5%+5d)<\/div>\n<div>@79.4Hz y 158Hz<\/div>\n<\/td>\n<td>\n<div>\u00b1 (5%+5d)<\/div>\n<div>@79.4Hz y 158Hz<\/div>\n<\/td>\n<\/tr>\n<tr>\n<td>\n<div>\u00a0Punto de calibraci\u00f3n<\/div>\n<\/td>\n<td>\n<div>50 m\/s<br \/>\n(158 Hz)<\/div>\n<\/td>\n<td>\n<div>50 m\/s<br \/>\n(158 Hz)<\/div>\n<\/td>\n<td>\n<div>50 m\/s<br \/>\n(158 Hz)<\/div>\n<\/td>\n<\/tr>\n<tr>\n<td colspan=\"4\">\n<div><strong>Desplazamiento DISP (PP, M\u00c1X. RETENCI\u00d3N PP)<\/strong><\/div>\n<\/td>\n<\/tr>\n<tr>\n<td>\n<div>Unidad<\/div>\n<\/td>\n<td colspan=\"2\" rowspan=\"1\">\n<div>mil\u00edmetro<\/div>\n<\/td>\n<td>\n<div>pulgada<\/div>\n<\/td>\n<\/tr>\n<tr>\n<td>\n<div>\u00a0Rango<\/div>\n<\/td>\n<td colspan=\"2\" rowspan=\"1\">\n<div>0,005~1,999 mm<\/div>\n<\/td>\n<td>\n<div>0.002~0.078 pulgadas<\/div>\n<\/td>\n<\/tr>\n<tr>\n<td>\n<div>\u00a0Resoluci\u00f3n<\/div>\n<\/td>\n<td colspan=\"2\" rowspan=\"1\">\n<div>0,001 mm<\/div>\n<\/td>\n<td>\n<div>0,001 pulgadas<\/div>\n<\/td>\n<\/tr>\n<tr>\n<td>\n<div>\u00a0grado de error<\/div>\n<\/td>\n<td colspan=\"2\" rowspan=\"1\">\n<div>\u00b1 (5%+5d)\u00a0@79.4Hz<br \/>\ny 158Hz<\/div>\n<\/td>\n<td>\n<div>\u00b1 (5%+5d)\u00a0@79.4Hz<br \/>\ny 158Hz<\/div>\n<\/td>\n<\/tr>\n<tr>\n<td>\n<div>\u00a0Punto de calibraci\u00f3n<\/div>\n<\/td>\n<td colspan=\"2\" rowspan=\"1\">\n<div>0,141 mm<br \/>\n(158 Hz)<\/div>\n<\/td>\n<td>\n<div>0,141 mm<br \/>\n(158 Hz)<\/div>\n<\/td>\n<\/tr>\n<\/tbody>\n<\/table>\n","protected":false},"excerpt":{"rendered":"<p>Caracter\u00edsticas:<\/p>\n<div class=\"productDesc\">\n<ul>\n<li>Rango de medici\u00f3n: 10Hz-5KHz<\/li>\n<li class=\"productDesc\">Cumple con la norma ISO 2954-2012<\/li>\n<\/ul>\n<\/div>\n","protected":false},"featured_media":1086,"comment_status":"open","ping_status":"closed","template":"","meta":[],"_links":{"self":[{"href":"https:\/\/gemaglobe.com\/index.php\/wp-json\/wp\/v2\/product\/1085"}],"collection":[{"href":"https:\/\/gemaglobe.com\/index.php\/wp-json\/wp\/v2\/product"}],"about":[{"href":"https:\/\/gemaglobe.com\/index.php\/wp-json\/wp\/v2\/types\/product"}],"replies":[{"embeddable":true,"href":"https:\/\/gemaglobe.com\/index.php\/wp-json\/wp\/v2\/comments?post=1085"}],"wp:featuredmedia":[{"embeddable":true,"href":"https:\/\/gemaglobe.com\/index.php\/wp-json\/wp\/v2\/media\/1086"}],"wp:attachment":[{"href":"https:\/\/gemaglobe.com\/index.php\/wp-json\/wp\/v2\/media?parent=1085"}],"curies":[{"name":"wp","href":"https:\/\/api.w.org\/{rel}","templated":true}]}}