{"id":1093,"date":"2022-09-26T09:07:15","date_gmt":"2022-09-26T14:07:15","guid":{"rendered":"https:\/\/gemagroup.ec\/?post_type=product&#038;p=1093"},"modified":"2022-09-26T09:07:48","modified_gmt":"2022-09-26T14:07:48","slug":"etrex-32x","status":"publish","type":"product","link":"https:\/\/gemaglobe.com\/index.php\/product\/etrex-32x\/","title":{"rendered":"Etrex 32x"},"content":{"rendered":"<table>\n<tbody>\n<tr class=\"title\">\n<td colspan=\"2\">\n<h3>Caracter\u00edsticas f\u00edsicas y de rendimiento<\/h3>\n<\/td>\n<\/tr>\n<tr>\n<th scope=\"row\">DIMENSIONES DE LA UNIDAD (ANCHO\/ALTO\/PROFUNDIDAD)<\/th>\n<td>5,4 x 10,3 x 3,3\u00a0cm<\/td>\n<\/tr>\n<tr>\n<th scope=\"row\">TAMA\u00d1O DE LA PANTALLA (ANCHO\/ALTO)<\/th>\n<td>3,5\u00a0x\u00a04,4 cm; 5,6 cm en diagonal (2,2\u2033)<\/td>\n<\/tr>\n<tr>\n<th scope=\"row\">RESOLUCI\u00d3N DE PANTALLA (ANCHO\/ALTO)<\/th>\n<td>240 x 320 p\u00edxeles<\/td>\n<\/tr>\n<tr>\n<th scope=\"row\">TIPO DE PANTALLA<\/th>\n<td>TFT transflectiva de 2,2 pulgadas de 65\u00a0000\u00a0colores<\/td>\n<\/tr>\n<tr>\n<th scope=\"row\">PESO<\/th>\n<td>141,7\u00a0g (con pilas)<\/td>\n<\/tr>\n<tr>\n<th scope=\"row\">BATER\u00cdA<\/th>\n<td>2 pilas AA (no incluidas); se recomienda NiMH o litio<\/td>\n<\/tr>\n<tr>\n<th scope=\"row\">AUTONOM\u00cdA DE LA PILA\/BATER\u00cdA<\/th>\n<td>25\u00a0horas<\/td>\n<\/tr>\n<tr>\n<th scope=\"row\"><a href=\"http:\/\/www.garmin.com\/es-ES\/legal\/waterrating\" target=\"_blank\" rel=\"noopener\">CLASIFICACI\u00d3N DE RESISTENCIA AL AGUA<\/a><\/th>\n<td>IPX7<\/td>\n<\/tr>\n<tr>\n<th scope=\"row\">RECEPTOR DE ALTA SENSIBILIDAD<\/th>\n<td class=\"yes\">\u2713<\/td>\n<\/tr>\n<tr>\n<th scope=\"row\">INTERFAZ<\/th>\n<td>mini USB<\/td>\n<\/tr>\n<tr>\n<th scope=\"row\">MEMORIA\/HISTORIAL<\/th>\n<td>8\u00a0GB<\/td>\n<\/tr>\n<\/tbody>\n<\/table>\n<table>\n<tbody>\n<tr class=\"title\">\n<td colspan=\"2\">\n<h3>Mapas y memoria<\/h3>\n<\/td>\n<\/tr>\n<tr>\n<th scope=\"row\">MAPAS PREINSTALADOS<\/th>\n<td>S\u00ed (TopoActive de Europa; con funci\u00f3n de establecimiento de rutas)<\/td>\n<\/tr>\n<tr>\n<th scope=\"row\">POSIBILIDAD DE AGREGAR MAPAS<\/th>\n<td class=\"yes\" style=\"text-align: center;\">\u2713<\/td>\n<\/tr>\n<tr>\n<th scope=\"row\">MAPA BASE<\/th>\n<td class=\"yes\" style=\"text-align: center;\">\u2713<\/td>\n<\/tr>\n<tr>\n<th scope=\"row\">CREACI\u00d3N AUTOM\u00c1TICA DE RUTAS (GIRO A GIRO EN CARRETERA)<\/th>\n<td class=\"yes\" style=\"text-align: center;\">\u2713<\/td>\n<\/tr>\n<tr>\n<th scope=\"row\">SEGMENTOS DEL MAPA<\/th>\n<td>3000<\/td>\n<\/tr>\n<tr>\n<th scope=\"row\">BIRDSEYE<\/th>\n<td>250 BirdsEye Imagery files<\/td>\n<\/tr>\n<tr>\n<th scope=\"row\">INCLUYE ACCIDENTES HIDROGR\u00c1FICOS CON UN ELEVADO NIVEL DE DETALLE (L\u00cdNEAS DE COSTA, L\u00cdNEAS DE COSTA DE LAGOS Y R\u00cdOS, PANTANOS Y ARROYOS PERENNES Y ESTACIONALES)<\/th>\n<td class=\"yes\" style=\"text-align: center;\">\u2713<\/td>\n<\/tr>\n<tr>\n<th scope=\"row\">INCLUYE B\u00daSQUEDAS DE PUNTOS DE INTER\u00c9S (PARQUES, ZONAS DE ACAMPADA, ATALAYAS PINTORESCAS Y ZONAS DE PICNIC)<\/th>\n<td class=\"yes\" style=\"text-align: center;\">\u2713<\/td>\n<\/tr>\n<tr>\n<th scope=\"row\">MUESTRA PARQUES NACIONALES, REGIONALES Y LOCALES, BOSQUES Y PARAJES NATURALES<\/th>\n<td class=\"yes\" style=\"text-align: center;\">\u2713<\/td>\n<\/tr>\n<tr>\n<th scope=\"row\">ALMACENAMIENTO Y CAPACIDAD DE CARGA<\/th>\n<td>Tarjeta microSD<sup>\u2122<\/sup>\u00a0(no incluida)<\/td>\n<\/tr>\n<tr>\n<th scope=\"row\">WAYPOINTS<\/th>\n<td>2000<\/td>\n<\/tr>\n<tr>\n<th scope=\"row\">TRACKS<\/th>\n<td>200<\/td>\n<\/tr>\n<tr>\n<th scope=\"row\">TRACKS<\/th>\n<td>10\u00a0000\u00a0puntos, 200\u00a0tracks guardados<\/td>\n<\/tr>\n<tr>\n<th scope=\"row\">RUTAS<\/th>\n<td>200<\/td>\n<\/tr>\n<\/tbody>\n<\/table>\n<table>\n<tbody>\n<tr class=\"title\">\n<td colspan=\"2\">\n<h3>Sensores<\/h3>\n<\/td>\n<\/tr>\n<tr>\n<th style=\"text-align: center;\" scope=\"row\">GPS<\/th>\n<td class=\"yes\" style=\"text-align: center;\">\u2713<\/td>\n<\/tr>\n<tr>\n<th scope=\"row\">GLONASS<\/th>\n<td class=\"yes\" style=\"text-align: center;\">\u2713<\/td>\n<\/tr>\n<tr>\n<th style=\"text-align: center;\" scope=\"row\">ALT\u00cdMETRO BAROM\u00c9TRICO<\/th>\n<td class=\"yes\" style=\"text-align: center;\">\u2713<\/td>\n<\/tr>\n<tr>\n<th scope=\"row\">BR\u00daJULA<\/th>\n<td>S\u00ed (tres ejes con inclinaci\u00f3n compensada)<\/td>\n<\/tr>\n<tr>\n<th scope=\"row\">BR\u00daJULA GPS (EN MOVIMIENTO)<\/th>\n<td class=\"yes\"><\/td>\n<\/tr>\n<\/tbody>\n<\/table>\n<table>\n<tbody>\n<tr class=\"title\">\n<td colspan=\"2\">\n<h3>Funciones inteligentes diarias<\/h3>\n<\/td>\n<\/tr>\n<tr>\n<th scope=\"row\">MANDO A DISTANCIA PARA VIRB\u00ae<\/th>\n<td class=\"yes\"><\/td>\n<\/tr>\n<\/tbody>\n<\/table>\n<table>\n<tbody>\n<tr class=\"title\">\n<td colspan=\"2\">\n<h3>Funciones de ocio al aire libre<\/h3>\n<\/td>\n<\/tr>\n<tr>\n<th scope=\"row\">NAVEGACI\u00d3N PUNTO A PUNTO<\/th>\n<td class=\"yes\" style=\"text-align: center;\">\u2713<\/td>\n<\/tr>\n<tr>\n<th scope=\"row\">COMPATIBLE CON BASECAMP\u2122<\/th>\n<td class=\"yes\" style=\"text-align: center;\">\u2713<\/td>\n<\/tr>\n<tr>\n<th scope=\"row\">C\u00c1LCULO DE \u00c1REAS<\/th>\n<td class=\"yes\" style=\"text-align: center;\">\u2713<\/td>\n<\/tr>\n<tr>\n<th scope=\"row\">CALENDARIO DE CAZA Y PESCA<\/th>\n<td class=\"yes\" style=\"text-align: center;\">\u2713<\/td>\n<\/tr>\n<tr>\n<th style=\"text-align: center;\" scope=\"row\">INFORMACI\u00d3N ASTRON\u00d3MICA<\/th>\n<td class=\"yes\" style=\"text-align: center;\">\u2713<\/td>\n<\/tr>\n<tr>\n<th scope=\"row\"><a href=\"https:\/\/www.geocaching.com\/\" target=\"_blank\" rel=\"noopener\">MODO GEOCACHING<\/a><\/th>\n<td>S\u00ed (paperless)<\/td>\n<\/tr>\n<tr>\n<th scope=\"row\"><a href=\"https:\/\/support.garmin.com\/es-ES\/?faq=cVuMqGHWaM7wTFWMkPNLN9\">COMPATIBLE CON LOS MAPAS PERSONALIZADOS<\/a><\/th>\n<td>S\u00ed (100 mosaicos de mapa personalizados)<\/td>\n<\/tr>\n<tr>\n<th scope=\"row\">VISOR DE IM\u00c1GENES<\/th>\n<td class=\"yes\" style=\"text-align: center;\">\u2713<\/td>\n<\/tr>\n<\/tbody>\n<\/table>\n<table>\n<tbody>\n<tr class=\"title\">\n<td colspan=\"2\">\n<h3>Conexiones<\/h3>\n<\/td>\n<\/tr>\n<tr>\n<th scope=\"row\">CONECTIVIDAD INAL\u00c1MBRICA<\/th>\n<td>yes (ANT+\u00ae)<\/td>\n<\/tr>\n<\/tbody>\n<\/table>\n<table>\n<tbody>\n<tr class=\"title\">\n<td colspan=\"2\">\n<h3>Adicional<\/h3>\n<\/td>\n<\/tr>\n<tr>\n<th scope=\"row\">CARACTER\u00cdSTICAS ADICIONALES<\/th>\n<td>Conectividad inal\u00e1mbrica: ANT+<\/td>\n<\/tr>\n<\/tbody>\n<\/table>\n","protected":false},"excerpt":{"rendered":"<ul>\n<li>Pantalla en color de 2,2\u2033 legible bajo la luz del sol y con resoluci\u00f3n de 240 x 320 p\u00edxeles para una mejor legibilidad<\/li>\n<li>Compatibilidad con los sistemas por sat\u00e9lite GPS y GLONASS para ofrecer un mejor seguimiento en entornos m\u00e1s remotos (en comparaci\u00f3n con solo usar GPS)<\/li>\n<li>Memoria interna de 8 GB para descargas de mapas y una ranura para tarjeta microSD\u2122<\/li>\n<li>El modelo eTrex 32x incorpora una br\u00fajula de tres ejes y un alt\u00edmetro barom\u00e9trico<\/li>\n<li>Hasta 25 horas de autonom\u00eda en modo GPS con dos pilas AA<\/li>\n<\/ul>\n","protected":false},"featured_media":1094,"comment_status":"open","ping_status":"closed","template":"","meta":[],"_links":{"self":[{"href":"https:\/\/gemaglobe.com\/index.php\/wp-json\/wp\/v2\/product\/1093"}],"collection":[{"href":"https:\/\/gemaglobe.com\/index.php\/wp-json\/wp\/v2\/product"}],"about":[{"href":"https:\/\/gemaglobe.com\/index.php\/wp-json\/wp\/v2\/types\/product"}],"replies":[{"embeddable":true,"href":"https:\/\/gemaglobe.com\/index.php\/wp-json\/wp\/v2\/comments?post=1093"}],"wp:featuredmedia":[{"embeddable":true,"href":"https:\/\/gemaglobe.com\/index.php\/wp-json\/wp\/v2\/media\/1094"}],"wp:attachment":[{"href":"https:\/\/gemaglobe.com\/index.php\/wp-json\/wp\/v2\/media?parent=1093"}],"curies":[{"name":"wp","href":"https:\/\/api.w.org\/{rel}","templated":true}]}}