{"id":175,"date":"2019-06-29T17:48:54","date_gmt":"2019-06-29T15:48:54","guid":{"rendered":"http:\/\/gemagroupecuador.com\/?post_type=product&#038;p=175"},"modified":"2022-03-05T17:55:40","modified_gmt":"2022-03-05T22:55:40","slug":"gps-garmin-64sc","status":"publish","type":"product","link":"https:\/\/gemaglobe.com\/index.php\/product\/gps-garmin-64sc\/","title":{"rendered":"GPS GARMIN 64SC"},"content":{"rendered":"","protected":false},"excerpt":{"rendered":"<h5 class=\"a-spacing-mini\"><span>GPSMAP 64sc<\/span><\/h5>\n<ul>\n<li class=\"a-spacing-mini\"><span>Conectividad inal\u00e1mbrica\u00a0<\/span><\/li>\n<li class=\"a-spacing-mini\"><span class=\"a-list-item\"><span class=\"a-size-base a-color-secondary\"><span>C\u00e1mara Digital de enfoque autom\u00e1tico de 8 megap\u00edxeles con etiquetado autom\u00e1tico<\/span><\/span><\/span><\/li>\n<li class=\"a-spacing-mini\"><span class=\"a-list-item\"><span class=\"a-size-base a-color-secondary\"><span>Receptor GPS y GLONASS de alta sensibilidad con antena de h\u00e9lice cu\u00e1druple<\/span><\/span><\/span><\/li>\n<li class=\"a-spacing-mini\"><span class=\"a-list-item\"><span class=\"a-size-base a-color-secondary\"><span>Br\u00fajula de 3 ejes con alt\u00edmetro barom\u00e9trico<\/span><\/span><\/span><\/li>\n<li class=\"a-spacing-mini\"><span class=\"a-list-item\"><span class=\"a-size-base a-color-secondary\"><span>Conectividad inal\u00e1mbrica mediante tecnolog\u00eda Bluetooth o ANT+<\/span><\/span><\/span><\/li>\n<li class=\"a-spacing-mini\"><span class=\"a-list-item\"><span class=\"a-size-base a-color-secondary\"><span>Pantalla a color de 2,6 &#8220;legible a la luz del sol<\/span><\/span><\/span>\n<div class=\"apm-listbox amp-centerthirdcol-listbox a-box a-color-alternate-background a-spacing-small\">\n<div class=\"a-box-inner\"><\/div>\n<\/div>\n<\/li>\n<\/ul>\n","protected":false},"featured_media":176,"comment_status":"open","ping_status":"closed","template":"","meta":[],"_links":{"self":[{"href":"https:\/\/gemaglobe.com\/index.php\/wp-json\/wp\/v2\/product\/175"}],"collection":[{"href":"https:\/\/gemaglobe.com\/index.php\/wp-json\/wp\/v2\/product"}],"about":[{"href":"https:\/\/gemaglobe.com\/index.php\/wp-json\/wp\/v2\/types\/product"}],"replies":[{"embeddable":true,"href":"https:\/\/gemaglobe.com\/index.php\/wp-json\/wp\/v2\/comments?post=175"}],"wp:featuredmedia":[{"embeddable":true,"href":"https:\/\/gemaglobe.com\/index.php\/wp-json\/wp\/v2\/media\/176"}],"wp:attachment":[{"href":"https:\/\/gemaglobe.com\/index.php\/wp-json\/wp\/v2\/media?parent=175"}],"curies":[{"name":"wp","href":"https:\/\/api.w.org\/{rel}","templated":true}]}}