{"id":202,"date":"2019-07-12T05:07:05","date_gmt":"2019-07-12T03:07:05","guid":{"rendered":"http:\/\/gemagroupecuador.com\/?post_type=product&#038;p=202"},"modified":"2019-08-09T04:48:49","modified_gmt":"2019-08-09T02:48:49","slug":"taladro-para-nucleos","status":"publish","type":"product","link":"https:\/\/gemaglobe.com\/index.php\/product\/taladro-para-nucleos\/","title":{"rendered":"TALADRO  &#8220;D 261-C&#8221;"},"content":{"rendered":"<p>El taladro propulsado a gasolina\u00a0 est\u00e1 dise\u00f1ado para muestras paleomagn\u00e9ticas, geoqu\u00edmicas y otras.<\/p>\n<p style=\"text-align: left;\">Es ligero, confiable y cuenta con un sistema \u00fanico de sujeci\u00f3n de brocas que mantiene las brocas de v\u00e1stago desnudo (sin pinzas) rectas y sin el uso de herramientas.<\/p>\n<p><em><span style=\"color: #333333;\"><strong>PARA MAYOR INFORMACION PUEDE CONTACTARSE CON NOSOTROS<\/strong><\/span><\/em><\/p>\n<p style=\"text-align: left;\">\n","protected":false},"excerpt":{"rendered":"<p>Taladro de excelente calidad en la extracci\u00f3n de <strong>n\u00facleos<\/strong> y aplicaciones de <strong>rescate<\/strong><\/p>\n<ul>\n<li><strong>Peso:<\/strong> 10.6 libras<\/li>\n<li><strong>Dimensiones:<\/strong> 43.18 \u00d7 34.29 \u00d7 27.94 cm<\/li>\n<li><strong>Motor:<\/strong> 50 cc<\/li>\n<li><strong>Di\u00e1metro de tubo de:<\/strong> 2.74 cm a 2.86 cm<\/li>\n<li>Captaci\u00f3n de combustible omnidireccional para funcionar en cualquier \u00e1ngulo.<\/li>\n<\/ul>\n<p>&nbsp;<\/p>\n","protected":false},"featured_media":204,"comment_status":"closed","ping_status":"closed","template":"","meta":[],"_links":{"self":[{"href":"https:\/\/gemaglobe.com\/index.php\/wp-json\/wp\/v2\/product\/202"}],"collection":[{"href":"https:\/\/gemaglobe.com\/index.php\/wp-json\/wp\/v2\/product"}],"about":[{"href":"https:\/\/gemaglobe.com\/index.php\/wp-json\/wp\/v2\/types\/product"}],"replies":[{"embeddable":true,"href":"https:\/\/gemaglobe.com\/index.php\/wp-json\/wp\/v2\/comments?post=202"}],"wp:featuredmedia":[{"embeddable":true,"href":"https:\/\/gemaglobe.com\/index.php\/wp-json\/wp\/v2\/media\/204"}],"wp:attachment":[{"href":"https:\/\/gemaglobe.com\/index.php\/wp-json\/wp\/v2\/media?parent=202"}],"curies":[{"name":"wp","href":"https:\/\/api.w.org\/{rel}","templated":true}]}}