{"id":253,"date":"2019-07-15T22:24:16","date_gmt":"2019-07-15T20:24:16","guid":{"rendered":"http:\/\/gemagroupecuador.com\/?post_type=product&#038;p=253"},"modified":"2019-08-30T11:50:28","modified_gmt":"2019-08-30T16:50:28","slug":"mesa-vibradora-temporizador-digital","status":"publish","type":"product","link":"https:\/\/gemaglobe.com\/index.php\/product\/mesa-vibradora-temporizador-digital\/","title":{"rendered":"TAMIZADORA (Temporizador DIGITAL)"},"content":{"rendered":"<p>El modelo ofrece una precisi\u00f3n y repetibilidad superiores para las <strong>separaciones de part\u00edculas<\/strong> para los rangos de tama\u00f1o <strong>No. 4 a No. 200<\/strong> (4.75 mm a 75 \u00b5m). Las unidades de 1 \/ 4hp combinan un movimiento lateral hacia adelante y hacia atr\u00e1s con un movimiento de inclinaci\u00f3n hacia arriba y hacia abajo que hace que el material de prueba se desplace en una \u00f3rbita sobre las superficies de los tamices.\u00a0Tiene capacidad para tamices de 8 pulgadas (203 mm) y tambi\u00e9n acepta <strong>tamices<\/strong> <strong>ISO<\/strong> 200 mm.<\/p>\n<p>Cuentan con el exclusivo temporizador digital de cuenta atr\u00e1s de con una pantalla <strong>LED<\/strong> para cronometrar la operaci\u00f3n de manera precisa hasta 99 minutos a \u00b1 1 segundo. Una funci\u00f3n de pausa permite que el ciclo se suspenda y se reanude sin p\u00e9rdida de tiempo de prueba, ademas cuenta con una alarma audible de cinco segundos al finalizar el intervalo de prueba. El controlador es f\u00e1cil de programar y la gran pantalla <strong>LED<\/strong> brillante de 0.5in (12.7 mm) es f\u00e1cil de leer.<\/p>\n<p>Los agitadores de mesa independientes sostienen una pila de seis tamices de altura completa con una bandeja o doce tamices de media altura y una bandeja.<\/p>\n<p>Contiene un nuevo sistema incorporado que con solo presionar un bot\u00f3n las varillas permite que sea bloqueado con un giro r\u00e1pido de las perillas<\/p>\n<p>&nbsp;<\/p>\n<p>&nbsp;<\/p>\n","protected":false},"excerpt":{"rendered":"<p><b>Caracter\u00edsticas<\/b><strong>:<\/strong><\/p>\n<ul>\n<li>Los modelos port\u00e1tiles separan con precisi\u00f3n los materiales No. 4 a No. 200<\/li>\n<li>Los DOTs estatales aceptan y aceptan ampliamente los populares y asequibles Tamices de 8 pulgadas para probar agregados minerales<\/li>\n<li>Las unidades se pueden operar de forma independiente o montadas<\/li>\n<li>Pantalla led<\/li>\n<li>Alarma<\/li>\n<\/ul>\n<p><strong><span style=\"color: #000000;\">Disponible en 110V y 230V<\/span><\/strong><\/p>\n","protected":false},"featured_media":210,"comment_status":"closed","ping_status":"closed","template":"","meta":[],"_links":{"self":[{"href":"https:\/\/gemaglobe.com\/index.php\/wp-json\/wp\/v2\/product\/253"}],"collection":[{"href":"https:\/\/gemaglobe.com\/index.php\/wp-json\/wp\/v2\/product"}],"about":[{"href":"https:\/\/gemaglobe.com\/index.php\/wp-json\/wp\/v2\/types\/product"}],"replies":[{"embeddable":true,"href":"https:\/\/gemaglobe.com\/index.php\/wp-json\/wp\/v2\/comments?post=253"}],"wp:featuredmedia":[{"embeddable":true,"href":"https:\/\/gemaglobe.com\/index.php\/wp-json\/wp\/v2\/media\/210"}],"wp:attachment":[{"href":"https:\/\/gemaglobe.com\/index.php\/wp-json\/wp\/v2\/media?parent=253"}],"curies":[{"name":"wp","href":"https:\/\/api.w.org\/{rel}","templated":true}]}}