{"id":258,"date":"2019-07-17T02:19:46","date_gmt":"2019-07-17T00:19:46","guid":{"rendered":"http:\/\/gemagroupecuador.com\/?post_type=product&#038;p=258"},"modified":"2019-07-17T02:19:46","modified_gmt":"2019-07-17T00:19:46","slug":"tripode-brunton-no-magnetico","status":"publish","type":"product","link":"https:\/\/gemaglobe.com\/index.php\/product\/tripode-brunton-no-magnetico\/","title":{"rendered":"TRIPODE BRUNTON (NO MAGNETICO)"},"content":{"rendered":"","protected":false},"excerpt":{"rendered":"<p><span>Los instrumentos profesionales alcanzan la m\u00e1xima precisi\u00f3n con la estabilidad de este tr\u00edpode f\u00e1cil de usar.\u00a0<\/span><span>Los materiales no magn\u00e9ticos aseguran cero interferencias.<\/span><\/p>\n<ul>\n<li><span><span>Ajustable de 19 &#8220;a 48&#8221;<\/span><\/span><\/li>\n<li><span><span>Construcci\u00f3n de aluminio y lat\u00f3n.<\/span><\/span><\/li>\n<li><span><span>Patas ajustables de 2 secciones<\/span><\/span><\/li>\n<li><span><span>Puntas puntiagudas al final para uso antideslizante<\/span><\/span><\/li>\n<li><span><span>Peso: 24 oz<\/span><\/span><\/li>\n<\/ul>\n","protected":false},"featured_media":260,"comment_status":"open","ping_status":"closed","template":"","meta":[],"_links":{"self":[{"href":"https:\/\/gemaglobe.com\/index.php\/wp-json\/wp\/v2\/product\/258"}],"collection":[{"href":"https:\/\/gemaglobe.com\/index.php\/wp-json\/wp\/v2\/product"}],"about":[{"href":"https:\/\/gemaglobe.com\/index.php\/wp-json\/wp\/v2\/types\/product"}],"replies":[{"embeddable":true,"href":"https:\/\/gemaglobe.com\/index.php\/wp-json\/wp\/v2\/comments?post=258"}],"wp:featuredmedia":[{"embeddable":true,"href":"https:\/\/gemaglobe.com\/index.php\/wp-json\/wp\/v2\/media\/260"}],"wp:attachment":[{"href":"https:\/\/gemaglobe.com\/index.php\/wp-json\/wp\/v2\/media?parent=258"}],"curies":[{"name":"wp","href":"https:\/\/api.w.org\/{rel}","templated":true}]}}