{"id":262,"date":"2019-07-17T02:25:15","date_gmt":"2019-07-17T00:25:15","guid":{"rendered":"http:\/\/gemagroupecuador.com\/?post_type=product&#038;p=262"},"modified":"2019-07-17T02:34:46","modified_gmt":"2019-07-17T00:34:46","slug":"adaptador-de-tripode","status":"publish","type":"product","link":"https:\/\/gemaglobe.com\/index.php\/product\/adaptador-de-tripode\/","title":{"rendered":"ADAPTADOR DE TRIPODE"},"content":{"rendered":"","protected":false},"excerpt":{"rendered":"<p>Acople el soporte no magn\u00e9tico de bola y z\u00f3calo a cualquier brujula brunton y tr\u00edpode o monopie para una lectura de azimut e inclinaci\u00f3n extremadamente precisa.<\/p>\n<ul>\n<li>Fabricado en aluminio y lat\u00f3n.<\/li>\n<li>Se adapta exclusivamente a br\u00fajulas\u00a0de Brunton.<\/li>\n<\/ul>\n","protected":false},"featured_media":265,"comment_status":"closed","ping_status":"closed","template":"","meta":[],"_links":{"self":[{"href":"https:\/\/gemaglobe.com\/index.php\/wp-json\/wp\/v2\/product\/262"}],"collection":[{"href":"https:\/\/gemaglobe.com\/index.php\/wp-json\/wp\/v2\/product"}],"about":[{"href":"https:\/\/gemaglobe.com\/index.php\/wp-json\/wp\/v2\/types\/product"}],"replies":[{"embeddable":true,"href":"https:\/\/gemaglobe.com\/index.php\/wp-json\/wp\/v2\/comments?post=262"}],"wp:featuredmedia":[{"embeddable":true,"href":"https:\/\/gemaglobe.com\/index.php\/wp-json\/wp\/v2\/media\/265"}],"wp:attachment":[{"href":"https:\/\/gemaglobe.com\/index.php\/wp-json\/wp\/v2\/media?parent=262"}],"curies":[{"name":"wp","href":"https:\/\/api.w.org\/{rel}","templated":true}]}}