{"id":266,"date":"2019-07-17T02:47:02","date_gmt":"2019-07-17T00:47:02","guid":{"rendered":"http:\/\/gemagroupecuador.com\/?post_type=product&#038;p=266"},"modified":"2019-07-17T02:47:03","modified_gmt":"2019-07-17T00:47:03","slug":"cincel-finder","status":"publish","type":"product","link":"https:\/\/gemaglobe.com\/index.php\/product\/cincel-finder\/","title":{"rendered":"CINCEL FINDER"},"content":{"rendered":"<p>Forjado de acero al cromo vanadio CRV de alta calidad, tratamiento t\u00e9rmico general, alta dureza del cabezal de proceso, alto HRC58, duradero.<\/p>\n<p>El mango de TPR bicolor es hermoso, c\u00f3modo de sostener, f\u00e1cil de usar, protege eficazmente la palma, dise\u00f1o antideslizante, m\u00e1s c\u00f3modo de sostener.<\/p>\n<p>Para cortar, cortar y remover madera, revestimientos, rocas y juntas met\u00e1licas.<\/p>\n","protected":false},"excerpt":{"rendered":"<p><b>Datos importantes:<\/b><\/p>\n<p><strong>Material:<\/strong> Acero Al Cromo Vanadio<\/p>\n<p><strong>Longitud:<\/strong> 30.5cm<\/p>\n<p><strong>Peso:<\/strong> 0.6 Kg<\/p>\n<p><strong>Di\u00e1metro de la cabeza:<\/strong> 4 mm (plano) y 19mm (puntiagudo)<\/p>\n<p>Dise\u00f1o ergon\u00f3mico de agarre suave.<\/p>\n","protected":false},"featured_media":267,"comment_status":"closed","ping_status":"closed","template":"","meta":[],"_links":{"self":[{"href":"https:\/\/gemaglobe.com\/index.php\/wp-json\/wp\/v2\/product\/266"}],"collection":[{"href":"https:\/\/gemaglobe.com\/index.php\/wp-json\/wp\/v2\/product"}],"about":[{"href":"https:\/\/gemaglobe.com\/index.php\/wp-json\/wp\/v2\/types\/product"}],"replies":[{"embeddable":true,"href":"https:\/\/gemaglobe.com\/index.php\/wp-json\/wp\/v2\/comments?post=266"}],"wp:featuredmedia":[{"embeddable":true,"href":"https:\/\/gemaglobe.com\/index.php\/wp-json\/wp\/v2\/media\/267"}],"wp:attachment":[{"href":"https:\/\/gemaglobe.com\/index.php\/wp-json\/wp\/v2\/media?parent=266"}],"curies":[{"name":"wp","href":"https:\/\/api.w.org\/{rel}","templated":true}]}}