{"id":276,"date":"2019-08-09T04:24:04","date_gmt":"2019-08-09T02:24:04","guid":{"rendered":"http:\/\/gemagroupecuador.com\/?post_type=product&#038;p=276"},"modified":"2019-08-09T05:20:00","modified_gmt":"2019-08-09T03:20:00","slug":"casa-grande-limite-liquido-contador","status":"publish","type":"product","link":"https:\/\/gemaglobe.com\/index.php\/product\/casa-grande-limite-liquido-contador\/","title":{"rendered":"Casa Grande (L\u00cdmite L\u00cdquido) &#8211; CONTADOR"},"content":{"rendered":"","protected":false},"excerpt":{"rendered":"<ul>\n<li style=\"text-align: left;\">Casagrande es un aparato desarrollado para la determinaci\u00f3n del l\u00edmite l\u00edquido de los suelos.<\/li>\n<li>La base cumple con el requisito de residencia exigido por la norma<\/li>\n<li>Consiste de un mecanismo ajustable de manija y leva<\/li>\n<li><strong>Operada a mano con contador<\/strong><\/li>\n<\/ul>\n","protected":false},"featured_media":290,"comment_status":"open","ping_status":"closed","template":"","meta":[],"_links":{"self":[{"href":"https:\/\/gemaglobe.com\/index.php\/wp-json\/wp\/v2\/product\/276"}],"collection":[{"href":"https:\/\/gemaglobe.com\/index.php\/wp-json\/wp\/v2\/product"}],"about":[{"href":"https:\/\/gemaglobe.com\/index.php\/wp-json\/wp\/v2\/types\/product"}],"replies":[{"embeddable":true,"href":"https:\/\/gemaglobe.com\/index.php\/wp-json\/wp\/v2\/comments?post=276"}],"wp:featuredmedia":[{"embeddable":true,"href":"https:\/\/gemaglobe.com\/index.php\/wp-json\/wp\/v2\/media\/290"}],"wp:attachment":[{"href":"https:\/\/gemaglobe.com\/index.php\/wp-json\/wp\/v2\/media?parent=276"}],"curies":[{"name":"wp","href":"https:\/\/api.w.org\/{rel}","templated":true}]}}