{"id":280,"date":"2019-08-09T04:40:37","date_gmt":"2019-08-09T02:40:37","guid":{"rendered":"http:\/\/gemagroupecuador.com\/?post_type=product&#038;p=280"},"modified":"2019-08-09T04:46:18","modified_gmt":"2019-08-09T02:46:18","slug":"taladro-para-nucleos-d-261-gt","status":"publish","type":"product","link":"https:\/\/gemaglobe.com\/index.php\/product\/taladro-para-nucleos-d-261-gt\/","title":{"rendered":"TALADRO  &#8220;D 261-GT&#8221;"},"content":{"rendered":"<p>El taladro propulsado a gasolina\u00a0 est\u00e1 dise\u00f1ado para muestras paleomagn\u00e9ticas, geoqu\u00edmicas y otras.<\/p>\n<p>Brocas de n\u00facleo de diamante, tama\u00f1os de 1 \u2033 &#8211; 4 \u2033 OD.\u00a017 \u2033 de longitud<\/p>\n<p style=\"text-align: left;\">Es ligero, confiable y cuenta con un sistema \u00fanico de sujeci\u00f3n de brocas que mantiene las brocas de v\u00e1stago desnudo (sin pinzas) rectas y sin el uso de herramientas.<\/p>\n<p><em><span style=\"color: #333333;\"><strong>PARA MAYOR INFORMACION PUEDE CONTACTARSE CON NOSOTROS<\/strong><\/span><\/em><\/p>\n<p style=\"text-align: left;\">\n","protected":false},"excerpt":{"rendered":"<p>Para muestreo geol\u00f3gico, departamentos de bomberos, b\u00fasqueda y rescate y otras operaciones especializadas es liviano, confiable y f\u00e1cil de operar.<\/p>\n<ul>\n<li><strong>Peso:<\/strong> 12.5 libras<\/li>\n<li><strong>Dimensiones:<\/strong> 43.18 \u00d7 34.29 \u00d7 27.94 cm<\/li>\n<li><strong>Motor:<\/strong> 50 cc<\/li>\n<li><strong>Di\u00e1metro de tubo de:<\/strong> 2.74 cm a 2.86 cm<\/li>\n<li>Captaci\u00f3n de combustible omnidireccional para funcionar en cualquier \u00e1ngulo.<\/li>\n<\/ul>\n<p>&nbsp;<\/p>\n","protected":false},"featured_media":281,"comment_status":"closed","ping_status":"closed","template":"","meta":[],"_links":{"self":[{"href":"https:\/\/gemaglobe.com\/index.php\/wp-json\/wp\/v2\/product\/280"}],"collection":[{"href":"https:\/\/gemaglobe.com\/index.php\/wp-json\/wp\/v2\/product"}],"about":[{"href":"https:\/\/gemaglobe.com\/index.php\/wp-json\/wp\/v2\/types\/product"}],"replies":[{"embeddable":true,"href":"https:\/\/gemaglobe.com\/index.php\/wp-json\/wp\/v2\/comments?post=280"}],"wp:featuredmedia":[{"embeddable":true,"href":"https:\/\/gemaglobe.com\/index.php\/wp-json\/wp\/v2\/media\/281"}],"wp:attachment":[{"href":"https:\/\/gemaglobe.com\/index.php\/wp-json\/wp\/v2\/media?parent=280"}],"curies":[{"name":"wp","href":"https:\/\/api.w.org\/{rel}","templated":true}]}}