{"id":287,"date":"2019-08-09T05:06:54","date_gmt":"2019-08-09T03:06:54","guid":{"rendered":"http:\/\/gemagroupecuador.com\/?post_type=product&#038;p=287"},"modified":"2019-08-19T00:48:08","modified_gmt":"2019-08-18T22:48:08","slug":"extensiones-de-barreno-de-acero-inoxidable-copia","status":"publish","type":"product","link":"https:\/\/gemaglobe.com\/index.php\/product\/extensiones-de-barreno-de-acero-inoxidable-copia\/","title":{"rendered":"Mango de barreno &#8211; acero inoxidable"},"content":{"rendered":"","protected":false},"excerpt":{"rendered":"<p>Las manijas tienen 19 &#8220;de largo y vienen como una manija recta recubierta de goma o como un estilo de trinquete para un uso m\u00e1s r\u00e1pido y f\u00e1cil.<\/p>\n<p>Compatible con muestreadores de barreno GEMA<\/p>\n","protected":false},"featured_media":288,"comment_status":"closed","ping_status":"closed","template":"","meta":[],"_links":{"self":[{"href":"https:\/\/gemaglobe.com\/index.php\/wp-json\/wp\/v2\/product\/287"}],"collection":[{"href":"https:\/\/gemaglobe.com\/index.php\/wp-json\/wp\/v2\/product"}],"about":[{"href":"https:\/\/gemaglobe.com\/index.php\/wp-json\/wp\/v2\/types\/product"}],"replies":[{"embeddable":true,"href":"https:\/\/gemaglobe.com\/index.php\/wp-json\/wp\/v2\/comments?post=287"}],"wp:featuredmedia":[{"embeddable":true,"href":"https:\/\/gemaglobe.com\/index.php\/wp-json\/wp\/v2\/media\/288"}],"wp:attachment":[{"href":"https:\/\/gemaglobe.com\/index.php\/wp-json\/wp\/v2\/media?parent=287"}],"curies":[{"name":"wp","href":"https:\/\/api.w.org\/{rel}","templated":true}]}}