{"id":332,"date":"2019-08-18T23:59:30","date_gmt":"2019-08-18T21:59:30","guid":{"rendered":"http:\/\/gemagroupecuador.com\/?post_type=product&#038;p=332"},"modified":"2019-08-18T23:59:30","modified_gmt":"2019-08-18T21:59:30","slug":"monitor-de-grietas","status":"publish","type":"product","link":"https:\/\/gemaglobe.com\/index.php\/product\/monitor-de-grietas\/","title":{"rendered":"MONITOR DE GRIETAS"},"content":{"rendered":"","protected":false},"excerpt":{"rendered":"<ul>\n<li>F\u00e1cil de usar y proporciona<\/li>\n<li>Rango de medici\u00f3n de 20 mm y 10 mm en horizontal<\/li>\n<li>La placa inferior es blanca con una cuadr\u00edcula de medici\u00f3n marcada en mil\u00edmetros.<\/li>\n<\/ul>\n","protected":false},"featured_media":333,"comment_status":"closed","ping_status":"closed","template":"","meta":[],"_links":{"self":[{"href":"https:\/\/gemaglobe.com\/index.php\/wp-json\/wp\/v2\/product\/332"}],"collection":[{"href":"https:\/\/gemaglobe.com\/index.php\/wp-json\/wp\/v2\/product"}],"about":[{"href":"https:\/\/gemaglobe.com\/index.php\/wp-json\/wp\/v2\/types\/product"}],"replies":[{"embeddable":true,"href":"https:\/\/gemaglobe.com\/index.php\/wp-json\/wp\/v2\/comments?post=332"}],"wp:featuredmedia":[{"embeddable":true,"href":"https:\/\/gemaglobe.com\/index.php\/wp-json\/wp\/v2\/media\/333"}],"wp:attachment":[{"href":"https:\/\/gemaglobe.com\/index.php\/wp-json\/wp\/v2\/media?parent=332"}],"curies":[{"name":"wp","href":"https:\/\/api.w.org\/{rel}","templated":true}]}}