{"id":336,"date":"2019-08-19T00:30:56","date_gmt":"2019-08-18T22:30:56","guid":{"rendered":"http:\/\/gemagroupecuador.com\/?post_type=product&#038;p=336"},"modified":"2019-08-19T00:30:56","modified_gmt":"2019-08-18T22:30:56","slug":"abaco-indicador-geotecnico","status":"publish","type":"product","link":"https:\/\/gemaglobe.com\/index.php\/product\/abaco-indicador-geotecnico\/","title":{"rendered":"\u00c1BACO &#8211; INDICADOR GEOT\u00c9CNICO"},"content":{"rendered":"","protected":false},"excerpt":{"rendered":"<ul>\n<li>Tarjeta de pl\u00e1stico resistente al agua de 127&#215;178 mm<\/li>\n<li>Contiene informaci\u00f3n sumamente completa<\/li>\n<li>Es de 2 caras<\/li>\n<li>6 fichas de colores<\/li>\n<li>4 tablas para clasificar los suelos por tama\u00f1o de part\u00edcula utilizando el Sistema de clasificaci\u00f3n de suelos unificado.<\/li>\n<\/ul>\n","protected":false},"featured_media":337,"comment_status":"open","ping_status":"closed","template":"","meta":[],"_links":{"self":[{"href":"https:\/\/gemaglobe.com\/index.php\/wp-json\/wp\/v2\/product\/336"}],"collection":[{"href":"https:\/\/gemaglobe.com\/index.php\/wp-json\/wp\/v2\/product"}],"about":[{"href":"https:\/\/gemaglobe.com\/index.php\/wp-json\/wp\/v2\/types\/product"}],"replies":[{"embeddable":true,"href":"https:\/\/gemaglobe.com\/index.php\/wp-json\/wp\/v2\/comments?post=336"}],"wp:featuredmedia":[{"embeddable":true,"href":"https:\/\/gemaglobe.com\/index.php\/wp-json\/wp\/v2\/media\/337"}],"wp:attachment":[{"href":"https:\/\/gemaglobe.com\/index.php\/wp-json\/wp\/v2\/media?parent=336"}],"curies":[{"name":"wp","href":"https:\/\/api.w.org\/{rel}","templated":true}]}}