{"id":346,"date":"2019-08-19T19:51:37","date_gmt":"2019-08-19T17:51:37","guid":{"rendered":"http:\/\/gemagroupecuador.com\/?post_type=product&#038;p=346"},"modified":"2019-08-19T19:52:13","modified_gmt":"2019-08-19T17:52:13","slug":"tamiz-no-40-laton-acero","status":"publish","type":"product","link":"https:\/\/gemaglobe.com\/index.php\/product\/tamiz-no-40-laton-acero\/","title":{"rendered":"TAMIZ No.40 (lat\u00f3n\/acero)"},"content":{"rendered":"<p>&nbsp;<\/p>\n<hr \/>\n<p><!--more--><\/p>\n<table width=\"981\">\n<tbody>\n<tr>\n<td colspan=\"3\" width=\"981\">TABLA DE COMPARACI\u00d3N DE TAMICES<\/td>\n<\/tr>\n<tr>\n<td colspan=\"2\">ASTM E11<\/td>\n<td>ISO 565\/3310-1<\/td>\n<\/tr>\n<tr>\n<td>Standard<\/td>\n<td>Alternate<\/td>\n<td>Size<\/td>\n<\/tr>\n<tr>\n<td style=\"font-weight: 400;\"><\/td>\n<td style=\"font-weight: 400;\"><\/td>\n<td style=\"font-weight: 400;\"><\/td>\n<\/tr>\n<tr>\n<td style=\"font-weight: 400;\">100.0mm<\/td>\n<td style=\"font-weight: 400;\">4in<\/td>\n<td style=\"font-weight: 400;\">&#8211;<\/td>\n<\/tr>\n<tr>\n<td style=\"font-weight: 400;\">90.0mm<\/td>\n<td style=\"font-weight: 400;\">3 1\/2in<\/td>\n<td style=\"font-weight: 400;\">&#8211;<\/td>\n<\/tr>\n<tr>\n<td style=\"font-weight: 400;\">75.0mm<\/td>\n<td style=\"font-weight: 400;\">3in<\/td>\n<td style=\"font-weight: 400;\">&#8211;<\/td>\n<\/tr>\n<tr>\n<td style=\"font-weight: 400;\">63.0mm<\/td>\n<td style=\"font-weight: 400;\">2 1\/2in<\/td>\n<td style=\"font-weight: 400;\">63.0mm<\/td>\n<\/tr>\n<tr>\n<td style=\"font-weight: 400;\">&#8211;<\/td>\n<td style=\"font-weight: 400;\">&#8211;<\/td>\n<td style=\"font-weight: 400;\">56.0mm<\/td>\n<\/tr>\n<tr>\n<td style=\"font-weight: 400;\">53.0mm<\/td>\n<td style=\"font-weight: 400;\">2.12in<\/td>\n<td style=\"font-weight: 400;\">53.0mm<\/td>\n<\/tr>\n<tr>\n<td style=\"font-weight: 400;\">50.0mm<\/td>\n<td style=\"font-weight: 400;\">2in<\/td>\n<td style=\"font-weight: 400;\">50.0mm<\/td>\n<\/tr>\n<tr>\n<td style=\"font-weight: 400;\">45.0mm<\/td>\n<td style=\"font-weight: 400;\">1 3\/4in<\/td>\n<td style=\"font-weight: 400;\">45.0mm<\/td>\n<\/tr>\n<tr>\n<td style=\"font-weight: 400;\">&#8211;<\/td>\n<td style=\"font-weight: 400;\">&#8211;<\/td>\n<td style=\"font-weight: 400;\">40.0mm<\/td>\n<\/tr>\n<tr>\n<td style=\"font-weight: 400;\">37.5mm<\/td>\n<td style=\"font-weight: 400;\">1 1\/2in<\/td>\n<td style=\"font-weight: 400;\">37.5mm<\/td>\n<\/tr>\n<tr>\n<td style=\"font-weight: 400;\">&#8211;<\/td>\n<td style=\"font-weight: 400;\">&#8211;<\/td>\n<td style=\"font-weight: 400;\">35.5mm<\/td>\n<\/tr>\n<tr>\n<td style=\"font-weight: 400;\">31.5mm<\/td>\n<td style=\"font-weight: 400;\">1 1\/4in<\/td>\n<td style=\"font-weight: 400;\">31.5mm<\/td>\n<\/tr>\n<tr>\n<td style=\"font-weight: 400;\">&#8211;<\/td>\n<td style=\"font-weight: 400;\">&#8211;<\/td>\n<td style=\"font-weight: 400;\">28.0mm<\/td>\n<\/tr>\n<tr>\n<td style=\"font-weight: 400;\">26.5mm<\/td>\n<td style=\"font-weight: 400;\">1.06in<\/td>\n<td style=\"font-weight: 400;\">26.5mm<\/td>\n<\/tr>\n<tr>\n<td style=\"font-weight: 400;\">25.0mm<\/td>\n<td style=\"font-weight: 400;\">1in<\/td>\n<td style=\"font-weight: 400;\">25.0mm<\/td>\n<\/tr>\n<tr>\n<td style=\"font-weight: 400;\">22.4mm<\/td>\n<td style=\"font-weight: 400;\">7\/8in<\/td>\n<td style=\"font-weight: 400;\">22.4mm<\/td>\n<\/tr>\n<tr>\n<td style=\"font-weight: 400;\">&#8211;<\/td>\n<td style=\"font-weight: 400;\">&#8211;<\/td>\n<td style=\"font-weight: 400;\">20.0mm<\/td>\n<\/tr>\n<tr>\n<td style=\"font-weight: 400;\">19.0mm<\/td>\n<td style=\"font-weight: 400;\">3\/4in<\/td>\n<td style=\"font-weight: 400;\">19.0mm<\/td>\n<\/tr>\n<tr>\n<td style=\"font-weight: 400;\">18.0mm<\/td>\n<td style=\"font-weight: 400;\">&#8211;<\/td>\n<td style=\"font-weight: 400;\">18.0mm<\/td>\n<\/tr>\n<tr>\n<td style=\"font-weight: 400;\">16.0mm<\/td>\n<td style=\"font-weight: 400;\">5\/8in<\/td>\n<td style=\"font-weight: 400;\">16.0mm<\/td>\n<\/tr>\n<tr>\n<td style=\"font-weight: 400;\">&#8211;<\/td>\n<td style=\"font-weight: 400;\">&#8211;<\/td>\n<td style=\"font-weight: 400;\">14.0mm<\/td>\n<\/tr>\n<tr>\n<td style=\"font-weight: 400;\">13.2mm<\/td>\n<td style=\"font-weight: 400;\">0.530in<\/td>\n<td style=\"font-weight: 400;\">13.2mm<\/td>\n<\/tr>\n<tr>\n<td style=\"font-weight: 400;\">12.5mm<\/td>\n<td style=\"font-weight: 400;\">1\/2in<\/td>\n<td style=\"font-weight: 400;\">12.5mm<\/td>\n<\/tr>\n<tr>\n<td style=\"font-weight: 400;\">11.2mm<\/td>\n<td style=\"font-weight: 400;\">7\/16in<\/td>\n<td style=\"font-weight: 400;\">11.2mm<\/td>\n<\/tr>\n<tr>\n<td style=\"font-weight: 400;\">&#8211;<\/td>\n<td style=\"font-weight: 400;\">&#8211;<\/td>\n<td style=\"font-weight: 400;\">10.0mm<\/td>\n<\/tr>\n<tr>\n<td style=\"font-weight: 400;\">9.5mm<\/td>\n<td style=\"font-weight: 400;\">3\/8in<\/td>\n<td style=\"font-weight: 400;\">9.5mm<\/td>\n<\/tr>\n<tr>\n<td style=\"font-weight: 400;\">&#8211;<\/td>\n<td style=\"font-weight: 400;\">&#8211;<\/td>\n<td style=\"font-weight: 400;\">9.0mm<\/td>\n<\/tr>\n<tr>\n<td style=\"font-weight: 400;\">8.0mm<\/td>\n<td style=\"font-weight: 400;\">5\/16in<\/td>\n<td style=\"font-weight: 400;\">8.0mm<\/td>\n<\/tr>\n<tr>\n<td style=\"font-weight: 400;\">&#8211;<\/td>\n<td style=\"font-weight: 400;\">&#8211;<\/td>\n<td style=\"font-weight: 400;\">7.1mm<\/td>\n<\/tr>\n<tr>\n<td style=\"font-weight: 400;\">6.7mm<\/td>\n<td style=\"font-weight: 400;\">0.265in<\/td>\n<td style=\"font-weight: 400;\">6.7mm<\/td>\n<\/tr>\n<tr>\n<td style=\"font-weight: 400;\">6.3mm<\/td>\n<td style=\"font-weight: 400;\">1\/4in<\/td>\n<td style=\"font-weight: 400;\">6.3mm<\/td>\n<\/tr>\n<tr>\n<td style=\"font-weight: 400;\">5.6mm<\/td>\n<td style=\"font-weight: 400;\">No. 3 1\/2<\/td>\n<td style=\"font-weight: 400;\">5.6mm<\/td>\n<\/tr>\n<tr>\n<td style=\"font-weight: 400;\">&#8211;<\/td>\n<td style=\"font-weight: 400;\">&#8211;<\/td>\n<td style=\"font-weight: 400;\">5.0mm<\/td>\n<\/tr>\n<tr>\n<td style=\"font-weight: 400;\">4.75mm<\/td>\n<td style=\"font-weight: 400;\">No.4<\/td>\n<td style=\"font-weight: 400;\">4.75mm<\/td>\n<\/tr>\n<tr>\n<td style=\"font-weight: 400;\">&#8211;<\/td>\n<td style=\"font-weight: 400;\">&#8211;<\/td>\n<td style=\"font-weight: 400;\">4.50mm<\/td>\n<\/tr>\n<tr>\n<td style=\"font-weight: 400;\">4.00mm<\/td>\n<td style=\"font-weight: 400;\">No.5<\/td>\n<td style=\"font-weight: 400;\">4.00mm<\/td>\n<\/tr>\n<tr>\n<td style=\"font-weight: 400;\">3.55mm<\/td>\n<td style=\"font-weight: 400;\">&#8211;<\/td>\n<td style=\"font-weight: 400;\">3.55mm<\/td>\n<\/tr>\n<tr>\n<td style=\"font-weight: 400;\">3.35mm<\/td>\n<td style=\"font-weight: 400;\">No.6<\/td>\n<td style=\"font-weight: 400;\">3.35mm<\/td>\n<\/tr>\n<tr>\n<td style=\"font-weight: 400;\">&#8211;<\/td>\n<td style=\"font-weight: 400;\">1\/8in*<\/td>\n<td style=\"font-weight: 400;\">&#8211;<\/td>\n<\/tr>\n<tr>\n<td style=\"font-weight: 400;\">3.15mm<\/td>\n<td style=\"font-weight: 400;\">&#8211;<\/td>\n<td style=\"font-weight: 400;\">3.15mm<\/td>\n<\/tr>\n<tr>\n<td style=\"font-weight: 400;\">2.80mm<\/td>\n<td style=\"font-weight: 400;\">No.7<\/td>\n<td style=\"font-weight: 400;\">2.80mm<\/td>\n<\/tr>\n<tr>\n<td style=\"font-weight: 400;\">&#8211;<\/td>\n<td style=\"font-weight: 400;\">&#8211;<\/td>\n<td style=\"font-weight: 400;\">2.50mm<\/td>\n<\/tr>\n<tr>\n<td style=\"font-weight: 400;\">2.36mm<\/td>\n<td style=\"font-weight: 400;\">No.8<\/td>\n<td style=\"font-weight: 400;\">2.36mm<\/td>\n<\/tr>\n<tr>\n<td style=\"font-weight: 400;\">2.00mm<\/td>\n<td style=\"font-weight: 400;\">No.10<\/td>\n<td style=\"font-weight: 400;\">2.00mm<\/td>\n<\/tr>\n<tr>\n<td style=\"font-weight: 400;\">&#8211;<\/td>\n<td style=\"font-weight: 400;\">&#8211;<\/td>\n<td style=\"font-weight: 400;\">1.80mm<\/td>\n<\/tr>\n<tr>\n<td style=\"font-weight: 400;\">1.70mm<\/td>\n<td style=\"font-weight: 400;\">No.12<\/td>\n<td style=\"font-weight: 400;\">1.70mm<\/td>\n<\/tr>\n<tr>\n<td style=\"font-weight: 400;\">&#8211;<\/td>\n<td style=\"font-weight: 400;\">&#8211;<\/td>\n<td style=\"font-weight: 400;\">1.60mm<\/td>\n<\/tr>\n<tr>\n<td style=\"font-weight: 400;\">1.40mm<\/td>\n<td style=\"font-weight: 400;\">No.14<\/td>\n<td style=\"font-weight: 400;\">1.40mm<\/td>\n<\/tr>\n<tr>\n<td style=\"font-weight: 400;\">&#8211;<\/td>\n<td style=\"font-weight: 400;\">&#8211;<\/td>\n<td style=\"font-weight: 400;\">1.25mm<\/td>\n<\/tr>\n<tr>\n<td style=\"font-weight: 400;\">1.18mm<\/td>\n<td style=\"font-weight: 400;\">No.16<\/td>\n<td style=\"font-weight: 400;\">1.18mm<\/td>\n<\/tr>\n<tr>\n<td style=\"font-weight: 400;\">&#8211;<\/td>\n<td style=\"font-weight: 400;\">&#8211;<\/td>\n<td style=\"font-weight: 400;\">1.12mm<\/td>\n<\/tr>\n<tr>\n<td style=\"font-weight: 400;\">1.00mm<\/td>\n<td style=\"font-weight: 400;\">No.18<\/td>\n<td style=\"font-weight: 400;\">1.00mm<\/td>\n<\/tr>\n<tr>\n<td style=\"font-weight: 400;\">&#8211;<\/td>\n<td style=\"font-weight: 400;\">&#8211;<\/td>\n<td style=\"font-weight: 400;\">900\u00b5m<\/td>\n<\/tr>\n<tr>\n<td style=\"font-weight: 400;\">850\u03bcm<\/td>\n<td style=\"font-weight: 400;\">No.20<\/td>\n<td style=\"font-weight: 400;\">850\u00b5m<\/td>\n<\/tr>\n<tr>\n<td style=\"font-weight: 400;\">&#8211;<\/td>\n<td style=\"font-weight: 400;\">&#8211;<\/td>\n<td style=\"font-weight: 400;\">800\u00b5m<\/td>\n<\/tr>\n<tr>\n<td style=\"font-weight: 400;\">710\u03bcm<\/td>\n<td style=\"font-weight: 400;\">No.25<\/td>\n<td style=\"font-weight: 400;\">710\u00b5m<\/td>\n<\/tr>\n<tr>\n<td style=\"font-weight: 400;\">&#8211;<\/td>\n<td style=\"font-weight: 400;\">&#8211;<\/td>\n<td style=\"font-weight: 400;\">630\u00b5m<\/td>\n<\/tr>\n<tr>\n<td style=\"font-weight: 400;\">600\u03bcm<\/td>\n<td style=\"font-weight: 400;\">No.30<\/td>\n<td style=\"font-weight: 400;\">600\u00b5m<\/td>\n<\/tr>\n<tr>\n<td style=\"font-weight: 400;\">&#8211;<\/td>\n<td style=\"font-weight: 400;\">&#8211;<\/td>\n<td style=\"font-weight: 400;\">560\u00b5m<\/td>\n<\/tr>\n<tr>\n<td style=\"font-weight: 400;\">500\u03bcm<\/td>\n<td style=\"font-weight: 400;\">No.35<\/td>\n<td style=\"font-weight: 400;\">500\u00b5m<\/td>\n<\/tr>\n<tr>\n<td style=\"font-weight: 400;\">&#8211;<\/td>\n<td style=\"font-weight: 400;\">&#8211;<\/td>\n<td style=\"font-weight: 400;\">450\u00b5m<\/td>\n<\/tr>\n<tr>\n<td style=\"font-weight: 400;\">425\u03bcm<\/td>\n<td style=\"font-weight: 400;\">No.40<\/td>\n<td style=\"font-weight: 400;\">425\u00b5m<\/td>\n<\/tr>\n<tr>\n<td style=\"font-weight: 400;\">&#8211;<\/td>\n<td style=\"font-weight: 400;\">&#8211;<\/td>\n<td style=\"font-weight: 400;\">400\u00b5m<\/td>\n<\/tr>\n<tr>\n<td style=\"font-weight: 400;\">355\u03bcm<\/td>\n<td style=\"font-weight: 400;\">No.45<\/td>\n<td style=\"font-weight: 400;\">355\u00b5m<\/td>\n<\/tr>\n<tr>\n<td style=\"font-weight: 400;\">&#8211;<\/td>\n<td style=\"font-weight: 400;\">&#8211;<\/td>\n<td style=\"font-weight: 400;\">315\u00b5m<\/td>\n<\/tr>\n<tr>\n<td style=\"font-weight: 400;\">300\u03bcm<\/td>\n<td style=\"font-weight: 400;\">No.50<\/td>\n<td style=\"font-weight: 400;\">300\u00b5m<\/td>\n<\/tr>\n<tr>\n<td style=\"font-weight: 400;\">&#8211;<\/td>\n<td style=\"font-weight: 400;\">&#8211;<\/td>\n<td style=\"font-weight: 400;\">280\u00b5m<\/td>\n<\/tr>\n<tr>\n<td style=\"font-weight: 400;\">250\u03bcm<\/td>\n<td style=\"font-weight: 400;\">No.60<\/td>\n<td style=\"font-weight: 400;\">250\u00b5m<\/td>\n<\/tr>\n<tr>\n<td style=\"font-weight: 400;\">&#8211;<\/td>\n<td style=\"font-weight: 400;\">&#8211;<\/td>\n<td style=\"font-weight: 400;\">224\u00b5m<\/td>\n<\/tr>\n<tr>\n<td style=\"font-weight: 400;\">212\u03bcm<\/td>\n<td style=\"font-weight: 400;\">No.70<\/td>\n<td style=\"font-weight: 400;\">212\u00b5m<\/td>\n<\/tr>\n<tr>\n<td style=\"font-weight: 400;\">&#8211;<\/td>\n<td style=\"font-weight: 400;\">&#8211;<\/td>\n<td style=\"font-weight: 400;\">200\u00b5m<\/td>\n<\/tr>\n<tr>\n<td style=\"font-weight: 400;\">180\u03bcm<\/td>\n<td style=\"font-weight: 400;\">No.80<\/td>\n<td style=\"font-weight: 400;\">180\u00b5m<\/td>\n<\/tr>\n<tr>\n<td style=\"font-weight: 400;\">&#8211;<\/td>\n<td style=\"font-weight: 400;\">&#8211;<\/td>\n<td style=\"font-weight: 400;\">160\u00b5m<\/td>\n<\/tr>\n<tr>\n<td style=\"font-weight: 400;\">150\u03bcm<\/td>\n<td style=\"font-weight: 400;\">No.100<\/td>\n<td style=\"font-weight: 400;\">150\u00b5m<\/td>\n<\/tr>\n<tr>\n<td style=\"font-weight: 400;\">&#8211;<\/td>\n<td style=\"font-weight: 400;\">&#8211;<\/td>\n<td style=\"font-weight: 400;\">140\u00b5m<\/td>\n<\/tr>\n<tr>\n<td style=\"font-weight: 400;\">125\u03bcm<\/td>\n<td style=\"font-weight: 400;\">No.120<\/td>\n<td style=\"font-weight: 400;\">125\u00b5m<\/td>\n<\/tr>\n<tr>\n<td style=\"font-weight: 400;\">&#8211;<\/td>\n<td style=\"font-weight: 400;\">&#8211;<\/td>\n<td style=\"font-weight: 400;\">112\u00b5m<\/td>\n<\/tr>\n<tr>\n<td style=\"font-weight: 400;\">106\u03bcm<\/td>\n<td style=\"font-weight: 400;\">No.140<\/td>\n<td style=\"font-weight: 400;\">106\u00b5m<\/td>\n<\/tr>\n<tr>\n<td style=\"font-weight: 400;\">&#8211;<\/td>\n<td style=\"font-weight: 400;\">&#8211;<\/td>\n<td style=\"font-weight: 400;\">100\u00b5m<\/td>\n<\/tr>\n<tr>\n<td style=\"font-weight: 400;\">90\u03bcm<\/td>\n<td style=\"font-weight: 400;\">No.170<\/td>\n<td style=\"font-weight: 400;\">90\u00b5m<\/td>\n<\/tr>\n<tr>\n<td style=\"font-weight: 400;\">&#8211;<\/td>\n<td style=\"font-weight: 400;\">&#8211;<\/td>\n<td style=\"font-weight: 400;\">80\u00b5m<\/td>\n<\/tr>\n<tr>\n<td style=\"font-weight: 400;\">75\u03bcm<\/td>\n<td style=\"font-weight: 400;\">No.200<\/td>\n<td style=\"font-weight: 400;\">75\u00b5m<\/td>\n<\/tr>\n<tr>\n<td style=\"font-weight: 400;\">&#8211;<\/td>\n<td style=\"font-weight: 400;\">&#8211;<\/td>\n<td style=\"font-weight: 400;\">71\u00b5m<\/td>\n<\/tr>\n<tr>\n<td style=\"font-weight: 400;\">63\u03bcm<\/td>\n<td style=\"font-weight: 400;\">No.230<\/td>\n<td style=\"font-weight: 400;\">63\u00b5m<\/td>\n<\/tr>\n<tr>\n<td style=\"font-weight: 400;\">&#8211;<\/td>\n<td style=\"font-weight: 400;\">&#8211;<\/td>\n<td style=\"font-weight: 400;\">56\u00b5m<\/td>\n<\/tr>\n<tr>\n<td style=\"font-weight: 400;\">53\u03bcm<\/td>\n<td style=\"font-weight: 400;\">No.270<\/td>\n<td style=\"font-weight: 400;\">53\u00b5m<\/td>\n<\/tr>\n<tr>\n<td style=\"font-weight: 400;\">&#8211;<\/td>\n<td style=\"font-weight: 400;\">&#8211;<\/td>\n<td style=\"font-weight: 400;\">50\u00b5m<\/td>\n<\/tr>\n<tr>\n<td style=\"font-weight: 400;\">45\u03bcm<\/td>\n<td style=\"font-weight: 400;\">No.325<\/td>\n<td style=\"font-weight: 400;\">45\u00b5m<\/td>\n<\/tr>\n<tr>\n<td style=\"font-weight: 400;\">&#8211;<\/td>\n<td style=\"font-weight: 400;\">&#8211;<\/td>\n<td style=\"font-weight: 400;\">40\u00b5m<\/td>\n<\/tr>\n<tr>\n<td style=\"font-weight: 400;\">38\u03bcm<\/td>\n<td style=\"font-weight: 400;\">No.400<\/td>\n<td style=\"font-weight: 400;\">38\u00b5m<\/td>\n<\/tr>\n<tr>\n<td style=\"font-weight: 400;\">&#8211;<\/td>\n<td style=\"font-weight: 400;\">&#8211;<\/td>\n<td style=\"font-weight: 400;\">36\u00b5m<\/td>\n<\/tr>\n<tr>\n<td style=\"font-weight: 400;\">32\u00b5m<\/td>\n<td style=\"font-weight: 400;\">No.450<\/td>\n<td style=\"font-weight: 400;\">32\u00b5m<\/td>\n<\/tr>\n<tr>\n<td style=\"font-weight: 400;\">25\u00b5m<\/td>\n<td style=\"font-weight: 400;\">No.500<\/td>\n<td style=\"font-weight: 400;\">25\u00b5m<\/td>\n<\/tr>\n<tr>\n<td style=\"font-weight: 400;\">20\u00b5m<\/td>\n<td style=\"font-weight: 400;\">No.635<\/td>\n<td style=\"font-weight: 400;\">20\u00b5m<\/td>\n<\/tr>\n<\/tbody>\n<\/table>\n","protected":false},"excerpt":{"rendered":"<p>El tamiz de prueba ASTM E11<\/p>\n<p>Tela met\u00e1lica de lat\u00f3n con aberturas No. 40 y un marco de lat\u00f3n de altura completa.<\/p>\n<p>Dimensiones:<\/p>\n<ul>\n<li>8 pulg. (203 mm) de di\u00e1metro<\/li>\n<li>La altura total es 2-5 \/ 8 in (~6.7 cm)<\/li>\n<\/ul>\n<hr \/>\n<p style=\"text-align: center;\"><strong>Observar m\u00e1s detalles en <em><span style=\"color: #ff0000;\">DESCRIPCI\u00d3N<\/span><\/em> e <span style=\"color: #0000ff;\"><em>INFORMACI\u00d3N ADICIONAL<\/em> <span style=\"color: #000000;\">que se encuentra abajo<\/span><\/span><\/strong><\/p>\n<p style=\"text-align: right;\">\n","protected":false},"featured_media":341,"comment_status":"closed","ping_status":"closed","template":"","meta":[],"_links":{"self":[{"href":"https:\/\/gemaglobe.com\/index.php\/wp-json\/wp\/v2\/product\/346"}],"collection":[{"href":"https:\/\/gemaglobe.com\/index.php\/wp-json\/wp\/v2\/product"}],"about":[{"href":"https:\/\/gemaglobe.com\/index.php\/wp-json\/wp\/v2\/types\/product"}],"replies":[{"embeddable":true,"href":"https:\/\/gemaglobe.com\/index.php\/wp-json\/wp\/v2\/comments?post=346"}],"wp:featuredmedia":[{"embeddable":true,"href":"https:\/\/gemaglobe.com\/index.php\/wp-json\/wp\/v2\/media\/341"}],"wp:attachment":[{"href":"https:\/\/gemaglobe.com\/index.php\/wp-json\/wp\/v2\/media?parent=346"}],"curies":[{"name":"wp","href":"https:\/\/api.w.org\/{rel}","templated":true}]}}