{"id":356,"date":"2019-08-21T19:51:16","date_gmt":"2019-08-21T17:51:16","guid":{"rendered":"http:\/\/gemagroupecuador.com\/?post_type=product&#038;p=356"},"modified":"2019-08-21T19:51:16","modified_gmt":"2019-08-21T17:51:16","slug":"separador-mini-splitter","status":"publish","type":"product","link":"https:\/\/gemaglobe.com\/index.php\/product\/separador-mini-splitter\/","title":{"rendered":"SEPARADOR MINI (SPLITTER)"},"content":{"rendered":"<p>Convierte en una excelente opci\u00f3n para polvos y materiales granulares con tama\u00f1os menores de 1 \/ 4in (6,4 mm).<\/p>\n<p>Los modelos de sobremesa port\u00e1tiles tienen una estructura id\u00e9ntica y se pueden colocar f\u00e1cilmente en cualquier lugar.\u00a0Ambas cuentan con 48 barras ajustables de canal de 1\/8 pulg. (3 mm) de ancho para una m\u00e1xima versatilidad y est\u00e1n construidas con tolvas y marcos de acero inoxidable.<\/p>\n<p><span>Cuenta con 48 barras ajustables de canal de 1\/8 pulg. (3 mm) de ancho para una m\u00e1xima versatilidad y est\u00e1n construidas con tolvas y marcos de acero inoxidable. <\/span><span>Los \u00e1ngulos de canaleta de 60 \u00b0 dividen r\u00e1pida y exactamente los polvos y los materiales livianos.\u00a0<\/span><span>Las tolvas de liberaci\u00f3n de compuerta con resorte con una capacidad de 103.7in\u00b3 (1.7L) hacen que la preparaci\u00f3n de muestras a granel sea f\u00e1cil y precisa al liberar material de manera uniforme sobre las rampas para la repetibilidad.<\/span><\/p>\n<p><strong><span>Art\u00edculos incluidos:<\/span><\/strong><\/p>\n<ul>\n<li><span>Mini divisor universal<\/span><\/li>\n<li><span>Dos sartenes de muestra<\/span><\/li>\n<\/ul>\n","protected":false},"excerpt":{"rendered":"<p><b>Caracter\u00edsticas<\/b><strong><span>:<\/span><\/strong><\/p>\n<ul>\n<li><span>Excelente opci\u00f3n para separaciones de polvos y materiales granulares con tama\u00f1os de menos de 1\/4 pulg. (6,4 mm)<\/span><\/li>\n<li><span>Los modelos peque\u00f1os son altamente transportables a donde sea que lo lleven sus pruebas<\/span><\/li>\n<li><span>48 barras de conducto ajustables de 1\/8 pulg. (3 mm) de ancho para una m\u00e1xima versatilidad<\/span><\/li>\n<li><span>Las tolvas (capacidad de 1.7 Litros) de liberaci\u00f3n de compuerta con resorte liberan material uniformemente sobre las rampas para la repetibilidad.<\/span><\/li>\n<li><span>La construcci\u00f3n de acero inoxidable evita la contaminaci\u00f3n y mejora la durabilidad.<\/span><\/li>\n<li><span>Cumple con m\u00faltiples est\u00e1ndares ASTM y AASHTO<\/span><\/li>\n<\/ul>\n<p>&nbsp;<\/p>\n","protected":false},"featured_media":359,"comment_status":"closed","ping_status":"closed","template":"","meta":[],"_links":{"self":[{"href":"https:\/\/gemaglobe.com\/index.php\/wp-json\/wp\/v2\/product\/356"}],"collection":[{"href":"https:\/\/gemaglobe.com\/index.php\/wp-json\/wp\/v2\/product"}],"about":[{"href":"https:\/\/gemaglobe.com\/index.php\/wp-json\/wp\/v2\/types\/product"}],"replies":[{"embeddable":true,"href":"https:\/\/gemaglobe.com\/index.php\/wp-json\/wp\/v2\/comments?post=356"}],"wp:featuredmedia":[{"embeddable":true,"href":"https:\/\/gemaglobe.com\/index.php\/wp-json\/wp\/v2\/media\/359"}],"wp:attachment":[{"href":"https:\/\/gemaglobe.com\/index.php\/wp-json\/wp\/v2\/media?parent=356"}],"curies":[{"name":"wp","href":"https:\/\/api.w.org\/{rel}","templated":true}]}}