{"id":382,"date":"2019-08-29T12:00:40","date_gmt":"2019-08-29T17:00:40","guid":{"rendered":"http:\/\/gemagroupecuador.com\/?post_type=product&#038;p=382"},"modified":"2020-01-24T11:25:39","modified_gmt":"2020-01-24T16:25:39","slug":"penetrometro-dinamico-de-cono","status":"publish","type":"product","link":"https:\/\/gemaglobe.com\/index.php\/product\/penetrometro-dinamico-de-cono\/","title":{"rendered":"PENETR\u00d3METRO DIN\u00c1MICO DE CONO"},"content":{"rendered":"<p><strong>Penetr\u00f3metro din\u00e1mico de cono<\/strong> mide la resistencia al corte en suelos con valores de CBR de 10 a 100. Este kit es ideal para uso ocasional en \u00e1reas donde los suelos muy d\u00e9biles no son comunes.<\/p>\n<p>El martillo de acero estructural de una sola masa de 8 kg (17,6 lb) es est\u00e1ndar. Los anillos de 2 &#8220;de profundidad est\u00e1n marcados en la varilla de transmisi\u00f3n de 37.75 pulgadas (95.9 cm). Tambi\u00e9n se incluye un punto endurecido punta, manual y CD, y aceite 3 en 1.<\/p>\n<p>El manual proporciona tablas de b\u00fasqueda para correlacionar los conteos de golpes con CBR y valores de peso unitario. El CBR- una masa no se suministra con un estuche de campo. Los conos desechables, los adaptadores y los puntos endurecidos adicionales se venden por separado.<\/p>\n<p><strong>NOTA:<\/strong> <em>Conos desechables adicionales, adaptadores de cono y puntos endurecidos est\u00e1n disponibles por separado.<\/em><\/p>\n<p><strong>Art\u00edculos incluidos:<\/strong><\/p>\n<ul>\n<li>Penetr\u00f3metro de cono din\u00e1mico, y Punto endurecido\n<ul>\n<li>Manual y CD<\/li>\n<li>Aceite 3 en 1<\/li>\n<li>Cumple con los est\u00e1ndares ASTM<\/li>\n<\/ul>\n<\/li>\n<\/ul>\n","protected":false},"excerpt":{"rendered":"<p><b>Caracter\u00edsticas<\/b><strong>:<\/strong><\/p>\n<ul>\n<li>Determinaciones r\u00e1pidas de la resistencia al cizallamiento del suelo en campos de hasta 6 pies (1,8 m) de profundidad<\/li>\n<li>Las propiedades del suelo medidas pueden correlacionarse con los valores de laboratorio de CBR o m\u00f3dulo resiliente<\/li>\n<li>Cumple con los est\u00e1ndares ASTM<\/li>\n<\/ul>\n","protected":false},"featured_media":385,"comment_status":"closed","ping_status":"closed","template":"","meta":[],"_links":{"self":[{"href":"https:\/\/gemaglobe.com\/index.php\/wp-json\/wp\/v2\/product\/382"}],"collection":[{"href":"https:\/\/gemaglobe.com\/index.php\/wp-json\/wp\/v2\/product"}],"about":[{"href":"https:\/\/gemaglobe.com\/index.php\/wp-json\/wp\/v2\/types\/product"}],"replies":[{"embeddable":true,"href":"https:\/\/gemaglobe.com\/index.php\/wp-json\/wp\/v2\/comments?post=382"}],"wp:featuredmedia":[{"embeddable":true,"href":"https:\/\/gemaglobe.com\/index.php\/wp-json\/wp\/v2\/media\/385"}],"wp:attachment":[{"href":"https:\/\/gemaglobe.com\/index.php\/wp-json\/wp\/v2\/media?parent=382"}],"curies":[{"name":"wp","href":"https:\/\/api.w.org\/{rel}","templated":true}]}}