{"id":387,"date":"2019-08-29T12:01:18","date_gmt":"2019-08-29T17:01:18","guid":{"rendered":"http:\/\/gemagroupecuador.com\/?post_type=product&#038;p=387"},"modified":"2020-01-24T11:24:10","modified_gmt":"2020-01-24T16:24:10","slug":"penetrometro-dinamico-de-cono-doble-masa","status":"publish","type":"product","link":"https:\/\/gemaglobe.com\/index.php\/product\/penetrometro-dinamico-de-cono-doble-masa\/","title":{"rendered":"PENETR\u00d3METRO DIN\u00c1MICO DE CONO (Doble masa)"},"content":{"rendered":"<p><strong>El martillo de doble masa <\/strong>es efectivo en suelos con valores de CBR de 0.5 a 100. La penetraci\u00f3n de suelos de mayor resistencia es asistida usando el exclusivo conjunto de martillo de doble masa.\u00a0Este conjunto de martillo de 8 kg (17,6 lb) est\u00e1 construido de acero inoxidable.<\/p>\n<p>Para mejores valores de prueba en suelos m\u00e1s d\u00e9biles con valores de CBR de diez o menos, el martillo se convierte r\u00e1pidamente en una unidad de 4.6 kg (10.1 lb).\u00a0El kit incluye una caja Pelican resistente al aplastamiento con ruedas de transporte, el conjunto de martillo de doble masa, varilla de transmisi\u00f3n de 30 pulgadas (76,2 cm) y veinticinco conos desechables con un adaptador.<\/p>\n<p>Tambi\u00e9n se incluye una escala vertical, punta endurecida, llave hexagonal con mango en T, aceite 3 en 1 y Loctite.\u00a0El manual del usuario contiene software con una plantilla Excel\u00ae para usar como asistente de reducci\u00f3n de datos DCP.\u00a0Conos desechables adicionales, adaptadores de cono y puntos endurecidos est\u00e1n disponibles por separado.<\/p>\n<p><strong>Art\u00edculos incluidos:<\/strong><\/p>\n<p>Penetr\u00f3metro de cono din\u00e1mico con martillo de doble masa, y<\/p>\n<ul>\n<li>Estuche Pelican con ruedas de transporte<\/li>\n<li>Barra de accionamiento de 30 pulg. (762 mm)<\/li>\n<li>25 conos desechables y un adaptador<\/li>\n<li>Escala vertical<\/li>\n<li>Punto endurecido<\/li>\n<li>Llave hexagonal con mango en T<\/li>\n<li>Aceite 3 en 1<\/li>\n<li>Loctita<\/li>\n<li>Manual de usuario con plantilla de Excel<\/li>\n<\/ul>\n","protected":false},"excerpt":{"rendered":"<p><b>Caracter\u00edsticas<\/b><strong>:<\/strong><\/p>\n<ul>\n<li>Determinaciones r\u00e1pidas de la resistencia al cizallamiento del suelo en campos de hasta 6 pies (1,8 m) de profundidad<\/li>\n<li>Las propiedades del suelo medidas pueden correlacionarse con los valores de laboratorio de CBR o m\u00f3dulo resiliente<\/li>\n<li>Cumple con los est\u00e1ndares ASTM<\/li>\n<\/ul>\n","protected":false},"featured_media":383,"comment_status":"closed","ping_status":"closed","template":"","meta":[],"_links":{"self":[{"href":"https:\/\/gemaglobe.com\/index.php\/wp-json\/wp\/v2\/product\/387"}],"collection":[{"href":"https:\/\/gemaglobe.com\/index.php\/wp-json\/wp\/v2\/product"}],"about":[{"href":"https:\/\/gemaglobe.com\/index.php\/wp-json\/wp\/v2\/types\/product"}],"replies":[{"embeddable":true,"href":"https:\/\/gemaglobe.com\/index.php\/wp-json\/wp\/v2\/comments?post=387"}],"wp:featuredmedia":[{"embeddable":true,"href":"https:\/\/gemaglobe.com\/index.php\/wp-json\/wp\/v2\/media\/383"}],"wp:attachment":[{"href":"https:\/\/gemaglobe.com\/index.php\/wp-json\/wp\/v2\/media?parent=387"}],"curies":[{"name":"wp","href":"https:\/\/api.w.org\/{rel}","templated":true}]}}