{"id":389,"date":"2019-08-29T12:17:47","date_gmt":"2019-08-29T17:17:47","guid":{"rendered":"http:\/\/gemagroupecuador.com\/?post_type=product&#038;p=389"},"modified":"2019-08-29T12:17:47","modified_gmt":"2019-08-29T17:17:47","slug":"conos-desechables","status":"publish","type":"product","link":"https:\/\/gemaglobe.com\/index.php\/product\/conos-desechables\/","title":{"rendered":"Conos desechables"},"content":{"rendered":"","protected":false},"excerpt":{"rendered":"<ul>\n<li><span>Son conos de un solo uso, alternativamente utilizados cuando el punto de acero endurecido SFA-22 ser\u00eda dif\u00edcil de extraer del suelo. <\/span><\/li>\n<li><span>Los conos se abandonan en su lugar una vez que se completan las mediciones de penetraci\u00f3n. Los conos desechables tienen un di\u00e1metro de 0.790 pulgadas (20.1 mm) y se estrechan en un \u00e1ngulo de 60 \u00b0 con respecto al punto.<\/span><\/li>\n<li><span>Disponible en paquete de 25 conos desechables.<\/span><\/li>\n<li><span>El adaptador de cono desechable \u00a0es necesario para conectar conos a DCP y se vende por separado.\u00a0<\/span><\/li>\n<li><span>Contiene cada paquete 25 conos desechables.<\/span><\/li>\n<\/ul>\n","protected":false},"featured_media":390,"comment_status":"closed","ping_status":"closed","template":"","meta":[],"_links":{"self":[{"href":"https:\/\/gemaglobe.com\/index.php\/wp-json\/wp\/v2\/product\/389"}],"collection":[{"href":"https:\/\/gemaglobe.com\/index.php\/wp-json\/wp\/v2\/product"}],"about":[{"href":"https:\/\/gemaglobe.com\/index.php\/wp-json\/wp\/v2\/types\/product"}],"replies":[{"embeddable":true,"href":"https:\/\/gemaglobe.com\/index.php\/wp-json\/wp\/v2\/comments?post=389"}],"wp:featuredmedia":[{"embeddable":true,"href":"https:\/\/gemaglobe.com\/index.php\/wp-json\/wp\/v2\/media\/390"}],"wp:attachment":[{"href":"https:\/\/gemaglobe.com\/index.php\/wp-json\/wp\/v2\/media?parent=389"}],"curies":[{"name":"wp","href":"https:\/\/api.w.org\/{rel}","templated":true}]}}