{"id":409,"date":"2019-08-30T11:42:32","date_gmt":"2019-08-30T16:42:32","guid":{"rendered":"http:\/\/gemagroupecuador.com\/?post_type=product&#038;p=409"},"modified":"2019-08-30T11:42:33","modified_gmt":"2019-08-30T16:42:33","slug":"tamizadora-para-tamiz-de-8","status":"publish","type":"product","link":"https:\/\/gemaglobe.com\/index.php\/product\/tamizadora-para-tamiz-de-8\/","title":{"rendered":"TAMIZADORA (Para tamiz de 8&#8243;)"},"content":{"rendered":"<p><strong>Especificaciones:<\/strong><\/p>\n<ul>\n<li><span>Contiene hasta seis 8in de <strong>altura completa<\/strong> (203 mm) tamices de ensayo con pan de altura completa, o trece tamices de media altura con pan de media altura. <\/span><\/li>\n<li><span>Tambi\u00e9n se pueden utilizar tamices ISO de 200 mm.\u00a0<\/span><\/li>\n<li><span>Recomendado para la separaci\u00f3n de tama\u00f1os de part\u00edcula que var\u00edan de No. 4 a No. 635 (4.75 a 20 \u00b5m).<\/span><\/li>\n<li>Disponible de <span style=\"color: #000080;\"><strong>115V\/60Hz <\/strong>y<strong> 230\/50Hz<\/strong><\/span><\/li>\n<\/ul>\n","protected":false},"excerpt":{"rendered":"<p><b>Caracter\u00edsticas<\/b><strong>:<\/strong><\/p>\n<ul>\n<li><span>El movimiento circular horizontal con acci\u00f3n de golpeteo vertical asegura resultados precisos y consistentes. <\/span><\/li>\n<li><span>Para un uso intensivo y se pueden atornillar a las mesas para un funcionamiento estable.<\/span><\/li>\n<li>Cuentan con un potente motor el\u00e9ctrico de 1 \/ 4hp<\/li>\n<li>Temporizador digital electr\u00f3nico de 99 minutos x 0.1 segundos para un control preciso.<\/li>\n<li><span><span>Ampliamente aceptado en m\u00e9todos de prueba estandarizados<\/span><\/span><\/li>\n<\/ul>\n","protected":false},"featured_media":410,"comment_status":"closed","ping_status":"closed","template":"","meta":[],"_links":{"self":[{"href":"https:\/\/gemaglobe.com\/index.php\/wp-json\/wp\/v2\/product\/409"}],"collection":[{"href":"https:\/\/gemaglobe.com\/index.php\/wp-json\/wp\/v2\/product"}],"about":[{"href":"https:\/\/gemaglobe.com\/index.php\/wp-json\/wp\/v2\/types\/product"}],"replies":[{"embeddable":true,"href":"https:\/\/gemaglobe.com\/index.php\/wp-json\/wp\/v2\/comments?post=409"}],"wp:featuredmedia":[{"embeddable":true,"href":"https:\/\/gemaglobe.com\/index.php\/wp-json\/wp\/v2\/media\/410"}],"wp:attachment":[{"href":"https:\/\/gemaglobe.com\/index.php\/wp-json\/wp\/v2\/media?parent=409"}],"curies":[{"name":"wp","href":"https:\/\/api.w.org\/{rel}","templated":true}]}}