{"id":411,"date":"2019-08-30T11:43:34","date_gmt":"2019-08-30T16:43:34","guid":{"rendered":"http:\/\/gemagroupecuador.com\/?post_type=product&#038;p=411"},"modified":"2019-08-30T11:48:12","modified_gmt":"2019-08-30T16:48:12","slug":"tamizadora-para-tamiz-de-12","status":"publish","type":"product","link":"https:\/\/gemaglobe.com\/index.php\/product\/tamizadora-para-tamiz-de-12\/","title":{"rendered":"TAMIZADORA (Para tamiz de 12&#8243;)"},"content":{"rendered":"<p><strong>Especificaciones:<\/strong><\/p>\n<ul>\n<li><span>Puede contener hasta cuatro (305 mm) tamices 12in-altura completa de prueba y pan, seis tamices altura intermedia y pan, u ocho tamices de media altura y pan. <\/span><\/li>\n<li><span>Los tamices de 12 pulgadas tienen m\u00e1s del doble del \u00e1rea efectiva de tamizado que los tamices de 8 pulgadas.\u00a0<\/span><\/li>\n<li><span>Recomendado para separaciones de tama\u00f1os de part\u00edculas que var\u00edan de 0.5in a No. 500 (12.5 a 25\u00b5m).<\/span><\/li>\n<li>Disponible de <span style=\"color: #000080;\"><strong>115V\/60Hz <\/strong>y<strong> 230\/50Hz<\/strong><\/span><\/li>\n<\/ul>\n","protected":false},"excerpt":{"rendered":"<p><b>Caracter\u00edsticas<\/b><strong>:<\/strong><\/p>\n<ul>\n<li>El movimiento circular horizontal con acci\u00f3n de golpeteo vertical asegura resultados precisos y consistentes.<\/li>\n<li>Para un uso intensivo y se pueden atornillar a las mesas para un funcionamiento estable.<\/li>\n<li>Cuentan con un potente motor el\u00e9ctrico de 1 \/ 4hp<\/li>\n<li>Temporizador digital electr\u00f3nico de 99 minutos x 0.1 segundos para un control preciso.<\/li>\n<li>Ampliamente aceptado en m\u00e9todos de prueba estandarizados<\/li>\n<\/ul>\n","protected":false},"featured_media":413,"comment_status":"closed","ping_status":"closed","template":"","meta":[],"_links":{"self":[{"href":"https:\/\/gemaglobe.com\/index.php\/wp-json\/wp\/v2\/product\/411"}],"collection":[{"href":"https:\/\/gemaglobe.com\/index.php\/wp-json\/wp\/v2\/product"}],"about":[{"href":"https:\/\/gemaglobe.com\/index.php\/wp-json\/wp\/v2\/types\/product"}],"replies":[{"embeddable":true,"href":"https:\/\/gemaglobe.com\/index.php\/wp-json\/wp\/v2\/comments?post=411"}],"wp:featuredmedia":[{"embeddable":true,"href":"https:\/\/gemaglobe.com\/index.php\/wp-json\/wp\/v2\/media\/413"}],"wp:attachment":[{"href":"https:\/\/gemaglobe.com\/index.php\/wp-json\/wp\/v2\/media?parent=411"}],"curies":[{"name":"wp","href":"https:\/\/api.w.org\/{rel}","templated":true}]}}