{"id":414,"date":"2019-08-30T11:48:39","date_gmt":"2019-08-30T16:48:39","guid":{"rendered":"http:\/\/gemagroupecuador.com\/?post_type=product&#038;p=414"},"modified":"2019-08-30T11:59:07","modified_gmt":"2019-08-30T16:59:07","slug":"tamizadora-doble-para-tamiz-de-8","status":"publish","type":"product","link":"https:\/\/gemaglobe.com\/index.php\/product\/tamizadora-doble-para-tamiz-de-8\/","title":{"rendered":"TAMIZADORA DOBLE (Para tamiz de 8&#8243;)"},"content":{"rendered":"<p><strong>Especificaciones:<\/strong><\/p>\n<ul>\n<li><span>Realiza pruebas en dos pilas de tamices de prueba separadas de 8 pulg. (203 mm) simult\u00e1neamente<\/span><span>.\u00a0<\/span><\/li>\n<li><span>Recomendado para separaciones de tama\u00f1os de part\u00edcula que var\u00edan de No. 4 a No. 635 (4.75 a 20 \u00b5m).<\/span><\/li>\n<li>Disponible de <span style=\"color: #000080;\"><strong>115V\/60Hz <\/strong>y<strong> 230\/50Hz<\/strong><\/span><\/li>\n<\/ul>\n","protected":false},"excerpt":{"rendered":"<p><b>Caracter\u00edsticas<\/b><strong>:<\/strong><\/p>\n<ul>\n<li>El movimiento circular horizontal con acci\u00f3n de golpeteo vertical asegura resultados precisos y consistentes.<\/li>\n<li>Para un uso intensivo y se pueden atornillar a las mesas para un funcionamiento estable.<\/li>\n<li>Cuentan con un potente motor el\u00e9ctrico de 1 \/ 4hp<\/li>\n<li>Temporizador digital electr\u00f3nico de 99 minutos x 0.1 segundos para un control preciso.<\/li>\n<li>Ampliamente aceptado en m\u00e9todos de prueba estandarizados<\/li>\n<\/ul>\n","protected":false},"featured_media":412,"comment_status":"closed","ping_status":"closed","template":"","meta":[],"_links":{"self":[{"href":"https:\/\/gemaglobe.com\/index.php\/wp-json\/wp\/v2\/product\/414"}],"collection":[{"href":"https:\/\/gemaglobe.com\/index.php\/wp-json\/wp\/v2\/product"}],"about":[{"href":"https:\/\/gemaglobe.com\/index.php\/wp-json\/wp\/v2\/types\/product"}],"replies":[{"embeddable":true,"href":"https:\/\/gemaglobe.com\/index.php\/wp-json\/wp\/v2\/comments?post=414"}],"wp:featuredmedia":[{"embeddable":true,"href":"https:\/\/gemaglobe.com\/index.php\/wp-json\/wp\/v2\/media\/412"}],"wp:attachment":[{"href":"https:\/\/gemaglobe.com\/index.php\/wp-json\/wp\/v2\/media?parent=414"}],"curies":[{"name":"wp","href":"https:\/\/api.w.org\/{rel}","templated":true}]}}