{"id":448,"date":"2019-09-16T18:27:09","date_gmt":"2019-09-16T23:27:09","guid":{"rendered":"http:\/\/gemagroup.ec\/?post_type=product&#038;p=448"},"modified":"2019-09-18T11:47:12","modified_gmt":"2019-09-18T16:47:12","slug":"448","status":"publish","type":"product","link":"https:\/\/gemaglobe.com\/index.php\/product\/448\/","title":{"rendered":"TALADRO DE MANO (TPP-1)"},"content":{"rendered":"<p>El taladro de n\u00facleo el\u00e9ctrico Pomeroy hace que la perforaci\u00f3n de n\u00facleos de di\u00e1metro peque\u00f1o sea extremadamente r\u00e1pida y f\u00e1cil en lugares donde no es posible usar un taladro a gasolina.<\/p>\n<p>El rango de di\u00e1metros para las brocas es de 3\/8 \u2033 ID a 1 \u2033 ID.<\/p>\n<p>Puede ser adquirido por separado:<\/p>\n<ul>\n<li>Lata de bomba de agua a presi\u00f3n manual de 3 galones. Incluye una manguera de 8 pies y una extensi\u00f3n de 10 pies con conectores de liberaci\u00f3n r\u00e1pida.<\/li>\n<li>N\u00facleo de Diamante<\/li>\n<\/ul>\n<p><span style=\"color: #ff0000;\">Pregunte acerca de estos accesorios al momento de la cotizaci\u00f3n\u00a0<\/span><\/p>\n","protected":false},"excerpt":{"rendered":"<p><strong>Caracter\u00edsticas:<\/strong><\/p>\n<ul>\n<li>Peso: 16.25 lb<\/li>\n<li>Bater\u00eda de litio de 5 Ah<\/li>\n<li>Cuenta con alimentador de agua (peque\u00f1o)<\/li>\n<li>Funciona solo con 110 VCA pero puede incluirse una fuente adicional de 110\/220<\/li>\n<\/ul>\n","protected":false},"featured_media":449,"comment_status":"closed","ping_status":"closed","template":"","meta":[],"_links":{"self":[{"href":"https:\/\/gemaglobe.com\/index.php\/wp-json\/wp\/v2\/product\/448"}],"collection":[{"href":"https:\/\/gemaglobe.com\/index.php\/wp-json\/wp\/v2\/product"}],"about":[{"href":"https:\/\/gemaglobe.com\/index.php\/wp-json\/wp\/v2\/types\/product"}],"replies":[{"embeddable":true,"href":"https:\/\/gemaglobe.com\/index.php\/wp-json\/wp\/v2\/comments?post=448"}],"wp:featuredmedia":[{"embeddable":true,"href":"https:\/\/gemaglobe.com\/index.php\/wp-json\/wp\/v2\/media\/449"}],"wp:attachment":[{"href":"https:\/\/gemaglobe.com\/index.php\/wp-json\/wp\/v2\/media?parent=448"}],"curies":[{"name":"wp","href":"https:\/\/api.w.org\/{rel}","templated":true}]}}