{"id":45,"date":"2019-06-01T23:43:55","date_gmt":"2019-06-01T21:43:55","guid":{"rendered":"http:\/\/gemagroupecuador.com\/?post_type=product&#038;p=45"},"modified":"2019-06-10T17:17:44","modified_gmt":"2019-06-10T15:17:44","slug":"brujula-brunton-transit","status":"publish","type":"product","link":"https:\/\/gemaglobe.com\/index.php\/product\/brujula-brunton-transit\/","title":{"rendered":"Br\u00fajula Brunton Pro Transit"},"content":{"rendered":"<p>Este producto esta compuesto de aleaci\u00f3n de aluminio haciendo que la br\u00fajula sea ligera en el uso diario<\/p>\n<p>&nbsp;<\/p>\n","protected":false},"excerpt":{"rendered":"<ul>\n<li>Material de aleaci\u00f3n de aluminio<\/li>\n<li>Producto americano<\/li>\n<\/ul>\n","protected":false},"featured_media":46,"comment_status":"open","ping_status":"closed","template":"","meta":[],"_links":{"self":[{"href":"https:\/\/gemaglobe.com\/index.php\/wp-json\/wp\/v2\/product\/45"}],"collection":[{"href":"https:\/\/gemaglobe.com\/index.php\/wp-json\/wp\/v2\/product"}],"about":[{"href":"https:\/\/gemaglobe.com\/index.php\/wp-json\/wp\/v2\/types\/product"}],"replies":[{"embeddable":true,"href":"https:\/\/gemaglobe.com\/index.php\/wp-json\/wp\/v2\/comments?post=45"}],"wp:featuredmedia":[{"embeddable":true,"href":"https:\/\/gemaglobe.com\/index.php\/wp-json\/wp\/v2\/media\/46"}],"wp:attachment":[{"href":"https:\/\/gemaglobe.com\/index.php\/wp-json\/wp\/v2\/media?parent=45"}],"curies":[{"name":"wp","href":"https:\/\/api.w.org\/{rel}","templated":true}]}}