{"id":507,"date":"2020-01-23T13:40:22","date_gmt":"2020-01-23T18:40:22","guid":{"rendered":"http:\/\/gemagroup.ec\/?post_type=product&#038;p=507"},"modified":"2020-01-23T13:40:23","modified_gmt":"2020-01-23T18:40:23","slug":"mortero-porcelana-goma","status":"publish","type":"product","link":"https:\/\/gemaglobe.com\/index.php\/product\/mortero-porcelana-goma\/","title":{"rendered":"MORTERO (porcelana \/ goma)"},"content":{"rendered":"","protected":false},"excerpt":{"rendered":"<p><strong>Caracter\u00edsticas:<\/strong><\/p>\n<ul>\n<li>Fabricado en porcelana pesada.<\/li>\n<li>Mide 5 pulgadas (127 mm) de di\u00e1metro. y tiene una capacidad de 320 ml.<\/li>\n<li>El mortero est\u00e1 esmaltado a excepci\u00f3n del \u00e1rea de contacto de la muestra y<\/li>\n<li>Incluye peque\u00f1o mazo de <strong>Porcelana o Goma<\/strong><\/li>\n<\/ul>\n","protected":false},"featured_media":508,"comment_status":"open","ping_status":"closed","template":"","meta":[],"_links":{"self":[{"href":"https:\/\/gemaglobe.com\/index.php\/wp-json\/wp\/v2\/product\/507"}],"collection":[{"href":"https:\/\/gemaglobe.com\/index.php\/wp-json\/wp\/v2\/product"}],"about":[{"href":"https:\/\/gemaglobe.com\/index.php\/wp-json\/wp\/v2\/types\/product"}],"replies":[{"embeddable":true,"href":"https:\/\/gemaglobe.com\/index.php\/wp-json\/wp\/v2\/comments?post=507"}],"wp:featuredmedia":[{"embeddable":true,"href":"https:\/\/gemaglobe.com\/index.php\/wp-json\/wp\/v2\/media\/508"}],"wp:attachment":[{"href":"https:\/\/gemaglobe.com\/index.php\/wp-json\/wp\/v2\/media?parent=507"}],"curies":[{"name":"wp","href":"https:\/\/api.w.org\/{rel}","templated":true}]}}