{"id":524,"date":"2020-01-23T16:11:13","date_gmt":"2020-01-23T21:11:13","guid":{"rendered":"http:\/\/gemagroup.ec\/?post_type=product&#038;p=524"},"modified":"2020-01-23T16:11:46","modified_gmt":"2020-01-23T21:11:46","slug":"libro-de-color-colores-munsell","status":"publish","type":"product","link":"https:\/\/gemaglobe.com\/index.php\/product\/libro-de-color-colores-munsell\/","title":{"rendered":"LIBRO DE COLOR COLORES MUNSELL"},"content":{"rendered":"<p style=\"text-align: left;\">Fue desarrollado con el Servicio de Conservaci\u00f3n de Suelos de EE. UU. Para clasificar el color del suelo.<\/p>\n<p style=\"text-align: left;\">Este libro de color del suelo tambi\u00e9n se puede usar con rocas, muestras arqueol\u00f3gicas y otros materiales naturales.\u00a0Los Gr\u00e1ficos Munsell son una herramienta est\u00e1ndar utilizada por ge\u00f3logos, ingenieros civiles y cient\u00edficos del suelo.<\/p>\n<p style=\"text-align: left;\">Los gr\u00e1ficos con pesta\u00f1as incluyen los rangos de color 10R, 7.5R, 5R, 2.5YR, 5YR, 7.5YR, 10YR, 2.5Y, 5Y y 10Y-5GY.<\/p>\n<p style=\"text-align: left;\">Se incluyen gr\u00e1ficos para suelos tropicales y semitropicales, y para Australia y el sudeste asi\u00e1tico.<\/p>\n<p style=\"text-align: left;\">Un gr\u00e1fico de Gley de dos p\u00e1ginas para suelos sumergidos cubre cromas d\u00e9biles y neutros de tonos azules y verdes.\u00a0Se utiliza una p\u00e1gina en blanco para describir carbonato, s\u00edlice, yeso, sal soluble y m\u00e1s.<\/p>\n<p style=\"text-align: left;\">Las aberturas entre chips permiten una f\u00e1cil comparaci\u00f3n visual con muestras de suelo.<\/p>\n<p style=\"text-align: left;\">Se incluyen ilustraciones de estructuras de grano del suelo, gr\u00e1ficos para estimar proporciones de moteados y fragmentos gruesos, diagramas de nombres de colores e instrucciones.<\/p>\n<p style=\"text-align: left;\">Las virutas de color se montan en p\u00e1ginas de gris neutro, resistentes al agua de 7.25&#215;4.25 pulgadas (184&#215;108 mm) en una carpeta de hojas sueltas de 8&#215;6 pulgadas (203&#215;152 mm)<\/p>\n","protected":false},"excerpt":{"rendered":"<p>Caracter\u00edstica:<\/p>\n<ul>\n<li>El dise\u00f1o con pesta\u00f1as ayuda a encontrar informaci\u00f3n r\u00e1pidamente<\/li>\n<li>Permite una f\u00e1cil comparaci\u00f3n visual de los colores del suelo.<\/li>\n<li>Resistente al agua<\/li>\n<li>Ligero<\/li>\n<\/ul>\n<p><!--more--><\/p>\n","protected":false},"featured_media":526,"comment_status":"closed","ping_status":"closed","template":"","meta":[],"_links":{"self":[{"href":"https:\/\/gemaglobe.com\/index.php\/wp-json\/wp\/v2\/product\/524"}],"collection":[{"href":"https:\/\/gemaglobe.com\/index.php\/wp-json\/wp\/v2\/product"}],"about":[{"href":"https:\/\/gemaglobe.com\/index.php\/wp-json\/wp\/v2\/types\/product"}],"replies":[{"embeddable":true,"href":"https:\/\/gemaglobe.com\/index.php\/wp-json\/wp\/v2\/comments?post=524"}],"wp:featuredmedia":[{"embeddable":true,"href":"https:\/\/gemaglobe.com\/index.php\/wp-json\/wp\/v2\/media\/526"}],"wp:attachment":[{"href":"https:\/\/gemaglobe.com\/index.php\/wp-json\/wp\/v2\/media?parent=524"}],"curies":[{"name":"wp","href":"https:\/\/api.w.org\/{rel}","templated":true}]}}