{"id":539,"date":"2020-03-04T21:58:55","date_gmt":"2020-03-05T02:58:55","guid":{"rendered":"http:\/\/gemagroup.ec\/?post_type=product&#038;p=539"},"modified":"2020-03-17T11:46:23","modified_gmt":"2020-03-17T16:46:23","slug":"cbr-portatil","status":"publish","type":"product","link":"https:\/\/gemaglobe.com\/index.php\/product\/cbr-portatil\/","title":{"rendered":"CBR PORTATIL"},"content":{"rendered":"<p>Incluye:<\/p>\n<ul>\n<li><span class=\"\">Test Set BR-12 CBR campo, Jack de dos velocidades w \/ base giratoria, o <\/span><br \/>\n<span class=\"\">BR-13 CBR Conjunto de pruebas de campo, Jack Tres velocidad w \/ base giratoria<\/span><\/li>\n<li>2,000lbf Cargar Anillo con reloj comparador<\/li>\n<li>5,000lbf Cargar Anillo con reloj comparador<\/li>\n<li>La penetraci\u00f3n del pist\u00f3n con conjuntos de conectores y las extensiones<\/li>\n<li>Pesos Dos recargo de 10 libras<\/li>\n<li>Los pesos de 20 libras de dos recargo<\/li>\n<li>Uno de 10 libras, 10 pulgadas de di\u00e1metro recargo Plate<\/li>\n<li>Puente de apoyo<\/li>\n<li>Indicador de cuadrante con soporte magn\u00e9tico<\/li>\n<\/ul>\n","protected":false},"excerpt":{"rendered":"<p>Conjuntos de campo de prueba de CBR contienen todos los componentes necesarios para llevar a cabo pruebas de campo de California Bearing Ratio para las determinaciones de resistencia in situ de suelos. <span class=\"\">Hay dos modelos disponibles, cada una equipada con un conector de carga y manivela manual<\/span><\/p>\n<p><span class=\"\">Cada Conjunto de prueba tambi\u00e9n incluye anillos 2,000lbf y la carga 5,000lbf con relojes de comparaci\u00f3n, base giratoria para el Jack, Penetraci\u00f3n pist\u00f3n con conjuntos de conectores y de extensi\u00f3n, dos de 10 libras y dos pesas de 20 libras, 10 libras de recargo \/ 10 pulgadas de di\u00e1metro, Placa de recargo, puente de apoyo, y de acceso telef\u00f3nico indicador con soporte magn\u00e9tico. <\/span><span class=\"\">Cada componente se incluye con los equipos de prueba<\/span><\/p>\n","protected":false},"featured_media":544,"comment_status":"closed","ping_status":"closed","template":"","meta":[],"_links":{"self":[{"href":"https:\/\/gemaglobe.com\/index.php\/wp-json\/wp\/v2\/product\/539"}],"collection":[{"href":"https:\/\/gemaglobe.com\/index.php\/wp-json\/wp\/v2\/product"}],"about":[{"href":"https:\/\/gemaglobe.com\/index.php\/wp-json\/wp\/v2\/types\/product"}],"replies":[{"embeddable":true,"href":"https:\/\/gemaglobe.com\/index.php\/wp-json\/wp\/v2\/comments?post=539"}],"wp:featuredmedia":[{"embeddable":true,"href":"https:\/\/gemaglobe.com\/index.php\/wp-json\/wp\/v2\/media\/544"}],"wp:attachment":[{"href":"https:\/\/gemaglobe.com\/index.php\/wp-json\/wp\/v2\/media?parent=539"}],"curies":[{"name":"wp","href":"https:\/\/api.w.org\/{rel}","templated":true}]}}