{"id":541,"date":"2020-03-04T22:17:04","date_gmt":"2020-03-05T03:17:04","guid":{"rendered":"http:\/\/gemagroup.ec\/?post_type=product&#038;p=541"},"modified":"2020-03-04T22:21:04","modified_gmt":"2020-03-05T03:21:04","slug":"horno-de-gravedad-23-cm","status":"publish","type":"product","link":"https:\/\/gemaglobe.com\/index.php\/product\/horno-de-gravedad-23-cm\/","title":{"rendered":"HORNO DE GRAVEDAD (20 litros)"},"content":{"rendered":"","protected":false},"excerpt":{"rendered":"<p><strong>Caracter\u00edsticas:<\/strong><\/p>\n<ul>\n<li><span><span class=\"\">0.7ft <\/span><\/span><span><span class=\"\">3<\/span><\/span><span><span class=\"\"> (20L) Capacidad<\/span><\/span><\/li>\n<li><span>450 \u00b0 F (232 \u00b0 C) temperatura m\u00e1xima con \u00b1 3 C de uniformidad para el secado y controlados aplicaciones de calefacci\u00f3n \u00b0<\/span><\/li>\n<li><span>Bimet\u00e1lico termostato controlador<\/span><\/li>\n<li><span>convecci\u00f3n natural<\/span><\/li>\n<li><span>escudo t\u00e9rmico perforado<\/span><\/li>\n<li><span>Eficiente de la energ\u00eda, &#8220;Incoloy enfund\u00f3&#8221; elementos de calentamiento r\u00e1pido<\/span><\/li>\n<li><span>Tres capacidad de plataforma tiene capacidad para diversos usos<\/span><\/li>\n<li>Opciones de 115V y 230V<\/li>\n<\/ul>\n","protected":false},"featured_media":542,"comment_status":"closed","ping_status":"closed","template":"","meta":[],"_links":{"self":[{"href":"https:\/\/gemaglobe.com\/index.php\/wp-json\/wp\/v2\/product\/541"}],"collection":[{"href":"https:\/\/gemaglobe.com\/index.php\/wp-json\/wp\/v2\/product"}],"about":[{"href":"https:\/\/gemaglobe.com\/index.php\/wp-json\/wp\/v2\/types\/product"}],"replies":[{"embeddable":true,"href":"https:\/\/gemaglobe.com\/index.php\/wp-json\/wp\/v2\/comments?post=541"}],"wp:featuredmedia":[{"embeddable":true,"href":"https:\/\/gemaglobe.com\/index.php\/wp-json\/wp\/v2\/media\/542"}],"wp:attachment":[{"href":"https:\/\/gemaglobe.com\/index.php\/wp-json\/wp\/v2\/media?parent=541"}],"curies":[{"name":"wp","href":"https:\/\/api.w.org\/{rel}","templated":true}]}}