{"id":584,"date":"2020-05-31T16:50:46","date_gmt":"2020-05-31T21:50:46","guid":{"rendered":"http:\/\/gemagroup.ec\/?post_type=product&#038;p=584"},"modified":"2020-05-31T16:50:47","modified_gmt":"2020-05-31T21:50:47","slug":"et-inteligente-cts-662","status":"publish","type":"product","link":"https:\/\/gemaglobe.com\/index.php\/product\/et-inteligente-cts-662\/","title":{"rendered":"ET Inteligente &#8211; CTS-662"},"content":{"rendered":"<h3>La pantalla LCD t\u00e1ctil en ambos lados brinda a los top\u00f3grafos un entorno claro, colorido y totalmente gr\u00e1fico, el usuario puede encontrar f\u00e1cilmente los detalles en el mapa de croquis.<\/h3>\n<h3>Varios de los programas de topograf\u00eda que est\u00e1n incluidos, permiten a los top\u00f3grafos completar sus tareas directamente en el campo: desplazamiento de \u00e1ngulo, repetici\u00f3n de \u00e1ngulo, desplazamiento de doble distancia, medici\u00f3n de coordenadas, REM, MLM, replanteo, dise\u00f1o de carreteras, c\u00e1lculo de \u00e1rea, c\u00e1lculo de volumen, entre otros.<\/h3>\n<h3>Los cambios de temperatura y presi\u00f3n tienen un impacto negativo en la precisi\u00f3n de las mediciones de distancia.\u00a0El Smart TP Sensor monitorea autom\u00e1ticamente los cambios y ajusta los c\u00e1lculos de distancia.<\/h3>\n<h3>Los controladores externos se pueden vincular a la estaci\u00f3n total, a trav\u00e9s de la conexi\u00f3n inal\u00e1mbrica Bluetooth \u2122<\/h3>\n<h3>La tecla de disparo en el costado del instrumento permite a los usuarios comenzar la medici\u00f3n sin alejar la l\u00ednea de visi\u00f3n del telescopio.\u00a0Evita la vibraci\u00f3n en el teclado y aumenta la precisi\u00f3n de la medici\u00f3n<\/h3>\n<h3>El EDM de alta eficiencia permite mediciones de larga distancia: 600 \/ 1000m en modo sin reflector y hasta 3500-4000m usando un solo prisma, con precisi\u00f3n milim\u00e9trica.<\/h3>\n<h3>La velocidad de medici\u00f3n de distancia m\u00e1s r\u00e1pida es de 0.1 a 0.3 segundos, con una precisi\u00f3n de 2 mm, lo que hace que cualquier trabajo sea extremadamente rentable y confiable.<\/h3>\n<p><!--more--><\/p>\n<h3><img loading=\"lazy\" class=\"aligncenter wp-image-587 size-full\" src=\"http:\/\/gemagroup.ec\/wp-content\/uploads\/2020\/05\/Captura-de-pantalla-2020-05-31-a-las-16.47.55.png\" alt=\"\" width=\"1612\" height=\"1628\" srcset=\"https:\/\/gemaglobe.com\/wp-content\/uploads\/2020\/05\/Captura-de-pantalla-2020-05-31-a-las-16.47.55.png 1612w, https:\/\/gemaglobe.com\/wp-content\/uploads\/2020\/05\/Captura-de-pantalla-2020-05-31-a-las-16.47.55-150x150.png 150w, https:\/\/gemaglobe.com\/wp-content\/uploads\/2020\/05\/Captura-de-pantalla-2020-05-31-a-las-16.47.55-297x300.png 297w, https:\/\/gemaglobe.com\/wp-content\/uploads\/2020\/05\/Captura-de-pantalla-2020-05-31-a-las-16.47.55-768x776.png 768w, https:\/\/gemaglobe.com\/wp-content\/uploads\/2020\/05\/Captura-de-pantalla-2020-05-31-a-las-16.47.55-1014x1024.png 1014w, https:\/\/gemaglobe.com\/wp-content\/uploads\/2020\/05\/Captura-de-pantalla-2020-05-31-a-las-16.47.55-495x500.png 495w, https:\/\/gemaglobe.com\/wp-content\/uploads\/2020\/05\/Captura-de-pantalla-2020-05-31-a-las-16.47.55-600x606.png 600w, https:\/\/gemaglobe.com\/wp-content\/uploads\/2020\/05\/Captura-de-pantalla-2020-05-31-a-las-16.47.55-100x100.png 100w\" sizes=\"(max-width: 1612px) 100vw, 1612px\" \/><\/h3>\n","protected":false},"excerpt":{"rendered":"<p><strong>Caracter\u00edsticas:<\/strong><\/p>\n<ul>\n<li>Comunicaci\u00f3n inal\u00e1mbrica Bluetooth<\/li>\n<li>PANTALLA T\u00c1CTIL<\/li>\n<li>Programa Pr\u00e1ctico<\/li>\n<li>Sensores de presi\u00f3n y temperatura<\/li>\n<li>Tecla de disparo<\/li>\n<li>Medicion de larga distancia<\/li>\n<li>Memoria interna de 98 mb y 8 gb de memoria externa<\/li>\n<li>A prueba de polvo \/ impermeable<\/li>\n<li>Telescopio de 30 aumentos<\/li>\n<\/ul>\n","protected":false},"featured_media":586,"comment_status":"closed","ping_status":"closed","template":"","meta":[],"_links":{"self":[{"href":"https:\/\/gemaglobe.com\/index.php\/wp-json\/wp\/v2\/product\/584"}],"collection":[{"href":"https:\/\/gemaglobe.com\/index.php\/wp-json\/wp\/v2\/product"}],"about":[{"href":"https:\/\/gemaglobe.com\/index.php\/wp-json\/wp\/v2\/types\/product"}],"replies":[{"embeddable":true,"href":"https:\/\/gemaglobe.com\/index.php\/wp-json\/wp\/v2\/comments?post=584"}],"wp:featuredmedia":[{"embeddable":true,"href":"https:\/\/gemaglobe.com\/index.php\/wp-json\/wp\/v2\/media\/586"}],"wp:attachment":[{"href":"https:\/\/gemaglobe.com\/index.php\/wp-json\/wp\/v2\/media?parent=584"}],"curies":[{"name":"wp","href":"https:\/\/api.w.org\/{rel}","templated":true}]}}