{"id":589,"date":"2020-05-31T17:23:48","date_gmt":"2020-05-31T22:23:48","guid":{"rendered":"http:\/\/gemagroup.ec\/?post_type=product&#038;p=589"},"modified":"2020-05-31T17:50:15","modified_gmt":"2020-05-31T22:50:15","slug":"et-inteligente-kts-470-series","status":"publish","type":"product","link":"https:\/\/gemaglobe.com\/index.php\/product\/et-inteligente-kts-470-series\/","title":{"rendered":"ET Inteligente &#8211; KTS-470 Series"},"content":{"rendered":"<h3>Esta estaci\u00f3n total avanzada emplea una serie de software de mapeo para elegir por los usuarios.\u00a0Tales como Microsurvey FieldGenius, KOLIDA Engineering Genius.\u00a0El usuario puede personalizar sus propios programas tambi\u00e9n.<\/h3>\n<h3>La pantalla t\u00e1ctil LCD de 640 \u00d7 480 en ambos lados brinda a los top\u00f3grafos un entorno claro, colorido y totalmente gr\u00e1fico, el usuario puede encontrar f\u00e1cilmente detalles en su dibujo \/ dise\u00f1o \/ mapa de fondo de alta resoluci\u00f3n.<\/h3>\n<h3>Los controladores externos se pueden vincular a la estaci\u00f3n total, a trav\u00e9s de la conexi\u00f3n inal\u00e1mbrica Bluetooth \u2122.<\/h3>\n<h3>La transferencia de datos se puede realizar a trav\u00e9s de Bluetooth y wifi.<\/h3>\n<h3>Los cambios de temperatura y presi\u00f3n tienen un impacto negativo en la precisi\u00f3n de las mediciones de distancia.\u00a0El Smart TP Sensor monitorea autom\u00e1ticamente los cambios y ajusta los c\u00e1lculos de distancia.<\/h3>\n<h3>Gracias al EDM de alta eficiencia permite mediciones de larga distancia: 600 \/ 1000m en modo sin reflector y hasta 5000m con un solo prisma, con precisi\u00f3n milim\u00e9trica.<\/h3>\n<h3>La velocidad de medici\u00f3n de distancia m\u00e1s r\u00e1pida es de 0.1 a 0.3 segundos, con una precisi\u00f3n de 2 mm, lo que hace que cualquier trabajo sea extremadamente rentable y confiable<\/h3>\n<h3>La memoria interna de 512Mb y la tarjeta SD de hasta 32 Gb pueden almacenar una gran cantidad de datos.\u00a0Los usuarios no necesitan preocuparse por el espacio de memoria.\u00a0Operaci\u00f3n sencilla al agregar, eliminar, modificar, transferir datos. La PC puede reconocer la estaci\u00f3n total como un disco de memoria flash.<\/h3>\n<p><!--more--><img loading=\"lazy\" class=\"aligncenter wp-image-590 size-full\" src=\"http:\/\/gemagroup.ec\/wp-content\/uploads\/2020\/05\/Captura-de-pantalla-2020-05-31-a-las-17.40.10.png\" alt=\"\" width=\"1444\" height=\"646\" srcset=\"https:\/\/gemaglobe.com\/wp-content\/uploads\/2020\/05\/Captura-de-pantalla-2020-05-31-a-las-17.40.10.png 1444w, https:\/\/gemaglobe.com\/wp-content\/uploads\/2020\/05\/Captura-de-pantalla-2020-05-31-a-las-17.40.10-300x134.png 300w, https:\/\/gemaglobe.com\/wp-content\/uploads\/2020\/05\/Captura-de-pantalla-2020-05-31-a-las-17.40.10-768x344.png 768w, https:\/\/gemaglobe.com\/wp-content\/uploads\/2020\/05\/Captura-de-pantalla-2020-05-31-a-las-17.40.10-1024x458.png 1024w, https:\/\/gemaglobe.com\/wp-content\/uploads\/2020\/05\/Captura-de-pantalla-2020-05-31-a-las-17.40.10-840x376.png 840w, https:\/\/gemaglobe.com\/wp-content\/uploads\/2020\/05\/Captura-de-pantalla-2020-05-31-a-las-17.40.10-600x268.png 600w\" sizes=\"(max-width: 1444px) 100vw, 1444px\" \/><\/p>\n","protected":false},"excerpt":{"rendered":"<p><strong>Caracter\u00edsticas:<\/strong><\/p>\n<ul>\n<li>Comunicaci\u00f3n inal\u00e1mbrica Bluetooth y WiFi<\/li>\n<li>PANTALLA T\u00c1CTIL \u00a0LCD de 640 \u00d7 480 en ambos lados<\/li>\n<li>Software de mapeo<\/li>\n<li>Sensores de presi\u00f3n y temperatura<\/li>\n<li>Tecla de disparo<\/li>\n<li>Medicion de larga distancia<\/li>\n<li>Memoria interna de 512Mb y 32 Gb de memoria externa<\/li>\n<\/ul>\n","protected":false},"featured_media":591,"comment_status":"closed","ping_status":"closed","template":"","meta":[],"_links":{"self":[{"href":"https:\/\/gemaglobe.com\/index.php\/wp-json\/wp\/v2\/product\/589"}],"collection":[{"href":"https:\/\/gemaglobe.com\/index.php\/wp-json\/wp\/v2\/product"}],"about":[{"href":"https:\/\/gemaglobe.com\/index.php\/wp-json\/wp\/v2\/types\/product"}],"replies":[{"embeddable":true,"href":"https:\/\/gemaglobe.com\/index.php\/wp-json\/wp\/v2\/comments?post=589"}],"wp:featuredmedia":[{"embeddable":true,"href":"https:\/\/gemaglobe.com\/index.php\/wp-json\/wp\/v2\/media\/591"}],"wp:attachment":[{"href":"https:\/\/gemaglobe.com\/index.php\/wp-json\/wp\/v2\/media?parent=589"}],"curies":[{"name":"wp","href":"https:\/\/api.w.org\/{rel}","templated":true}]}}