{"id":598,"date":"2020-05-31T19:28:23","date_gmt":"2020-06-01T00:28:23","guid":{"rendered":"http:\/\/gemagroup.ec\/?post_type=product&#038;p=598"},"modified":"2020-05-31T19:36:39","modified_gmt":"2020-06-01T00:36:39","slug":"skycruiser-a22-series","status":"publish","type":"product","link":"https:\/\/gemaglobe.com\/index.php\/product\/skycruiser-a22-series\/","title":{"rendered":"UAV &#8211; SkyCruiser A22 Series"},"content":{"rendered":"<table style=\"height: 454px;\" width=\"1156\">\n<tbody>\n<tr class=\"firstRow\">\n<td valign=\"top\" width=\"720\"><img loading=\"lazy\" class=\"aligncenter\" title=\"5c85d50133ade.png\" src=\"http:\/\/www.kolidainstrument.com\/uploads\/image\/2019-03-11\/5c85d50133ade.png\" alt=\"5c85d50133ade.png\" width=\"446\" height=\"444\" \/><\/td>\n<td valign=\"top\" width=\"720\"><strong>Uso m\u00faltiple y <\/strong><strong>Alta precisi\u00f3n.<\/strong><\/p>\n<p>La serie UAV A22 de ala fija es una soluci\u00f3n ideal para levantamientos topogr\u00e1ficos, levantamientos de construcci\u00f3n y monitoreo, acciones legales.<\/p>\n<p>Para inspeccionar y mapear un terreno tipo cinta, el UAV de ala fija es m\u00e1s eficiente que el UAV multirrotor.\u00a0Aplicaci\u00f3n t\u00edpica: l\u00edneas el\u00e9ctricas, carreteras y ferrocarriles, tuber\u00edas de energ\u00eda.<\/p>\n<p>La precisi\u00f3n absoluta con los GCP puede alcanzar 1 cm (H) \/ 3 cm (V) para A22plus y 2 cm (H) \/ 5 cm (V) para A22.<\/td>\n<\/tr>\n<\/tbody>\n<\/table>\n<table style=\"height: 410px;\" width=\"1159\">\n<tbody>\n<tr class=\"firstRow\">\n<td valign=\"top\" width=\"720\"><strong>Resultado de datos<\/strong><\/p>\n<p>Despu\u00e9s de un vuelo, el usuario puede obtener datos sin procesar de la foto y el archivo POS.\u00a0Despu\u00e9s del procesamiento, se puede generar un mapa Mosaico, DSM, DEM, DOM, DLG, Nube de puntos, modelo 3D.<\/td>\n<td valign=\"top\" width=\"720\"><img loading=\"lazy\" class=\"aligncenter\" title=\"a22data\" src=\"http:\/\/www.kolidainstrument.com\/uploads\/image\/2019-03-26\/5c99c15e8d076.jpg\" alt=\"a22data\" width=\"584\" height=\"412\" \/><\/td>\n<\/tr>\n<\/tbody>\n<\/table>\n<table style=\"height: 735px;\" width=\"1160\">\n<tbody>\n<tr class=\"firstRow\">\n<td valign=\"top\" width=\"720\"><img loading=\"lazy\" class=\"aligncenter\" title=\"a22 eff\" src=\"http:\/\/www.kolidainstrument.com\/uploads\/image\/2019-03-26\/5c99c323cd3e0.png\" alt=\"a22 eff\" width=\"537\" height=\"422\" \/><\/td>\n<td valign=\"top\" width=\"720\"><b>F\u00e1cil\u00a0Operaci\u00f3n y <\/b><strong>Alta eficiencia.<\/strong><\/p>\n<p>El tiempo de configuraci\u00f3n es de solo 10 minutos, 3 pasos antes de volar: instalar, planificar, verificar.\u00a0Desmontar y salir en 10 minutos.<\/p>\n<p>Operaci\u00f3n para una sola persona: 3-4 horas para aprender el despegue, 2-3 vuelos para aprender la operaci\u00f3n GCS.<\/p>\n<p>La resistencia de A22 es de 60-80 minutos, la velocidad de vuelo puede alcanzar los 75 km \/ h, un solo vuelo puede cubrir 20 km 2.<\/td>\n<\/tr>\n<tr class=\"firstRow\">\n<td valign=\"top\" width=\"720\"><strong>Confiable y duradero<\/strong><\/p>\n<p>El A22 est\u00e1 dise\u00f1ado para sufrir un aterrizaje del vientre 300 veces sin cambiar piezas, larga vida y bajo costo de reparaci\u00f3n.\u00a0La precisi\u00f3n del aterrizaje es de 5m.<\/p>\n<p>Gracias al dise\u00f1o avanzado de seguridad activa, A22 puede evitar al menos 16 riesgos durante el vuelo.<\/td>\n<td valign=\"top\" width=\"720\"><\/td>\n<\/tr>\n<\/tbody>\n<\/table>\n","protected":false},"excerpt":{"rendered":"<p><strong>Caracter\u00edsticas:<\/strong><\/p>\n<ul>\n<li><span style=\"font-family: -apple-system, BlinkMacSystemFont, 'Segoe UI', Roboto, Oxygen-Sans, Ubuntu, Cantarell, 'Helvetica Neue', sans-serif;\">UAV de ala fija probado en el mercado.<\/span><\/li>\n<li>60 minutos de vuelo<\/li>\n<li>Puede ser operado por 1 persona<\/li>\n<\/ul>\n","protected":false},"featured_media":601,"comment_status":"closed","ping_status":"closed","template":"","meta":[],"_links":{"self":[{"href":"https:\/\/gemaglobe.com\/index.php\/wp-json\/wp\/v2\/product\/598"}],"collection":[{"href":"https:\/\/gemaglobe.com\/index.php\/wp-json\/wp\/v2\/product"}],"about":[{"href":"https:\/\/gemaglobe.com\/index.php\/wp-json\/wp\/v2\/types\/product"}],"replies":[{"embeddable":true,"href":"https:\/\/gemaglobe.com\/index.php\/wp-json\/wp\/v2\/comments?post=598"}],"wp:featuredmedia":[{"embeddable":true,"href":"https:\/\/gemaglobe.com\/index.php\/wp-json\/wp\/v2\/media\/601"}],"wp:attachment":[{"href":"https:\/\/gemaglobe.com\/index.php\/wp-json\/wp\/v2\/media?parent=598"}],"curies":[{"name":"wp","href":"https:\/\/api.w.org\/{rel}","templated":true}]}}