{"id":645,"date":"2020-06-02T18:46:56","date_gmt":"2020-06-02T23:46:56","guid":{"rendered":"http:\/\/gemagroup.ec\/?post_type=product&#038;p=645"},"modified":"2020-06-02T18:46:56","modified_gmt":"2020-06-02T23:46:56","slug":"uav-multi-rotor-skywalker-x63","status":"publish","type":"product","link":"https:\/\/gemaglobe.com\/index.php\/product\/uav-multi-rotor-skywalker-x63\/","title":{"rendered":"UAV &#8211; Multi-Rotor SkyWalker X63"},"content":{"rendered":"<div id=\"over_scr\" class=\"ul_parameter\">\n<p><span>SkyWalker X63 es el \u00fanico modelo en el mercado con capacidad de actualizaci\u00f3n PPK \/ RTK basada en una plataforma de m\u00faltiples rotores, mientras que todos los dem\u00e1s modelos PPK \/ RTK son solo drones de ala fija.\u00a0<\/span><\/p>\n<p><span>Para la versi\u00f3n est\u00e1ndar, la resistencia de vuelo casi hasta 1 hora, con un tiempo de fotograf\u00eda a\u00e9rea efectivo de hasta 40-50 minutos, rara vez el rotor m\u00faltiple en el mercado puede alcanzar un tiempo de resistencia tan largo.\u00a0<\/span><\/p>\n<p><span>Un dron multifuncional listo para m\u00faltiples opciones de carga \u00fatil (sistema integrado de c\u00e1mara de lentes m\u00faltiples, c\u00e1mara termogr\u00e1fica infrarroja, transmisor de video inal\u00e1mbrico digital, sistema LiDAR aerotransportado, etc.) contra una variedad de prop\u00f3sitos tales como mapeo y otras aplicaciones relacionadas.<\/span><\/p>\n<p><span>Dise\u00f1ado con redundancia como los sistemas de control de doble vuelo para una experiencia de vuelo m\u00e1s segura y confiable.<\/span><\/p>\n<p><img loading=\"lazy\" class=\"\" title=\"5 lentes - Copiar\" src=\"http:\/\/www.kolidainstrument.com\/uploads\/image\/2019-04-30\/5cc7f9f8813f7.jpg\" alt=\"5 lentes - Copiar\" width=\"355\" height=\"473\" \/><img loading=\"lazy\" title=\"C\u00e1mara de 2 lentes\" src=\"http:\/\/www.kolidainstrument.com\/uploads\/image\/2019-04-30\/5cc7fa1b75e6b.jpg\" alt=\"C\u00e1mara de 2 lentes\" width=\"383\" height=\"352\" \/><\/p>\n<p><span>La c\u00e1mara de 5 lentes y la c\u00e1mara de 2 lentes est\u00e1n dise\u00f1adas para hacer proyectos en fotograf\u00eda oblicua y generar modelos 3D de edificios o modelos de terreno despu\u00e9s del procesamiento posterior en software de fotogrametr\u00eda, como Smart 3D, Pix4D, etc<\/p>\n<p><\/span><\/p>\n<p><img loading=\"lazy\" class=\"aligncenter wp-image-646 size-full\" src=\"http:\/\/gemagroup.ec\/wp-content\/uploads\/2020\/06\/Captura-de-pantalla-2020-06-02-a-las-18.30.48.png\" alt=\"\" width=\"902\" height=\"1848\" srcset=\"https:\/\/gemaglobe.com\/wp-content\/uploads\/2020\/06\/Captura-de-pantalla-2020-06-02-a-las-18.30.48.png 902w, https:\/\/gemaglobe.com\/wp-content\/uploads\/2020\/06\/Captura-de-pantalla-2020-06-02-a-las-18.30.48-146x300.png 146w, https:\/\/gemaglobe.com\/wp-content\/uploads\/2020\/06\/Captura-de-pantalla-2020-06-02-a-las-18.30.48-768x1573.png 768w, https:\/\/gemaglobe.com\/wp-content\/uploads\/2020\/06\/Captura-de-pantalla-2020-06-02-a-las-18.30.48-500x1024.png 500w, https:\/\/gemaglobe.com\/wp-content\/uploads\/2020\/06\/Captura-de-pantalla-2020-06-02-a-las-18.30.48-244x500.png 244w, https:\/\/gemaglobe.com\/wp-content\/uploads\/2020\/06\/Captura-de-pantalla-2020-06-02-a-las-18.30.48-600x1229.png 600w\" sizes=\"(max-width: 902px) 100vw, 902px\" \/><\/p>\n<\/div>\n","protected":false},"excerpt":{"rendered":"<p><strong>Caracter\u00edsticas:<\/strong><\/p>\n<ul>\n<li><span class=\"card__icon-title\"><span>40-50 minutos. <\/span><\/span>Duraci\u00f3n efectiva de la fotograf\u00eda.<\/li>\n<li><span class=\"card__icon-title\"><span>Hasta 25 cm de p<\/span><\/span>recisi\u00f3n absoluta (sin PCG) y h<span class=\"card__icon-title\"><span>asta 5 cm de p<\/span><\/span>recisi\u00f3n absoluta (con GCP).<\/li>\n<li><span class=\"card__icon-title\"><span>8 m\/s de v<\/span><\/span><span>elocidad crucero<\/span><\/li>\n<li><span class=\"card__icon-title\"><span>5 minutos de c<\/span><\/span>onfiguraci\u00f3n previa al vuelo<\/li>\n<li><span class=\"card__icon-title\">8 m \/ s<\/span>Velocidad de crucero.<\/li>\n<li><span class=\"card__icon-title\">(VTOL) <\/span>Lanzamiento y Recuperaci\u00f3n<\/li>\n<\/ul>\n","protected":false},"featured_media":647,"comment_status":"closed","ping_status":"closed","template":"","meta":[],"_links":{"self":[{"href":"https:\/\/gemaglobe.com\/index.php\/wp-json\/wp\/v2\/product\/645"}],"collection":[{"href":"https:\/\/gemaglobe.com\/index.php\/wp-json\/wp\/v2\/product"}],"about":[{"href":"https:\/\/gemaglobe.com\/index.php\/wp-json\/wp\/v2\/types\/product"}],"replies":[{"embeddable":true,"href":"https:\/\/gemaglobe.com\/index.php\/wp-json\/wp\/v2\/comments?post=645"}],"wp:featuredmedia":[{"embeddable":true,"href":"https:\/\/gemaglobe.com\/index.php\/wp-json\/wp\/v2\/media\/647"}],"wp:attachment":[{"href":"https:\/\/gemaglobe.com\/index.php\/wp-json\/wp\/v2\/media?parent=645"}],"curies":[{"name":"wp","href":"https:\/\/api.w.org\/{rel}","templated":true}]}}