{"id":649,"date":"2020-06-03T22:09:48","date_gmt":"2020-06-04T03:09:48","guid":{"rendered":"http:\/\/gemagroup.ec\/?post_type=product&#038;p=649"},"modified":"2020-06-03T22:09:48","modified_gmt":"2020-06-04T03:09:48","slug":"distanciometro-pd-520n","status":"publish","type":"product","link":"https:\/\/gemaglobe.com\/index.php\/product\/distanciometro-pd-520n\/","title":{"rendered":"DISTANCIOMETRO PD-520N"},"content":{"rendered":"<p>Distanci\u00f3metro L\u00e1ser de mano marca Kolida para desempe\u00f1o en exteriores. Este equipo peque\u00f1o, liviano y poderoso, de dise\u00f1o ergon\u00f3mico, con amplia pantalla color iluminable, robusto y resistente al polvo y agua (IP54) se destaca por poseer una c\u00e1mara de video con 1x, 2x y 3x de zoom para poder visualizar con detalle el lugar de incidencia del puntero l\u00e1ser en la zona de inter\u00e9s de la medici\u00f3n. Esto facilita realizar mediciones a largas distancias con luz intensa en exteriores.<img loading=\"lazy\" class=\"alignnone size-large wp-image-650\" src=\"http:\/\/gemagroup.ec\/wp-content\/uploads\/2020\/06\/Captura-de-pantalla-2020-06-03-a-las-22.01.58-528x1024.png\" alt=\"\" width=\"528\" height=\"1024\" srcset=\"https:\/\/gemaglobe.com\/wp-content\/uploads\/2020\/06\/Captura-de-pantalla-2020-06-03-a-las-22.01.58-528x1024.png 528w, https:\/\/gemaglobe.com\/wp-content\/uploads\/2020\/06\/Captura-de-pantalla-2020-06-03-a-las-22.01.58-155x300.png 155w, https:\/\/gemaglobe.com\/wp-content\/uploads\/2020\/06\/Captura-de-pantalla-2020-06-03-a-las-22.01.58-258x500.png 258w, https:\/\/gemaglobe.com\/wp-content\/uploads\/2020\/06\/Captura-de-pantalla-2020-06-03-a-las-22.01.58.png 550w\" sizes=\"(max-width: 528px) 100vw, 528px\" \/> <img loading=\"lazy\" class=\"alignnone size-large wp-image-651\" src=\"http:\/\/gemagroup.ec\/wp-content\/uploads\/2020\/06\/Captura-de-pantalla-2020-06-03-a-las-22.02.04-520x1024.png\" alt=\"\" width=\"520\" height=\"1024\" srcset=\"https:\/\/gemaglobe.com\/wp-content\/uploads\/2020\/06\/Captura-de-pantalla-2020-06-03-a-las-22.02.04-520x1024.png 520w, https:\/\/gemaglobe.com\/wp-content\/uploads\/2020\/06\/Captura-de-pantalla-2020-06-03-a-las-22.02.04-152x300.png 152w, https:\/\/gemaglobe.com\/wp-content\/uploads\/2020\/06\/Captura-de-pantalla-2020-06-03-a-las-22.02.04-254x500.png 254w, https:\/\/gemaglobe.com\/wp-content\/uploads\/2020\/06\/Captura-de-pantalla-2020-06-03-a-las-22.02.04.png 526w\" sizes=\"(max-width: 520px) 100vw, 520px\" \/><\/p>\n","protected":false},"excerpt":{"rendered":"<p><strong>Caracter\u00edsticas:<\/strong><\/p>\n<ul>\n<li>Rango de medici\u00f3n: Rango de medici\u00f3n: 0,05 a 200m sobre tarjeta reflectora (incluida en el suministro) y hasta 120m en forma directa.<\/li>\n<li>Precisi\u00f3n: +\/- 1,5mm<\/li>\n<li>Medici\u00f3n de superficies y vol\u00famenes<\/li>\n<li>Resoluci\u00f3n de tri\u00e1ngulos por Pit\u00e1goras<\/li>\n<li>Medici\u00f3n simple o continua (tracking) con determinaci\u00f3n de distancias m\u00ednimas y m\u00e1ximas<\/li>\n<li>Medici\u00f3n Trapezoidal<\/li>\n<li>Replanteo de distancias<\/li>\n<li>Funciones de adici\u00f3n y sustracci\u00f3n de distancias<\/li>\n<li>Almacenamiento de hasta 99 mediciones<\/li>\n<li>Alimentaci\u00f3n con bater\u00eda Litio-Ion que permite m\u00e1s de 20000 mediciones<\/li>\n<li>Sensor de inclinaci\u00f3n +\/- 90\u00b0<\/li>\n<li>Funci\u00f3n de autoapagado<\/li>\n<\/ul>\n<p>&nbsp;<\/p>\n","protected":false},"featured_media":654,"comment_status":"closed","ping_status":"closed","template":"","meta":[],"_links":{"self":[{"href":"https:\/\/gemaglobe.com\/index.php\/wp-json\/wp\/v2\/product\/649"}],"collection":[{"href":"https:\/\/gemaglobe.com\/index.php\/wp-json\/wp\/v2\/product"}],"about":[{"href":"https:\/\/gemaglobe.com\/index.php\/wp-json\/wp\/v2\/types\/product"}],"replies":[{"embeddable":true,"href":"https:\/\/gemaglobe.com\/index.php\/wp-json\/wp\/v2\/comments?post=649"}],"wp:featuredmedia":[{"embeddable":true,"href":"https:\/\/gemaglobe.com\/index.php\/wp-json\/wp\/v2\/media\/654"}],"wp:attachment":[{"href":"https:\/\/gemaglobe.com\/index.php\/wp-json\/wp\/v2\/media?parent=649"}],"curies":[{"name":"wp","href":"https:\/\/api.w.org\/{rel}","templated":true}]}}