{"id":656,"date":"2020-06-15T17:46:52","date_gmt":"2020-06-15T22:46:52","guid":{"rendered":"http:\/\/gemagroup.ec\/?post_type=product&#038;p=656"},"modified":"2022-01-06T12:18:57","modified_gmt":"2022-01-06T17:18:57","slug":"k5plus-2","status":"publish","type":"product","link":"https:\/\/gemaglobe.com\/index.php\/product\/k5plus-2\/","title":{"rendered":"K1 PRO"},"content":{"rendered":"<p style=\"text-align: center;\"><strong><img loading=\"lazy\" class=\"wp-image-986 alignleft\" src=\"http:\/\/gemagroup.ec\/wp-content\/uploads\/2020\/06\/5eba178e6e565.jpg\" alt=\"\" width=\"359\" height=\"208\" srcset=\"https:\/\/gemaglobe.com\/wp-content\/uploads\/2020\/06\/5eba178e6e565.jpg 686w, https:\/\/gemaglobe.com\/wp-content\/uploads\/2020\/06\/5eba178e6e565-300x174.jpg 300w, https:\/\/gemaglobe.com\/wp-content\/uploads\/2020\/06\/5eba178e6e565-517x300.jpg 517w, https:\/\/gemaglobe.com\/wp-content\/uploads\/2020\/06\/5eba178e6e565-600x348.jpg 600w, https:\/\/gemaglobe.com\/wp-content\/uploads\/2020\/06\/5eba178e6e565-64x37.jpg 64w\" sizes=\"(max-width: 359px) 100vw, 359px\" \/>El l\u00edder mundial\u00a0<\/strong><\/p>\n<p style=\"text-align: center;\"><strong>Motor GNSS<\/strong><\/p>\n<p>El\u00a0\u00a0motor\u00a0Maxwell 7\u00a0\u00a0GNSS dentro de K1 PRO proporciona una velocidad de posicionamiento ultra r\u00e1pida, por lo general comienza a rastrear la se\u00f1al del sat\u00e9lite dentro de los 5 segundos despu\u00e9s de encenderse, la coordenada se puede adquirir dentro de los 10 segundos<span style=\"color: #339966;\">.\u00a0(\u00a0<\/span><span style=\"color: #339966;\">La configuraci\u00f3n predeterminada es 336 canales, 672 canales es actualizable\u00a0)<\/span><\/p>\n<p>&nbsp;<\/p>\n<p>&nbsp;<\/p>\n<p style=\"text-align: center;\"><strong>Star-Fill,\u00a0<\/strong><\/p>\n<p style=\"text-align: center;\"><strong>Guardar la p\u00e9rdida de se\u00f1al<\/strong><\/p>\n<p style=\"text-align: center;\">Esta nueva funci\u00f3n le permitir\u00e1 continuar trabajando unos minutos cuando la se\u00f1al de radio o m\u00f3vil se est\u00e1 volviendo muy pobre o incluso se pierde en el \u00e1rea ciega.\u00a0La precisi\u00f3n es de hasta 2 cm.<\/p>\n<p><img loading=\"lazy\" class=\" wp-image-987 aligncenter\" src=\"http:\/\/gemagroup.ec\/wp-content\/uploads\/2020\/06\/5eba3790d4f46.jpg\" alt=\"\" width=\"496\" height=\"288\" srcset=\"https:\/\/gemaglobe.com\/wp-content\/uploads\/2020\/06\/5eba3790d4f46.jpg 686w, https:\/\/gemaglobe.com\/wp-content\/uploads\/2020\/06\/5eba3790d4f46-300x174.jpg 300w, https:\/\/gemaglobe.com\/wp-content\/uploads\/2020\/06\/5eba3790d4f46-517x300.jpg 517w, https:\/\/gemaglobe.com\/wp-content\/uploads\/2020\/06\/5eba3790d4f46-600x348.jpg 600w, https:\/\/gemaglobe.com\/wp-content\/uploads\/2020\/06\/5eba3790d4f46-64x37.jpg 64w\" sizes=\"(max-width: 496px) 100vw, 496px\" \/><\/p>\n<p style=\"text-align: center;\"><a href=\"https:\/\/youtu.be\/VvHJN6bkUDo\">https:\/\/youtu.be\/VvHJN6bkUDo<\/a><\/p>\n<p>&nbsp;<\/p>\n<p style=\"text-align: center;\"><strong>Star-Link,\u00a0<\/strong><\/p>\n<p style=\"text-align: center;\"><strong>Libertad infinita<\/strong><\/p>\n<p>\u00a1El servicio de correcci\u00f3n Star-Link de precisi\u00f3n de 2 cm est\u00e1 disponible!\u00a0Despu\u00e9s de suscribirse, los top\u00f3grafos pueden trabajar en casi cualquier parte del mundo sin una estaci\u00f3n base o red VRS.\u00a0Soluci\u00f3n ideal para topograf\u00eda y mapeo, exploraci\u00f3n de recursos naturales en\u00a0\u00a0\u00e1reas remotas.<\/p>\n<p style=\"text-align: center;\"><strong>10 innovaciones\u00a0<\/strong><\/p>\n<p style=\"text-align: center;\"><strong>para aumentar la eficiencia<\/strong><\/p>\n<p>Se redise\u00f1aron m\u00e1s de 10 programas o funciones para que su trabajo fluya de manera m\u00e1s simple y fluida, le permita trabajar de manera m\u00e1s f\u00e1cil y c\u00f3moda, y ayudarlo a obtener resultados de trabajo m\u00e1s confiables.<\/p>\n<p>&nbsp;<\/p>\n<p><img loading=\"lazy\" class=\" wp-image-988 aligncenter\" src=\"http:\/\/gemagroup.ec\/wp-content\/uploads\/2020\/06\/618b8e6f13275.jpg\" alt=\"\" width=\"487\" height=\"283\" srcset=\"https:\/\/gemaglobe.com\/wp-content\/uploads\/2020\/06\/618b8e6f13275.jpg 686w, https:\/\/gemaglobe.com\/wp-content\/uploads\/2020\/06\/618b8e6f13275-300x174.jpg 300w, https:\/\/gemaglobe.com\/wp-content\/uploads\/2020\/06\/618b8e6f13275-517x300.jpg 517w, https:\/\/gemaglobe.com\/wp-content\/uploads\/2020\/06\/618b8e6f13275-600x348.jpg 600w, https:\/\/gemaglobe.com\/wp-content\/uploads\/2020\/06\/618b8e6f13275-64x37.jpg 64w\" sizes=\"(max-width: 487px) 100vw, 487px\" \/><\/p>\n<p style=\"text-align: center;\"><strong>M\u00e1s duradero y resistente\u00a0<\/strong><\/p>\n<p>K1 PRO est\u00e1 completamente sellado, tiene una prueba de nivel IP 68.<\/p>\n<p>La bater\u00eda incorporada tiene una capacidad de 10,000 mAh y puede funcionar de 8 a 14 horas como RTK rover, con solo una recarga.<\/p>\n<p>La caja de bater\u00eda externa SA6003 puede agregar 13,600 mAh y proporcionar algunas horas de trabajo adicionales.\u00a0(SA6003 es un accesorio opcional)<\/p>\n<p>&nbsp;<\/p>\n<p>&nbsp;<\/p>\n<p>&nbsp;<\/p>\n<p style=\"text-align: center;\"><img loading=\"lazy\" class=\"wp-image-989 alignleft\" src=\"http:\/\/gemagroup.ec\/wp-content\/uploads\/2020\/06\/618b8f1c6dcc8.jpg\" alt=\"\" width=\"419\" height=\"243\" srcset=\"https:\/\/gemaglobe.com\/wp-content\/uploads\/2020\/06\/618b8f1c6dcc8.jpg 686w, https:\/\/gemaglobe.com\/wp-content\/uploads\/2020\/06\/618b8f1c6dcc8-300x174.jpg 300w, https:\/\/gemaglobe.com\/wp-content\/uploads\/2020\/06\/618b8f1c6dcc8-517x300.jpg 517w, https:\/\/gemaglobe.com\/wp-content\/uploads\/2020\/06\/618b8f1c6dcc8-600x348.jpg 600w, https:\/\/gemaglobe.com\/wp-content\/uploads\/2020\/06\/618b8f1c6dcc8-64x37.jpg 64w\" sizes=\"(max-width: 419px) 100vw, 419px\" \/><\/p>\n<p>&nbsp;<\/p>\n<p style=\"text-align: center;\"><strong>Trabaja m\u00e1s seguro y m\u00e1s f\u00e1cil<\/strong><\/p>\n<p style=\"text-align: center;\"><span style=\"font-family: -apple-system, BlinkMacSystemFont, 'Segoe UI', Roboto, Oxygen-Sans, Ubuntu, Cantarell, 'Helvetica Neue', sans-serif;\">Gracias a la tecnolog\u00eda de medici\u00f3n de inercia, K1 PRO permite al usuario realizar un levantamiento de inclinaci\u00f3n con un \u00e1ngulo de inclinaci\u00f3n m\u00e1ximo de 60 \u00b0. El centrado no es obligatorio, por lo que los top\u00f3grafos pueden p<\/span>ermanecer en una posici\u00f3n segura cuando miden en la autopista y no necesitan pisar el agua<\/p>\n<h3 style=\"text-align: center;\"><\/h3>\n<p>&nbsp;<\/p>\n<h3><\/h3>\n<p><img loading=\"lazy\" class=\"wp-image-990 alignright\" src=\"http:\/\/gemagroup.ec\/wp-content\/uploads\/2020\/06\/5e4b82c4c8c9e.jpg\" alt=\"\" width=\"423\" height=\"254\" srcset=\"https:\/\/gemaglobe.com\/wp-content\/uploads\/2020\/06\/5e4b82c4c8c9e.jpg 661w, https:\/\/gemaglobe.com\/wp-content\/uploads\/2020\/06\/5e4b82c4c8c9e-300x181.jpg 300w, https:\/\/gemaglobe.com\/wp-content\/uploads\/2020\/06\/5e4b82c4c8c9e-498x300.jpg 498w, https:\/\/gemaglobe.com\/wp-content\/uploads\/2020\/06\/5e4b82c4c8c9e-600x361.jpg 600w, https:\/\/gemaglobe.com\/wp-content\/uploads\/2020\/06\/5e4b82c4c8c9e-64x39.jpg 64w\" sizes=\"(max-width: 423px) 100vw, 423px\" \/><\/p>\n<h3><\/h3>\n<h3 style=\"text-align: left;\"><strong>R\u00e1pido y preciso<\/strong><\/h3>\n<p>&nbsp;<\/p>\n<p style=\"text-align: left;\">No como el sensor de inclinaci\u00f3n, la unidad de medici\u00f3n inercial ya no se ve afectada por el campo magn\u00e9tico de la tierra y no requiere correcci\u00f3n.\u00a0Se puede activar y comenzar a funcionar en solo unos segundos, este posicionamiento r\u00e1pido aumentar\u00e1 la velocidad de medici\u00f3n en m\u00e1s del 30%.<\/p>\n<p style=\"text-align: left;\">El algoritmo de combinaci\u00f3n de IMU + GNSS puede obtener una soluci\u00f3n fija m\u00e1s r\u00e1pido y mantener los\u00a0\u00a0resultados de medici\u00f3n m\u00e1s estables, la precisi\u00f3n es de hasta 2 cm.<\/p>\n<h3><\/h3>\n<h3><\/h3>\n<h3><\/h3>\n<h3><\/h3>\n<p style=\"text-align: center;\"><img loading=\"lazy\" class=\"wp-image-991 alignleft\" src=\"http:\/\/gemagroup.ec\/wp-content\/uploads\/2020\/06\/5e620a9f7d69b.jpg\" alt=\"\" width=\"421\" height=\"244\" srcset=\"https:\/\/gemaglobe.com\/wp-content\/uploads\/2020\/06\/5e620a9f7d69b.jpg 686w, https:\/\/gemaglobe.com\/wp-content\/uploads\/2020\/06\/5e620a9f7d69b-300x174.jpg 300w, https:\/\/gemaglobe.com\/wp-content\/uploads\/2020\/06\/5e620a9f7d69b-517x300.jpg 517w, https:\/\/gemaglobe.com\/wp-content\/uploads\/2020\/06\/5e620a9f7d69b-600x348.jpg 600w, https:\/\/gemaglobe.com\/wp-content\/uploads\/2020\/06\/5e620a9f7d69b-64x37.jpg 64w\" sizes=\"(max-width: 421px) 100vw, 421px\" \/><\/p>\n<p>&nbsp;<\/p>\n<p style=\"text-align: center;\"><strong>Sin barreras\u00a0<\/strong><\/p>\n<p style=\"text-align: center;\"><strong>Medici\u00f3n<\/strong><\/p>\n<p>En un entorno dif\u00edcil, puede perder la conexi\u00f3n con la estaci\u00f3n base o la red VRS.\u00a0No se decepcione, puede elegir entre 3 modos de trabajo creativo para continuar levantando sin interrupciones.\u00a0(Repetidor \/ Enrutador \/ Estaci\u00f3n de referencia m\u00f3vil)<\/p>\n<h3><\/h3>\n<h3><\/h3>\n<h3><\/h3>\n<h3><\/h3>\n<h3><\/h3>\n<p>&nbsp;<\/p>\n<h3 style=\"text-align: left;\"><strong>De largo alcance\u00a0<\/strong><\/h3>\n<h3 style=\"text-align: left;\"><strong>Enlace de radio<\/strong><\/h3>\n<p><img loading=\"lazy\" class=\"wp-image-993 alignright\" src=\"http:\/\/gemagroup.ec\/wp-content\/uploads\/2020\/06\/5c96f2e8dc3ca.jpg\" alt=\"\" width=\"389\" height=\"225\" srcset=\"https:\/\/gemaglobe.com\/wp-content\/uploads\/2020\/06\/5c96f2e8dc3ca.jpg 888w, https:\/\/gemaglobe.com\/wp-content\/uploads\/2020\/06\/5c96f2e8dc3ca-300x174.jpg 300w, https:\/\/gemaglobe.com\/wp-content\/uploads\/2020\/06\/5c96f2e8dc3ca-768x445.jpg 768w, https:\/\/gemaglobe.com\/wp-content\/uploads\/2020\/06\/5c96f2e8dc3ca-840x487.jpg 840w, https:\/\/gemaglobe.com\/wp-content\/uploads\/2020\/06\/5c96f2e8dc3ca-517x300.jpg 517w, https:\/\/gemaglobe.com\/wp-content\/uploads\/2020\/06\/5c96f2e8dc3ca-600x348.jpg 600w, https:\/\/gemaglobe.com\/wp-content\/uploads\/2020\/06\/5c96f2e8dc3ca-64x37.jpg 64w\" sizes=\"(max-width: 389px) 100vw, 389px\" \/><\/p>\n<p style=\"text-align: left;\">La radio incorporada SDL400 puede enviar se\u00f1ales hasta 7 km en \u00e1reas urbanas, 8 km en \u00e1reas suburbanas. La cobertura m\u00e1xima es de hasta 200 km2, adecuada para que varios veh\u00edculos m\u00f3viles trabajen simult\u00e1neamente.<\/p>\n<p>&nbsp;<\/p>\n<p>&nbsp;<\/p>\n<p>&nbsp;<\/p>\n<p>&nbsp;<\/p>\n<p>&nbsp;<\/p>\n<p>&nbsp;<\/p>\n<p>&nbsp;<\/p>\n<p style=\"text-align: right;\"><img loading=\"lazy\" class=\"wp-image-994 alignleft\" src=\"http:\/\/gemagroup.ec\/wp-content\/uploads\/2020\/06\/5c91b978bd36c.jpg\" alt=\"\" width=\"399\" height=\"252\" srcset=\"https:\/\/gemaglobe.com\/wp-content\/uploads\/2020\/06\/5c91b978bd36c.jpg 817w, https:\/\/gemaglobe.com\/wp-content\/uploads\/2020\/06\/5c91b978bd36c-300x189.jpg 300w, https:\/\/gemaglobe.com\/wp-content\/uploads\/2020\/06\/5c91b978bd36c-768x484.jpg 768w, https:\/\/gemaglobe.com\/wp-content\/uploads\/2020\/06\/5c91b978bd36c-793x500.jpg 793w, https:\/\/gemaglobe.com\/wp-content\/uploads\/2020\/06\/5c91b978bd36c-476x300.jpg 476w, https:\/\/gemaglobe.com\/wp-content\/uploads\/2020\/06\/5c91b978bd36c-600x378.jpg 600w, https:\/\/gemaglobe.com\/wp-content\/uploads\/2020\/06\/5c91b978bd36c-64x40.jpg 64w\" sizes=\"(max-width: 399px) 100vw, 399px\" \/><\/p>\n<p>&nbsp;<\/p>\n<p>&nbsp;<\/p>\n<p style=\"text-align: right;\"><strong>Antiinterferente<\/strong><\/p>\n<p style=\"text-align: right;\">La radio incorporada SDL400 cuenta con\u00a0capacidad\u00a0antiinterferente\u00a0\u00a0, por lo que K5plus + puede funcionar cerca de\u00a0plantas de\u00a0energ\u00eda\u00a0\u00a0, subestaciones transformadoras,\u00a0torres de\u00a0se\u00f1ales m\u00f3viles\u00a0\u00a0y otras fuentes de interferencia.<\/p>\n<p>&nbsp;<\/p>\n<p>&nbsp;<\/p>\n<p>&nbsp;<\/p>\n<p>&nbsp;<\/p>\n<p style=\"text-align: center;\"><strong>Lo mejor de la ciudad<\/strong><\/p>\n<p style=\"text-align: center;\">Para mejorar el rendimiento en la encuesta de la ciudad, el equipo de I + D\u00a0\u00a0actualiz\u00f3 el m\u00f3dulo de red de 3G a\u00a0\u00a04G.<\/p>\n<p style=\"text-align: center;\">Bajo la red m\u00f3vil 4G, la\u00a0transmisi\u00f3n de\u00a0datos\u00a0\u00a0es m\u00e1s r\u00e1pida y estable.\u00a0SUPER\u00a0\u00a0RTK sigue siendo compatible con 3G y 2G.<\/p>\n<p>&nbsp;<\/p>\n<p style=\"text-align: center;\"><strong>Aumenta las Horas Laborales\u00a0<\/strong><\/p>\n<p style=\"text-align: center;\">Dos unidades de bater\u00eda de 3400 mAh intercambiables en caliente<\/p>\n<p style=\"text-align: center;\">Varilla de bater\u00eda de 6800 mAh incluida en el conjunto de receptor base<\/p>\n<p style=\"text-align: center;\">Caja de bater\u00eda externa (opcional)<\/p>\n<p>&nbsp;<\/p>\n<p>&nbsp;<\/p>\n<p style=\"text-align: left;\"><strong>Funciones pr\u00e1cticas<\/strong><\/p>\n<p><img loading=\"lazy\" class=\"wp-image-995 alignright\" src=\"http:\/\/gemagroup.ec\/wp-content\/uploads\/2020\/06\/5c91b97c518c3.jpg\" alt=\"\" width=\"453\" height=\"286\" srcset=\"https:\/\/gemaglobe.com\/wp-content\/uploads\/2020\/06\/5c91b97c518c3.jpg 817w, https:\/\/gemaglobe.com\/wp-content\/uploads\/2020\/06\/5c91b97c518c3-300x189.jpg 300w, https:\/\/gemaglobe.com\/wp-content\/uploads\/2020\/06\/5c91b97c518c3-768x484.jpg 768w, https:\/\/gemaglobe.com\/wp-content\/uploads\/2020\/06\/5c91b97c518c3-793x500.jpg 793w, https:\/\/gemaglobe.com\/wp-content\/uploads\/2020\/06\/5c91b97c518c3-476x300.jpg 476w, https:\/\/gemaglobe.com\/wp-content\/uploads\/2020\/06\/5c91b97c518c3-600x378.jpg 600w, https:\/\/gemaglobe.com\/wp-content\/uploads\/2020\/06\/5c91b97c518c3-64x40.jpg 64w\" sizes=\"(max-width: 453px) 100vw, 453px\" \/><\/p>\n<p>&nbsp;<\/p>\n<p style=\"text-align: left;\">Mira lo que otros no pueden.\u00a0K5plus + emplea el sistema Linux,\u00a0\u00a0ayuda a los top\u00f3grafos a cumplir sus misiones de manera m\u00e1s f\u00e1cil, r\u00e1pida y precisa al ofrecer una calidad excepcional y caracter\u00edsticas innovadoras.<\/p>\n<p>&nbsp;<\/p>\n<p>&nbsp;<\/p>\n<p>&nbsp;<\/p>\n<p style=\"text-align: right;\"><img loading=\"lazy\" class=\"alignnone wp-image-996 alignleft\" src=\"http:\/\/gemagroup.ec\/wp-content\/uploads\/2020\/06\/5c90a92973501.png\" alt=\"\" width=\"233\" height=\"243\" srcset=\"https:\/\/gemaglobe.com\/wp-content\/uploads\/2020\/06\/5c90a92973501.png 500w, https:\/\/gemaglobe.com\/wp-content\/uploads\/2020\/06\/5c90a92973501-288x300.png 288w, https:\/\/gemaglobe.com\/wp-content\/uploads\/2020\/06\/5c90a92973501-480x500.png 480w, https:\/\/gemaglobe.com\/wp-content\/uploads\/2020\/06\/5c90a92973501-64x67.png 64w\" sizes=\"(max-width: 233px) 100vw, 233px\" \/><\/p>\n<p style=\"text-align: right;\">Nueva aplicaci\u00f3n\u00a0Nueva productividad<\/p>\n<p style=\"text-align: right;\">El controlador de datos de Windows CE es una tecnolog\u00eda demasiado antigua?<\/p>\n<p style=\"text-align: right;\">No hay problema.\u00a0Simplemente\u00a0\u00a0descargue la\u00a0<strong>aplicaci\u00f3n SurvX\u00a0<\/strong>en su tel\u00e9fono inteligente o tableta.<\/p>\n<p style=\"text-align: right;\">\u00a1Disfruta del buen funcionamiento de la plataforma Android!<\/p>\n<p>&nbsp;<\/p>\n<p>&nbsp;<\/p>\n<p>&nbsp;<\/p>\n<p>&nbsp;<\/p>\n<p>Post-procesamiento Sw.\u00a0Gratis<img loading=\"lazy\" class=\" wp-image-997 alignright\" src=\"http:\/\/gemagroup.ec\/wp-content\/uploads\/2020\/06\/5c90a9a0e26fe.png\" alt=\"\" width=\"311\" height=\"252\" srcset=\"https:\/\/gemaglobe.com\/wp-content\/uploads\/2020\/06\/5c90a9a0e26fe.png 321w, https:\/\/gemaglobe.com\/wp-content\/uploads\/2020\/06\/5c90a9a0e26fe-300x243.png 300w, https:\/\/gemaglobe.com\/wp-content\/uploads\/2020\/06\/5c90a9a0e26fe-64x52.png 64w\" sizes=\"(max-width: 311px) 100vw, 311px\" \/><\/p>\n<p>La oficina de KOLIDA GEO se integra con<\/p>\n<p>procesamiento de datos est\u00e1ticos y\u00a0\u00a0ajuste de datos cinem\u00e1ticos<\/p>\n","protected":false},"excerpt":{"rendered":"<p><strong>Caracter\u00edsticas:<\/strong><\/p>\n<ul>\n<li>Tecnolog\u00eda <span class=\"card__icon-title\">IMU\u00a0 <\/span>de levantamiento de inclinaci\u00f3n de 2 cm \/ 60\u00b0<\/li>\n<li>Seguimiento de todas las se\u00f1ales de constelaci\u00f3n con <span class=\"card__icon-title\">336 canales. <\/span><\/li>\n<li><span class=\"card__icon-title\">Banda L- <\/span>Posicionamiento preciso de un solo punto<\/li>\n<li><span class=\"card__icon-title\">Innovaciones con <\/span>10 nuevos programas<\/li>\n<\/ul>\n","protected":false},"featured_media":671,"comment_status":"closed","ping_status":"closed","template":"","meta":[],"_links":{"self":[{"href":"https:\/\/gemaglobe.com\/index.php\/wp-json\/wp\/v2\/product\/656"}],"collection":[{"href":"https:\/\/gemaglobe.com\/index.php\/wp-json\/wp\/v2\/product"}],"about":[{"href":"https:\/\/gemaglobe.com\/index.php\/wp-json\/wp\/v2\/types\/product"}],"replies":[{"embeddable":true,"href":"https:\/\/gemaglobe.com\/index.php\/wp-json\/wp\/v2\/comments?post=656"}],"wp:featuredmedia":[{"embeddable":true,"href":"https:\/\/gemaglobe.com\/index.php\/wp-json\/wp\/v2\/media\/671"}],"wp:attachment":[{"href":"https:\/\/gemaglobe.com\/index.php\/wp-json\/wp\/v2\/media?parent=656"}],"curies":[{"name":"wp","href":"https:\/\/api.w.org\/{rel}","templated":true}]}}