{"id":680,"date":"2020-06-16T15:57:57","date_gmt":"2020-06-16T20:57:57","guid":{"rendered":"http:\/\/gemagroup.ec\/?post_type=product&#038;p=680"},"modified":"2020-06-16T17:04:41","modified_gmt":"2020-06-16T22:04:41","slug":"mufla-242","status":"publish","type":"product","link":"https:\/\/gemaglobe.com\/index.php\/product\/mufla-242\/","title":{"rendered":"Mufla de 242in\u00b3 &#8211; 3.96 Lts"},"content":{"rendered":"<p><strong>El\u00a0horno de mufla de 242\u00a0pulgadas<sup>\u00b3<\/sup>\u00a0(3.96L) con controlador digital<\/strong> ofrece una temperatura m\u00e1xima de 2350 \u00b0 F (1287 \u00b0 C).<\/p>\n<p>Este modelo se abre desde el lateral con una carcasa exterior construida en acero pintado de gran espesor.\u00a0La c\u00e1mara est\u00e1 construida con ladrillo refractario m\u00ednimo de 2.5 pulg. (64 mm) con elementos calefactores de f\u00e1cil acceso montados dentro.<\/p>\n<p>Se puede acceder al controlador digital autom\u00e1tico del microprocesador Sentry 2.0 en la parte frontal del horno y ofrece varias opciones programables.\u00a0Se pueden almacenar hasta cuatro programas en la memoria no vol\u00e1til del controlador, con cada programa capaz de almacenar al menos 10 segmentos.<\/p>\n<p>Estos modelos funcionan bien en cenizas, pruebas de ignici\u00f3n, an\u00e1lisis gravim\u00e9tricos y determinaciones de materia vol\u00e1til.\u00a0Adem\u00e1s, estos hornos est\u00e1n dise\u00f1ados para analizar suelos, agregados y cemento.\u00a0La construcci\u00f3n resistente ofrece una vida \u00fatil prolongada.\u00a0Cada modelo est\u00e1 equipado con un controlador digital e incluye un cable de alimentaci\u00f3n y un enchufe.<\/p>\n","protected":false},"excerpt":{"rendered":"<p><b>caracter\u00edsticas<\/b><strong>:<\/strong><\/p>\n<ul>\n<li>El horno est\u00e1 alojado en una caja de acero pesado.<\/li>\n<li>Interior de la c\u00e1mara de ladrillo refractario refractario de 2.5 pulgadas<\/li>\n<li>El controlador digital presenta una programaci\u00f3n precisa con alarma de temperatura audible<\/li>\n<li>Ofrecemos en 110 V y 220 V<\/li>\n<\/ul>\n","protected":false},"featured_media":682,"comment_status":"closed","ping_status":"closed","template":"","meta":[],"_links":{"self":[{"href":"https:\/\/gemaglobe.com\/index.php\/wp-json\/wp\/v2\/product\/680"}],"collection":[{"href":"https:\/\/gemaglobe.com\/index.php\/wp-json\/wp\/v2\/product"}],"about":[{"href":"https:\/\/gemaglobe.com\/index.php\/wp-json\/wp\/v2\/types\/product"}],"replies":[{"embeddable":true,"href":"https:\/\/gemaglobe.com\/index.php\/wp-json\/wp\/v2\/comments?post=680"}],"wp:featuredmedia":[{"embeddable":true,"href":"https:\/\/gemaglobe.com\/index.php\/wp-json\/wp\/v2\/media\/682"}],"wp:attachment":[{"href":"https:\/\/gemaglobe.com\/index.php\/wp-json\/wp\/v2\/media?parent=680"}],"curies":[{"name":"wp","href":"https:\/\/api.w.org\/{rel}","templated":true}]}}