{"id":681,"date":"2020-06-16T16:04:31","date_gmt":"2020-06-16T21:04:31","guid":{"rendered":"http:\/\/gemagroup.ec\/?post_type=product&#038;p=681"},"modified":"2020-06-16T17:04:27","modified_gmt":"2020-06-16T22:04:27","slug":"mufla-de-5841-in","status":"publish","type":"product","link":"https:\/\/gemaglobe.com\/index.php\/product\/mufla-de-5841-in\/","title":{"rendered":"Mufla de 5841 in\u00b3 &#8211; 95.7 Lts"},"content":{"rendered":"<p><strong><span>Horno de mufla de 5841 pulgadas<\/span><sup><span>\u00b3<\/span><\/sup><span> (95.7L) con controlador digital, <\/span><\/strong><span>es un modelo de puerta abierta frontal con dimensiones de la c\u00e1mara interior de 21 x 21 x 13.3 pulgadas (53.3 x 53.3 x 33.8 cm) de ancho x profundidad x alto.<\/span><\/p>\n<p><span> La temperatura m\u00e1xima es de 2000 \u00b0 F (1093 \u00b0 C). Las paredes interiores de la c\u00e1mara est\u00e1n hechas con ladrillo refractario refractario de espesor m\u00ednimo de 2.5 in (64 mm), los elementos de calentamiento est\u00e1n montados dentro del ladrillo refractario y permiten un f\u00e1cil acceso para el mantenimiento.\u00a0<\/span><\/p>\n<p><span>Cuando se abre la puerta del horno, los elementos calefactores se detienen;\u00a0la puerta abierta se puede usar para sostener bandejas para cargar o descargar.<\/span><\/p>\n<p><span>\u00a0Este gran horno resistente ofrece una larga vida \u00fatil. Tiene una caja de acero pintada de gran calibre con un controlador digital autom\u00e1tico incorporado y m\u00faltiples funciones de programaci\u00f3n de precisi\u00f3n. <\/span><\/p>\n<p><span>Funciona bien en cenizas, pruebas de ignici\u00f3n, an\u00e1lisis gravim\u00e9tricos y determinaciones de materia vol\u00e1til, junto con pruebas de suelos, agregados y cemento.<\/span><\/p>\n","protected":false},"excerpt":{"rendered":"<p><b>caracter\u00edsticas<\/b><strong><span>:<\/span><\/strong><\/p>\n<ul>\n<li><span>Los elementos calefactores dejan de funcionar cuando la puerta del horno est\u00e1 abierta<\/span><\/li>\n<li><span>Alojado dentro de una caja de acero de gran calibre<\/span><\/li>\n<li><span>El controlador digital ofrece m\u00faltiples capacidades de programaci\u00f3n<\/span><\/li>\n<li><span>Orificio de ventilaci\u00f3n en la puerta con tapa de acero inoxidable<\/span><\/li>\n<\/ul>\n","protected":false},"featured_media":683,"comment_status":"closed","ping_status":"closed","template":"","meta":[],"_links":{"self":[{"href":"https:\/\/gemaglobe.com\/index.php\/wp-json\/wp\/v2\/product\/681"}],"collection":[{"href":"https:\/\/gemaglobe.com\/index.php\/wp-json\/wp\/v2\/product"}],"about":[{"href":"https:\/\/gemaglobe.com\/index.php\/wp-json\/wp\/v2\/types\/product"}],"replies":[{"embeddable":true,"href":"https:\/\/gemaglobe.com\/index.php\/wp-json\/wp\/v2\/comments?post=681"}],"wp:featuredmedia":[{"embeddable":true,"href":"https:\/\/gemaglobe.com\/index.php\/wp-json\/wp\/v2\/media\/683"}],"wp:attachment":[{"href":"https:\/\/gemaglobe.com\/index.php\/wp-json\/wp\/v2\/media?parent=681"}],"curies":[{"name":"wp","href":"https:\/\/api.w.org\/{rel}","templated":true}]}}