{"id":684,"date":"2020-06-16T16:07:36","date_gmt":"2020-06-16T21:07:36","guid":{"rendered":"http:\/\/gemagroup.ec\/?post_type=product&#038;p=684"},"modified":"2021-12-06T17:14:25","modified_gmt":"2021-12-06T22:14:25","slug":"684","status":"publish","type":"product","link":"https:\/\/gemaglobe.com\/index.php\/product\/684\/","title":{"rendered":"Mufla 350in\u00b3 &#8211; 5.8 Lts"},"content":{"rendered":"<p><strong>El\u00a0horno de mufla de\u00a0350in\u00a0<sup>\u00b3<\/sup>\u00a0con controlador de conjunto \u00fanico<\/strong>\u00a0tiene una capacidad de 5.8L (350in\u00a0<sup>\u00b3<\/sup> ) y un rango de temperatura de 212\u20142192 \u00b0 F (100\u20141200 \u00b0 C).<\/p>\n<p>Este horno de caja es de estilo de sobremesa con un puerto de ventilaci\u00f3n incorporado que elimina la humedad y los contaminantes, lo que tambi\u00e9n extiende la vida \u00fatil del elemento calefactor y el horno.\u00a0La unidad est\u00e1 equipada con protecci\u00f3n contra rotura de termopar que corta la energ\u00eda a los elementos calefactores para evitar la falla del termopar.<\/p>\n<p>Los lados de la c\u00e1mara tienen dos elementos de calentamiento de serpent\u00edn abierto que ofrecen un calentamiento r\u00e1pido y toda la c\u00e1mara tiene un aislamiento cer\u00e1mico termoeficiente.<\/p>\n<p>Las caracter\u00edsticas de seguridad adicionales incluyen un interruptor de seguridad de la puerta del horno y un puerto para monitorear las temperaturas de la c\u00e1mara a trav\u00e9s de un dispositivo de medici\u00f3n independiente.<\/p>\n<p>Estos hornos operan eficientemente con cenizas, pruebas de ignici\u00f3n, an\u00e1lisis gravim\u00e9tricos y determinaci\u00f3n de materia vol\u00e1til.<\/p>\n<p>Tambi\u00e9n se pueden usar para analizar suelos, agregados y cemento.\u00a0Se incluye un controlador de conjunto \u00fanico, cable de alimentaci\u00f3n, bandeja de solera y estante de cer\u00e1mica.<\/p>\n","protected":false},"excerpt":{"rendered":"<p><b>caracter\u00edsticas<\/b><strong>:<\/strong><\/p>\n<ul>\n<li>Fabricado con los mejores materiales para una larga vida \u00fatil.<\/li>\n<li>Funciones de seguridad de protecci\u00f3n del operador<\/li>\n<li>Funciona bien para uso general de laboratorio.<\/li>\n<li>Opciones de 120V y 240V<\/li>\n<\/ul>\n","protected":false},"featured_media":685,"comment_status":"closed","ping_status":"closed","template":"","meta":[],"_links":{"self":[{"href":"https:\/\/gemaglobe.com\/index.php\/wp-json\/wp\/v2\/product\/684"}],"collection":[{"href":"https:\/\/gemaglobe.com\/index.php\/wp-json\/wp\/v2\/product"}],"about":[{"href":"https:\/\/gemaglobe.com\/index.php\/wp-json\/wp\/v2\/types\/product"}],"replies":[{"embeddable":true,"href":"https:\/\/gemaglobe.com\/index.php\/wp-json\/wp\/v2\/comments?post=684"}],"wp:featuredmedia":[{"embeddable":true,"href":"https:\/\/gemaglobe.com\/index.php\/wp-json\/wp\/v2\/media\/685"}],"wp:attachment":[{"href":"https:\/\/gemaglobe.com\/index.php\/wp-json\/wp\/v2\/media?parent=684"}],"curies":[{"name":"wp","href":"https:\/\/api.w.org\/{rel}","templated":true}]}}