{"id":686,"date":"2020-06-16T16:13:12","date_gmt":"2020-06-16T21:13:12","guid":{"rendered":"http:\/\/gemagroup.ec\/?post_type=product&#038;p=686"},"modified":"2020-06-16T17:03:52","modified_gmt":"2020-06-16T22:03:52","slug":"mufla-864in","status":"publish","type":"product","link":"https:\/\/gemaglobe.com\/index.php\/product\/mufla-864in\/","title":{"rendered":"Mufla 864in\u00b3 &#8211; 14 Lts"},"content":{"rendered":"<p><strong>El horno de mufla de 864in<sup>\u00b3<\/sup>\u00a0con controlador digital<\/strong>\u00a0tiene una\u00a0capacidad de\u00a014L (864in\u00a0<sup>\u00b3<\/sup> ) y un rango de temperatura de 212\u20142192 \u00b0 F (100\u20141200 \u00b0 C).<\/p>\n<p>Este horno de caja de mufla grande de primera calidad tiene un puerto de ventilaci\u00f3n incorporado para eliminar la humedad y los contaminantes no deseados al tiempo que extiende la vida \u00fatil del elemento calefactor y el horno.\u00a0La unidad tiene protecci\u00f3n contra rotura de termopar para cortar la energ\u00eda a los elementos calefactores y evitar la falla del termopar.<\/p>\n<p>Su espaciosa c\u00e1mara ofrece cuatro elementos de calentamiento en la parte superior, inferior y a cada lado para una mayor uniformidad de temperatura.<\/p>\n<p>La parte trasera de la c\u00e1mara est\u00e1 equipada con un puerto de 0.31 pulgadas (7.8 mm) de di\u00e1metro para monitorear la temperatura.\u00a0Cuando se abre la puerta, un interruptor de seguridad detiene la alimentaci\u00f3n de los elementos calefactores.<\/p>\n<p>Ambos modelos operan eficientemente para cenizas, pruebas de ignici\u00f3n, an\u00e1lisis gravim\u00e9tricos y determinaci\u00f3n de la materia vol\u00e1til.<\/p>\n<p>Tambi\u00e9n se pueden usar para analizar suelos, agregados y cemento.<\/p>\n","protected":false},"excerpt":{"rendered":"<p><b>caracter\u00edsticas<\/b><strong>:<\/strong><\/p>\n<ul>\n<li>Bien construido para una larga vida \u00fatil.<\/li>\n<li>Funciones de seguridad de protecci\u00f3n del operador<\/li>\n<li>Funciona bien para uso general de laboratorio.<\/li>\n<li>Opciones 120V y 240V<\/li>\n<\/ul>\n","protected":false},"featured_media":687,"comment_status":"closed","ping_status":"closed","template":"","meta":[],"_links":{"self":[{"href":"https:\/\/gemaglobe.com\/index.php\/wp-json\/wp\/v2\/product\/686"}],"collection":[{"href":"https:\/\/gemaglobe.com\/index.php\/wp-json\/wp\/v2\/product"}],"about":[{"href":"https:\/\/gemaglobe.com\/index.php\/wp-json\/wp\/v2\/types\/product"}],"replies":[{"embeddable":true,"href":"https:\/\/gemaglobe.com\/index.php\/wp-json\/wp\/v2\/comments?post=686"}],"wp:featuredmedia":[{"embeddable":true,"href":"https:\/\/gemaglobe.com\/index.php\/wp-json\/wp\/v2\/media\/687"}],"wp:attachment":[{"href":"https:\/\/gemaglobe.com\/index.php\/wp-json\/wp\/v2\/media?parent=686"}],"curies":[{"name":"wp","href":"https:\/\/api.w.org\/{rel}","templated":true}]}}