{"id":71,"date":"2019-06-05T19:21:37","date_gmt":"2019-06-05T17:21:37","guid":{"rendered":"http:\/\/gemagroupecuador.com\/?post_type=product&#038;p=71"},"modified":"2024-05-13T09:13:48","modified_gmt":"2024-05-13T14:13:48","slug":"tipo-brunton-plastico-generica","status":"publish","type":"product","link":"https:\/\/gemaglobe.com\/index.php\/product\/tipo-brunton-plastico-generica\/","title":{"rendered":"Br\u00fajula Tipo brunton Pl\u00e1stico (Gen\u00e9rica)"},"content":{"rendered":"","protected":false},"excerpt":{"rendered":"<p>Las bru\u0301julas son de menor calidad y precisio\u0301n de una brunton pero tiene una gran aceptacio\u0301n y uso por parte de los profesionales y estudiantes que se enfoca a un uso practico de bajo costo.<\/p>\n","protected":false},"featured_media":82,"comment_status":"open","ping_status":"closed","template":"","meta":[],"_links":{"self":[{"href":"https:\/\/gemaglobe.com\/index.php\/wp-json\/wp\/v2\/product\/71"}],"collection":[{"href":"https:\/\/gemaglobe.com\/index.php\/wp-json\/wp\/v2\/product"}],"about":[{"href":"https:\/\/gemaglobe.com\/index.php\/wp-json\/wp\/v2\/types\/product"}],"replies":[{"embeddable":true,"href":"https:\/\/gemaglobe.com\/index.php\/wp-json\/wp\/v2\/comments?post=71"}],"wp:featuredmedia":[{"embeddable":true,"href":"https:\/\/gemaglobe.com\/index.php\/wp-json\/wp\/v2\/media\/82"}],"wp:attachment":[{"href":"https:\/\/gemaglobe.com\/index.php\/wp-json\/wp\/v2\/media?parent=71"}],"curies":[{"name":"wp","href":"https:\/\/api.w.org\/{rel}","templated":true}]}}