{"id":749,"date":"2020-11-20T11:32:14","date_gmt":"2020-11-20T16:32:14","guid":{"rendered":"http:\/\/gemagroup.ec\/?post_type=product&#038;p=749"},"modified":"2021-12-18T13:15:50","modified_gmt":"2021-12-18T18:15:50","slug":"et-632r6","status":"publish","type":"product","link":"https:\/\/gemaglobe.com\/index.php\/product\/et-632r6\/","title":{"rendered":"ET CTS-632r6"},"content":{"rendered":"<p><strong>Hardware<\/strong><strong> avanzado de <\/strong><strong>Alto rendimiento<\/strong><\/p>\n<p>&nbsp;<\/p>\n<p>Una opci\u00f3n rentable para sus tareas de topograf\u00eda e ingenier\u00eda, su EDM de largo alcance, su sistema de eje con cojinetes de bolas de densidad y su m\u00f3dulo de medici\u00f3n de \u00e1ngulos de alta precisi\u00f3n representan el nivel m\u00e1s alto de habilidad de fabricaci\u00f3n de China.<\/p>\n<p><strong>V\u00eddeo:<\/strong>\u00a0Medici\u00f3n sin prisma de 500 m en tiempo nublado:<\/p>\n<p><a href=\"https:\/\/www.youtube.com\/watch?v=D1bLO8n3mXQ\" target=\"_self\" rel=\"noopener noreferrer\">https:\/\/www.youtube.com\/watch?v=D1bLO8n3mXQ<\/a><\/p>\n<p>&nbsp;<\/p>\n<p>&nbsp;<\/p>\n<p>&nbsp;<\/p>\n<p>&nbsp;<\/p>\n<p>&nbsp;<\/p>\n<p><strong>Programa de encuesta pr\u00e1ctica<\/strong><\/p>\n<p>Varios programas de topograf\u00eda incorporados permiten a los top\u00f3grafos completar sus tareas directamente en el campo: compensaci\u00f3n de \u00e1ngulo, repetici\u00f3n de \u00e1ngulo, compensaci\u00f3n de distancia dual, medici\u00f3n de coordenadas, REM, MLM, replanteo, c\u00e1lculo de \u00e1reas, dise\u00f1o de carreteras, etc.<\/p>\n<p><strong>Video<\/strong>\u00a0:\u00a0\u00a0<a href=\"https:\/\/www.youtube.com\/watch?v=3nr1SRstLXk\" target=\"_self\" rel=\"noopener noreferrer\">https:\/\/www.youtube.com\/watch?v=3nr1SRstLXk<\/a><\/p>\n<p>&nbsp;<\/p>\n<p>&nbsp;<\/p>\n<p>&nbsp;<\/p>\n<p>&nbsp;<\/p>\n<p><strong>Pr\u00e1ctico software de transmisi\u00f3n de datos<\/strong><\/p>\n<p>CTS-632R6 admite conexi\u00f3n de cable de puerto Mini USB \/ serie.<\/p>\n<p>El software especial de transmisi\u00f3n y edici\u00f3n de datos puede transferir datos r\u00e1pidamente y ahorrar tiempo.\u00a0Puede dise\u00f1ar carreteras y exportar a CTS-632R6 para DISE\u00d1O r\u00e1pidamente.\u00a0Se admiten varios formatos de datos.<\/p>\n<p><strong>Video:\u00a0<\/strong>\u00a0<a href=\"https:\/\/www.youtube.com\/watch?v=o-R6wtF4p8k\" target=\"_self\" rel=\"noopener noreferrer\">https:\/\/www.youtube.com\/watch?v=o-R6wtF4p8k<\/a><\/p>\n<p>&nbsp;<\/p>\n<p>&nbsp;<\/p>\n<p>&nbsp;<\/p>\n<p>&nbsp;<\/p>\n<p><strong>Temperatura.\u00a0&amp; Presi\u00f3n<\/strong><\/p>\n<p><strong>Ajuste autom\u00e1tico<\/strong><\/p>\n<p>Los cambios de temperatura y presi\u00f3n tienen un impacto negativo en la precisi\u00f3n de las mediciones de distancia.\u00a0El Smart TP Sensor supervisa autom\u00e1ticamente los cambios y ajusta los c\u00e1lculos de distancia.<\/p>\n<p>&nbsp;<\/p>\n<p>&nbsp;<\/p>\n<p>&nbsp;<\/p>\n<p>&nbsp;<\/p>\n<p><img loading=\"lazy\" class=\"aligncenter wp-image-751 size-full\" src=\"http:\/\/gemagroup.ec\/wp-content\/uploads\/2020\/11\/Captura-de-pantalla-2020-11-20-a-las-11.28.56.png\" alt=\"\" width=\"1548\" height=\"1506\" srcset=\"https:\/\/gemaglobe.com\/wp-content\/uploads\/2020\/11\/Captura-de-pantalla-2020-11-20-a-las-11.28.56.png 1548w, https:\/\/gemaglobe.com\/wp-content\/uploads\/2020\/11\/Captura-de-pantalla-2020-11-20-a-las-11.28.56-300x292.png 300w, https:\/\/gemaglobe.com\/wp-content\/uploads\/2020\/11\/Captura-de-pantalla-2020-11-20-a-las-11.28.56-768x747.png 768w, https:\/\/gemaglobe.com\/wp-content\/uploads\/2020\/11\/Captura-de-pantalla-2020-11-20-a-las-11.28.56-1024x996.png 1024w, https:\/\/gemaglobe.com\/wp-content\/uploads\/2020\/11\/Captura-de-pantalla-2020-11-20-a-las-11.28.56-514x500.png 514w, https:\/\/gemaglobe.com\/wp-content\/uploads\/2020\/11\/Captura-de-pantalla-2020-11-20-a-las-11.28.56-308x300.png 308w, https:\/\/gemaglobe.com\/wp-content\/uploads\/2020\/11\/Captura-de-pantalla-2020-11-20-a-las-11.28.56-600x584.png 600w, https:\/\/gemaglobe.com\/wp-content\/uploads\/2020\/11\/Captura-de-pantalla-2020-11-20-a-las-11.28.56-64x62.png 64w\" sizes=\"(max-width: 1548px) 100vw, 1548px\" \/><\/p>\n","protected":false},"excerpt":{"rendered":"<p><strong><span style=\"color: #000000;\">Soporte T\u00e9cnico y Garant\u00eda: <span style=\"color: #0000ff;\">2 a\u00f1os<\/span>\u00a0<\/span><\/strong><\/p>\n<p>Gema Group es representante directo de KOLIDA en Ecuador<\/p>\n<p>Separa con el 30% tu equipo topogr\u00e1fico<\/p>\n","protected":false},"featured_media":750,"comment_status":"closed","ping_status":"closed","template":"","meta":[],"_links":{"self":[{"href":"https:\/\/gemaglobe.com\/index.php\/wp-json\/wp\/v2\/product\/749"}],"collection":[{"href":"https:\/\/gemaglobe.com\/index.php\/wp-json\/wp\/v2\/product"}],"about":[{"href":"https:\/\/gemaglobe.com\/index.php\/wp-json\/wp\/v2\/types\/product"}],"replies":[{"embeddable":true,"href":"https:\/\/gemaglobe.com\/index.php\/wp-json\/wp\/v2\/comments?post=749"}],"wp:featuredmedia":[{"embeddable":true,"href":"https:\/\/gemaglobe.com\/index.php\/wp-json\/wp\/v2\/media\/750"}],"wp:attachment":[{"href":"https:\/\/gemaglobe.com\/index.php\/wp-json\/wp\/v2\/media?parent=749"}],"curies":[{"name":"wp","href":"https:\/\/api.w.org\/{rel}","templated":true}]}}