{"id":880,"date":"2021-11-09T10:34:34","date_gmt":"2021-11-09T15:34:34","guid":{"rendered":"http:\/\/gemagroup.ec\/?post_type=product&#038;p=880"},"modified":"2021-11-19T11:40:38","modified_gmt":"2021-11-19T16:40:38","slug":"et-552r15-nuevo","status":"publish","type":"product","link":"https:\/\/gemaglobe.com\/index.php\/product\/et-552r15-nuevo\/","title":{"rendered":"ET 552R15 (nuevo)"},"content":{"rendered":"<p><strong>Hardware<\/strong><strong> avanzado de <\/strong><strong>Alto rendimiento<\/strong><\/p>\n<p><img loading=\"lazy\" class=\" wp-image-897 alignleft\" src=\"http:\/\/gemagroup.ec\/wp-content\/uploads\/2021\/11\/613701a30e268.jpg\" alt=\"\" width=\"284\" height=\"165\" srcset=\"https:\/\/gemaglobe.com\/wp-content\/uploads\/2021\/11\/613701a30e268.jpg 686w, https:\/\/gemaglobe.com\/wp-content\/uploads\/2021\/11\/613701a30e268-300x174.jpg 300w, https:\/\/gemaglobe.com\/wp-content\/uploads\/2021\/11\/613701a30e268-517x300.jpg 517w, https:\/\/gemaglobe.com\/wp-content\/uploads\/2021\/11\/613701a30e268-600x348.jpg 600w, https:\/\/gemaglobe.com\/wp-content\/uploads\/2021\/11\/613701a30e268-64x37.jpg 64w\" sizes=\"(max-width: 284px) 100vw, 284px\" \/><\/p>\n<p>M\u00e1s poderoso que nunca,<\/p>\n<p>\u00a1M\u00e1s vers\u00e1til que nunca!<\/p>\n<p>La estaci\u00f3n total de Android KTS-552 est\u00e1 equipada con una CPU de 8 n\u00facleos a 1,5 GHz, 3 + 32 GB de memoria, el sistema funciona mucho m\u00e1s fluido y calcula mucho m\u00e1s r\u00e1pido que los equipos de la generaci\u00f3n anterior, tambi\u00e9n funciona mejor al importar mapas base de gran tama\u00f1o o archivos de dise\u00f1o .<\/p>\n<p>&nbsp;<\/p>\n<p>&nbsp;<\/p>\n<p>&nbsp;<\/p>\n<p><img loading=\"lazy\" class=\" wp-image-898 alignright\" src=\"http:\/\/gemagroup.ec\/wp-content\/uploads\/2021\/11\/613702aa6e507.jpg\" alt=\"\" width=\"324\" height=\"189\" srcset=\"https:\/\/gemaglobe.com\/wp-content\/uploads\/2021\/11\/613702aa6e507.jpg 686w, https:\/\/gemaglobe.com\/wp-content\/uploads\/2021\/11\/613702aa6e507-300x174.jpg 300w, https:\/\/gemaglobe.com\/wp-content\/uploads\/2021\/11\/613702aa6e507-517x300.jpg 517w, https:\/\/gemaglobe.com\/wp-content\/uploads\/2021\/11\/613702aa6e507-600x348.jpg 600w, https:\/\/gemaglobe.com\/wp-content\/uploads\/2021\/11\/613702aa6e507-64x37.jpg 64w\" sizes=\"(max-width: 324px) 100vw, 324px\" \/><\/p>\n<p>\u00a1Simple y actualizable\u00a0!<\/p>\n<p>KTS-552 funciona con el sistema operativo Android, f\u00e1cil de aprender, combinado con el software de campo Kolida SurveyStar, ofrece una forma de trabajo simple y productiva<\/p>\n<p>Adem\u00e1s, el usuario puede desarrollar e instalar su propia aplicaci\u00f3n en el sistema, para satisfacer su demanda de trabajo especial &#8230;<\/p>\n<p><strong>\u00a0<\/strong><\/p>\n<p>&nbsp;<\/p>\n<p>&nbsp;<\/p>\n<p>&nbsp;<\/p>\n<p>&nbsp;<\/p>\n<p>&nbsp;<\/p>\n<p><strong><img loading=\"lazy\" class=\" wp-image-899 alignleft\" src=\"http:\/\/gemagroup.ec\/wp-content\/uploads\/2021\/11\/61370514d2a33.jpg\" alt=\"\" width=\"173\" height=\"100\" srcset=\"https:\/\/gemaglobe.com\/wp-content\/uploads\/2021\/11\/61370514d2a33.jpg 686w, https:\/\/gemaglobe.com\/wp-content\/uploads\/2021\/11\/61370514d2a33-300x174.jpg 300w, https:\/\/gemaglobe.com\/wp-content\/uploads\/2021\/11\/61370514d2a33-518x300.jpg 518w, https:\/\/gemaglobe.com\/wp-content\/uploads\/2021\/11\/61370514d2a33-600x347.jpg 600w, https:\/\/gemaglobe.com\/wp-content\/uploads\/2021\/11\/61370514d2a33-64x37.jpg 64w\" sizes=\"(max-width: 173px) 100vw, 173px\" \/><\/strong><\/p>\n<p>Mide m\u00e1s y m\u00e1s,<\/p>\n<p>\u00a1La mejora nunca se asienta!<\/p>\n<p>\u00bfC\u00f3mo podr\u00edamos elevar la capacidad de alcance a un nuevo nivel de 1000\/1500 m?\u00a0Los tres factores clave son la &#8220;tecnolog\u00eda de medici\u00f3n de distancia de fuente de luz dual&#8221;, la optimizaci\u00f3n de la relaci\u00f3n se\u00f1al-ruido y un sistema de lentes de objetivo m\u00e1s estable.<\/p>\n<p>&nbsp;<\/p>\n<p>&nbsp;<\/p>\n<p>&nbsp;<\/p>\n<p>&nbsp;<\/p>\n<p>&nbsp;<\/p>\n<p><strong><img loading=\"lazy\" class=\" wp-image-900 alignright\" src=\"http:\/\/gemagroup.ec\/wp-content\/uploads\/2021\/11\/5e71cec6a286f.jpg\" alt=\"\" width=\"283\" height=\"164\" srcset=\"https:\/\/gemaglobe.com\/wp-content\/uploads\/2021\/11\/5e71cec6a286f.jpg 686w, https:\/\/gemaglobe.com\/wp-content\/uploads\/2021\/11\/5e71cec6a286f-300x174.jpg 300w, https:\/\/gemaglobe.com\/wp-content\/uploads\/2021\/11\/5e71cec6a286f-517x300.jpg 517w, https:\/\/gemaglobe.com\/wp-content\/uploads\/2021\/11\/5e71cec6a286f-600x348.jpg 600w, https:\/\/gemaglobe.com\/wp-content\/uploads\/2021\/11\/5e71cec6a286f-64x37.jpg 64w\" sizes=\"(max-width: 283px) 100vw, 283px\" \/><\/strong><\/p>\n<p>Un nuevo paso para ser m\u00e1s precisos,<\/p>\n<p>\u00a1La innovaci\u00f3n nunca se detiene!<\/p>\n<p>Todo top\u00f3grafo trabajador merece una precisi\u00f3n mayor que antes.<\/p>\n<p>Se han realizado cuatro innovaciones en nuestro sistema \u00f3ptico de nuevo dise\u00f1o para lograr este objetivo: &#8220;Espejo de compensaci\u00f3n de longitud focal&#8221;, &#8220;Circuito l\u00e1ser emisor completamente sellado&#8221;, &#8220;Menos reflectores en la parte \u00f3ptica&#8221;, &#8220;CPU EDM de cuarta generaci\u00f3n&#8221;.<\/p>\n<p>&nbsp;<\/p>\n<p>&nbsp;<\/p>\n<p>Programa de encuesta pr\u00e1ctica<\/p>\n<p><img loading=\"lazy\" class=\" wp-image-901 alignleft\" src=\"http:\/\/gemagroup.ec\/wp-content\/uploads\/2021\/11\/6137070256a95.jpg\" alt=\"\" width=\"327\" height=\"190\" srcset=\"https:\/\/gemaglobe.com\/wp-content\/uploads\/2021\/11\/6137070256a95.jpg 686w, https:\/\/gemaglobe.com\/wp-content\/uploads\/2021\/11\/6137070256a95-300x174.jpg 300w, https:\/\/gemaglobe.com\/wp-content\/uploads\/2021\/11\/6137070256a95-517x300.jpg 517w, https:\/\/gemaglobe.com\/wp-content\/uploads\/2021\/11\/6137070256a95-600x348.jpg 600w, https:\/\/gemaglobe.com\/wp-content\/uploads\/2021\/11\/6137070256a95-64x37.jpg 64w\" sizes=\"(max-width: 327px) 100vw, 327px\" \/><\/p>\n<p>Varios de los programas topogr\u00e1ficos incorporados permiten a los top\u00f3grafos completar sus tareas directamente en el campo: trisecci\u00f3n, punto a l\u00ednea, estaci\u00f3n libre, recolecci\u00f3n de puntos, compensaci\u00f3n de distancia, compensaci\u00f3n de plano, compensaci\u00f3n de columna, REM, l\u00ednea y punto, l\u00ednea y \u00e1ngulo, replanteo de punto, L\u00ednea de referencia, replanteo de l\u00ednea, replanteo de arco, reducci\u00f3n, c\u00e1lculo XYZ, inverso, \u00e1rea y circunferencia, dist.\u00a0Conversaci\u00f3n, Conversaci\u00f3n de \u00e1ngulo, Promedio, C\u00e1lculo de tri\u00e1ngulo, Calculadora &#8230;<\/p>\n<p>&nbsp;<\/p>\n<p>&nbsp;<\/p>\n<p>&nbsp;<\/p>\n<p>&nbsp;<\/p>\n<p>&nbsp;<\/p>\n<p><img loading=\"lazy\" class=\" wp-image-902 alignright\" src=\"http:\/\/gemagroup.ec\/wp-content\/uploads\/2021\/11\/61370d53e061a.jpg\" alt=\"\" width=\"322\" height=\"187\" srcset=\"https:\/\/gemaglobe.com\/wp-content\/uploads\/2021\/11\/61370d53e061a.jpg 686w, https:\/\/gemaglobe.com\/wp-content\/uploads\/2021\/11\/61370d53e061a-300x174.jpg 300w, https:\/\/gemaglobe.com\/wp-content\/uploads\/2021\/11\/61370d53e061a-517x300.jpg 517w, https:\/\/gemaglobe.com\/wp-content\/uploads\/2021\/11\/61370d53e061a-600x348.jpg 600w, https:\/\/gemaglobe.com\/wp-content\/uploads\/2021\/11\/61370d53e061a-64x37.jpg 64w\" sizes=\"(max-width: 322px) 100vw, 322px\" \/><\/p>\n<p>Intuitivo y confiable<\/p>\n<p>&nbsp;<\/p>\n<p>Con la pantalla t\u00e1ctil de alta claridad de 5 pulgadas, 1280 * 720, KTS-552 puede convertir n\u00fameros de datos complejos en pantallas gr\u00e1ficas realistas.\u00a0Midiendo en mapa base, ocurre m\u00e1s intuitivo y menos error.<\/p>\n<p>Se puede mostrar m\u00e1s informaci\u00f3n y botones en una pantalla, la mejor visualizaci\u00f3n hace que el flujo de trabajo sea m\u00e1s f\u00e1cil y m\u00e1s corto.<\/p>\n<p>&nbsp;<\/p>\n<p>&nbsp;<\/p>\n<p>&nbsp;<\/p>\n<p>&nbsp;<\/p>\n<p>F\u00e1cil de entrenar y aprender<\/p>\n<p>&nbsp;<\/p>\n<p>Gracias a la funci\u00f3n Air Mirroring del sistema operativo Android, ahora el usuario puede compartir la pantalla de la estaci\u00f3n total con otros dispositivos, para que la demostraci\u00f3n \/ capacitaci\u00f3n sea m\u00e1s intuitiva y productiva.<\/p>\n<p>&nbsp;<\/p>\n<p><img loading=\"lazy\" class=\"aligncenter wp-image-887 size-full\" src=\"http:\/\/gemagroup.ec\/wp-content\/uploads\/2021\/11\/Captura-de-pantalla-2021-11-09-a-las-10.33.39.png\" alt=\"\" width=\"1552\" height=\"1552\" srcset=\"https:\/\/gemaglobe.com\/wp-content\/uploads\/2021\/11\/Captura-de-pantalla-2021-11-09-a-las-10.33.39.png 1552w, https:\/\/gemaglobe.com\/wp-content\/uploads\/2021\/11\/Captura-de-pantalla-2021-11-09-a-las-10.33.39-150x150.png 150w, https:\/\/gemaglobe.com\/wp-content\/uploads\/2021\/11\/Captura-de-pantalla-2021-11-09-a-las-10.33.39-300x300.png 300w, https:\/\/gemaglobe.com\/wp-content\/uploads\/2021\/11\/Captura-de-pantalla-2021-11-09-a-las-10.33.39-768x768.png 768w, https:\/\/gemaglobe.com\/wp-content\/uploads\/2021\/11\/Captura-de-pantalla-2021-11-09-a-las-10.33.39-1024x1024.png 1024w, https:\/\/gemaglobe.com\/wp-content\/uploads\/2021\/11\/Captura-de-pantalla-2021-11-09-a-las-10.33.39-500x500.png 500w, https:\/\/gemaglobe.com\/wp-content\/uploads\/2021\/11\/Captura-de-pantalla-2021-11-09-a-las-10.33.39-600x600.png 600w, https:\/\/gemaglobe.com\/wp-content\/uploads\/2021\/11\/Captura-de-pantalla-2021-11-09-a-las-10.33.39-100x100.png 100w, https:\/\/gemaglobe.com\/wp-content\/uploads\/2021\/11\/Captura-de-pantalla-2021-11-09-a-las-10.33.39-64x64.png 64w\" sizes=\"(max-width: 1552px) 100vw, 1552px\" \/><\/p>\n","protected":false},"excerpt":{"rendered":"<p><strong><span style=\"color: #000000;\">La estaci\u00f3n total KTS-552R15 proporciona una soluci\u00f3n confiable y eficiente para los usuarios que necesitan trabajar m\u00e1s r\u00e1pido y de manera m\u00e1s productiva<\/span><\/strong><\/p>\n<p><strong><span style=\"color: #000000;\">Soporte T\u00e9cnico y Garant\u00eda: <span style=\"color: #0000ff;\">2 a\u00f1os<\/span>\u00a0<\/span><\/strong><\/p>\n<p>Gema Group es representante directo de KOLIDA en Ecuador<\/p>\n<p>Separa con el 30% tu equipo topogr\u00e1fico<\/p>\n","protected":false},"featured_media":884,"comment_status":"open","ping_status":"closed","template":"","meta":[],"_links":{"self":[{"href":"https:\/\/gemaglobe.com\/index.php\/wp-json\/wp\/v2\/product\/880"}],"collection":[{"href":"https:\/\/gemaglobe.com\/index.php\/wp-json\/wp\/v2\/product"}],"about":[{"href":"https:\/\/gemaglobe.com\/index.php\/wp-json\/wp\/v2\/types\/product"}],"replies":[{"embeddable":true,"href":"https:\/\/gemaglobe.com\/index.php\/wp-json\/wp\/v2\/comments?post=880"}],"wp:featuredmedia":[{"embeddable":true,"href":"https:\/\/gemaglobe.com\/index.php\/wp-json\/wp\/v2\/media\/884"}],"wp:attachment":[{"href":"https:\/\/gemaglobe.com\/index.php\/wp-json\/wp\/v2\/media?parent=880"}],"curies":[{"name":"wp","href":"https:\/\/api.w.org\/{rel}","templated":true}]}}