{"id":907,"date":"2021-12-06T17:45:23","date_gmt":"2021-12-06T22:45:23","guid":{"rendered":"https:\/\/gemagroup.ec\/?post_type=product&#038;p=907"},"modified":"2021-12-07T12:20:22","modified_gmt":"2021-12-07T17:20:22","slug":"medidor-de-velocidad-del-aire-tm-412-414","status":"publish","type":"product","link":"https:\/\/gemaglobe.com\/index.php\/product\/medidor-de-velocidad-del-aire-tm-412-414\/","title":{"rendered":"Medidor de velocidad del aire TM-412 ~ 414"},"content":{"rendered":"<p>La serie TM-41X mide la velocidad del aire, la temperatura y la humedad.\u00a0Es ideal para mediciones puntuales en salidas de aire debido a su paleta de 30 mm.\u00a0Adem\u00e1s de la velocidad y la temperatura del aire, tambi\u00e9n mide la humedad del aire y la presi\u00f3n absoluta.\u00a0De esta forma, las condiciones del aire se pueden comprobar de forma fiable.<\/p>\n<p>&nbsp;<\/p>\n<h3 class=\"table-title\">Especificaci\u00f3n<\/h3>\n<div class=\"col-xs-12 table-responsive\">\n<p align=\"left\">C\u00e1lculo del flujo de aire (volumen)<\/p>\n<table style=\"height: 176px;\" border=\"1\" width=\"527\" cellspacing=\"0\" cellpadding=\"0\">\n<tbody>\n<tr>\n<td>\n<p align=\"left\">Unidad<\/p>\n<\/td>\n<td>\n<p style=\"text-align: center;\" align=\"left\">Distancia<\/p>\n<\/td>\n<td>\n<p style=\"text-align: center;\" align=\"left\">Resoluci\u00f3n<\/p>\n<\/td>\n<td>\n<p align=\"left\">Precisi\u00f3n<\/p>\n<\/td>\n<\/tr>\n<tr>\n<td>\n<p align=\"left\">CMM<\/p>\n<\/td>\n<td>\n<p style=\"text-align: center;\" align=\"left\">0 ~ 9999<\/p>\n<\/td>\n<td>\n<p style=\"text-align: center;\" align=\"left\">1<\/p>\n<\/td>\n<td>\n<p style=\"text-align: center;\" align=\"left\">&#8211;<\/p>\n<\/td>\n<\/tr>\n<tr>\n<td>\n<p align=\"left\">CFM<\/p>\n<\/td>\n<td>\n<p style=\"text-align: center;\" align=\"left\">0 ~ 9999<\/p>\n<\/td>\n<td>\n<p style=\"text-align: center;\" align=\"left\">1<\/p>\n<\/td>\n<td>\n<p style=\"text-align: center;\" align=\"left\">&#8211;<\/p>\n<\/td>\n<\/tr>\n<\/tbody>\n<\/table>\n<p align=\"left\">Medida de temperatura<\/p>\n<table style=\"height: 163px;\" border=\"1\" width=\"582\" cellspacing=\"0\" cellpadding=\"0\">\n<tbody>\n<tr>\n<td>\n<p style=\"text-align: center;\" align=\"left\">Unidad<\/p>\n<\/td>\n<td>\n<p style=\"text-align: center;\" align=\"left\">Distancia<\/p>\n<\/td>\n<td>\n<p style=\"text-align: center;\" align=\"left\">Resoluci\u00f3n<\/p>\n<\/td>\n<td>\n<p style=\"text-align: center;\" align=\"left\">Precisi\u00f3n<\/p>\n<\/td>\n<\/tr>\n<tr>\n<td>\n<p style=\"text-align: center;\" align=\"left\">\u00b0\u00a0C<\/p>\n<\/td>\n<td>\n<p style=\"text-align: center;\" align=\"left\">-20 ~ 60<\/p>\n<\/td>\n<td>\n<p style=\"text-align: center;\" align=\"left\">0,1<\/p>\n<\/td>\n<td>\n<p style=\"text-align: center;\" align=\"left\">\u00b1\u00a01\u00a0\u00b0\u00a0C<\/p>\n<\/td>\n<\/tr>\n<tr>\n<td>\n<p style=\"text-align: center;\" align=\"left\">\u00b0 F<\/p>\n<\/td>\n<td>\n<p style=\"text-align: center;\" align=\"left\">-4 ~ 140<\/p>\n<\/td>\n<td>\n<p style=\"text-align: center;\" align=\"left\">0,1<\/p>\n<\/td>\n<td>\n<p style=\"text-align: center;\" align=\"left\">\u00b1\u00a01.8\u00a0\u00b0\u00a0F<\/p>\n<\/td>\n<\/tr>\n<\/tbody>\n<\/table>\n<p align=\"left\">Medida de humedad<\/p>\n<table style=\"height: 179px;\" border=\"1\" width=\"680\" cellspacing=\"0\" cellpadding=\"0\">\n<tbody>\n<tr>\n<td>\n<p style=\"text-align: center;\" align=\"left\">Unidad<\/p>\n<\/td>\n<td>\n<p style=\"text-align: center;\" align=\"left\">Distancia<\/p>\n<\/td>\n<td>\n<p style=\"text-align: center;\" align=\"left\">Resoluci\u00f3n<\/p>\n<\/td>\n<td>\n<p style=\"text-align: center;\" align=\"left\">Precisi\u00f3n<\/p>\n<\/td>\n<\/tr>\n<tr>\n<td>\n<p style=\"text-align: center;\" align=\"left\">%RH<\/p>\n<\/td>\n<td>\n<p style=\"text-align: center;\" align=\"left\">20 ~ 80<\/p>\n<\/td>\n<td>\n<p style=\"text-align: center;\" align=\"left\">0,1<\/p>\n<\/td>\n<td>\n<p style=\"text-align: center;\" align=\"left\">\u00b1\u00a03,5% de\u00a0humedad relativa<\/p>\n<\/td>\n<\/tr>\n<tr>\n<td>\n<p style=\"text-align: center;\" align=\"left\">%RH<\/p>\n<\/td>\n<td>\n<p style=\"text-align: center;\" align=\"left\">&lt;20 ~&gt; 80<\/p>\n<\/td>\n<td>\n<p style=\"text-align: center;\" align=\"left\">0,1<\/p>\n<\/td>\n<td>\n<p style=\"text-align: center;\" align=\"left\">\u00b1\u00a05% de\u00a0humedad relativa<\/p>\n<\/td>\n<\/tr>\n<\/tbody>\n<\/table>\n<p align=\"left\">Presi\u00f3n absoluta<\/p>\n<table style=\"height: 237px;\" border=\"1\" width=\"495\" cellspacing=\"0\" cellpadding=\"0\">\n<tbody>\n<tr>\n<td>\n<p style=\"text-align: center;\" align=\"left\">Unidad<\/p>\n<\/td>\n<td>\n<p style=\"text-align: center;\" align=\"left\">Distancia<\/p>\n<\/td>\n<td>\n<p style=\"text-align: center;\" align=\"left\">Resoluci\u00f3n<\/p>\n<\/td>\n<td>\n<p style=\"text-align: center;\" align=\"left\">Precisi\u00f3n<\/p>\n<\/td>\n<\/tr>\n<tr>\n<td>\n<p style=\"text-align: center;\" align=\"left\">hPa<\/p>\n<\/td>\n<td>\n<p style=\"text-align: center;\" align=\"left\">350 ~ 1100<\/p>\n<\/td>\n<td>\n<p style=\"text-align: center;\" align=\"left\">0,1<\/p>\n<\/td>\n<td>\n<p style=\"text-align: center;\" align=\"left\">\u00b1\u00a02\u00a0hPa<\/p>\n<\/td>\n<\/tr>\n<tr>\n<td>\n<p style=\"text-align: center;\" align=\"left\">mmHg<\/p>\n<\/td>\n<td>\n<p style=\"text-align: center;\" align=\"left\">263 ~ 825<\/p>\n<\/td>\n<td>\n<p style=\"text-align: center;\" align=\"left\">0,1<\/p>\n<\/td>\n<td>\n<p style=\"text-align: center;\" align=\"left\">\u00b1\u00a01,5\u00a0mmHg<\/p>\n<\/td>\n<\/tr>\n<tr>\n<td>\n<p style=\"text-align: center;\" align=\"left\">inHg<\/p>\n<\/td>\n<td>\n<p style=\"text-align: center;\" align=\"left\">10,3 ~ 32<\/p>\n<\/td>\n<td>\n<p style=\"text-align: center;\" align=\"left\">0,1<\/p>\n<\/td>\n<td>\n<p style=\"text-align: center;\" align=\"left\">\u00b1\u00a00,1<\/p>\n<\/td>\n<\/tr>\n<\/tbody>\n<\/table>\n<p>&nbsp;<\/p>\n<p align=\"left\">Funciones<\/p>\n<table style=\"height: 227px;\" border=\"1\" width=\"1010\" cellspacing=\"0\" cellpadding=\"0\">\n<tbody>\n<tr>\n<td>\n<p align=\"left\">Modelo<\/p>\n<\/td>\n<td>\n<p align=\"left\">Investigaci\u00f3n<\/p>\n<\/td>\n<td>\n<p style=\"text-align: center;\" align=\"left\">99 registros<\/p>\n<\/td>\n<td>\n<p style=\"text-align: center;\" align=\"left\">Fluir<\/p>\n<\/td>\n<td>\n<p style=\"text-align: center;\" align=\"left\">Temperatura<\/p>\n<\/td>\n<td>\n<p style=\"text-align: center;\" align=\"left\">Humedad<\/p>\n<\/td>\n<td>\n<p style=\"text-align: center;\" align=\"left\">Presi\u00f3n<\/p>\n<\/td>\n<\/tr>\n<tr>\n<td>\n<p style=\"text-align: center;\" align=\"left\">TM-412<\/p>\n<\/td>\n<td>\n<p style=\"text-align: center;\" align=\"left\">Veleta-02<\/p>\n<\/td>\n<td style=\"text-align: center;\">\u25cf<\/td>\n<td style=\"text-align: center;\">\u25cf<\/td>\n<td style=\"text-align: center;\">\u25cf<\/td>\n<td>\n<p style=\"text-align: center;\" align=\"left\">\n<\/td>\n<td>\n<p align=\"left\">\n<\/td>\n<\/tr>\n<tr>\n<td>\n<p style=\"text-align: center;\">TM-413<\/p>\n<\/td>\n<td>\n<p style=\"text-align: center;\" align=\"left\">Veleta-03<\/p>\n<\/td>\n<td style=\"text-align: center;\">\u25cf<\/td>\n<td style=\"text-align: center;\">\u25cf<\/td>\n<td style=\"text-align: center;\">\u25cf<\/td>\n<td style=\"text-align: center;\">\u25cf<\/td>\n<td>\n<p align=\"left\">\n<\/td>\n<\/tr>\n<tr>\n<td>\n<p style=\"text-align: center;\">TM-414<\/p>\n<\/td>\n<td>\n<p style=\"text-align: center;\" align=\"left\">Veleta-03<\/p>\n<\/td>\n<td style=\"text-align: center;\">\u25cf<\/td>\n<td style=\"text-align: center;\">\u25cf<\/td>\n<td style=\"text-align: center;\">\u25cf<\/td>\n<td style=\"text-align: center;\">\u25cf<\/td>\n<td>\n<p style=\"text-align: center;\" align=\"left\">\u25cf<\/p>\n<\/td>\n<\/tr>\n<\/tbody>\n<\/table>\n<p>&nbsp;<\/p>\n<p align=\"left\">Medici\u00f3n de la velocidad del aire<\/p>\n<table style=\"height: 444px;\" border=\"1\" width=\"858\" cellspacing=\"0\" cellpadding=\"0\">\n<tbody>\n<tr>\n<td>\n<p style=\"text-align: center;\" align=\"left\">Unidad<\/p>\n<\/td>\n<td>\n<p style=\"text-align: center;\" align=\"left\">Distancia<\/p>\n<p style=\"text-align: center;\" align=\"left\">(TM-412 ~ 414)<\/p>\n<\/td>\n<td>\n<p style=\"text-align: center;\" align=\"left\">Resoluci\u00f3n<\/p>\n<\/td>\n<td>\n<p style=\"text-align: center;\" align=\"left\">Precisi\u00f3n<\/p>\n<\/td>\n<\/tr>\n<tr>\n<td>\n<p style=\"text-align: center;\" align=\"left\">Sra<\/p>\n<\/td>\n<td>\n<p style=\"text-align: center;\" align=\"left\">0,4 ~ 35<\/p>\n<\/td>\n<td>\n<p style=\"text-align: center;\" align=\"left\">0,1<\/p>\n<\/td>\n<td>\n<p style=\"text-align: center;\" align=\"left\">\u00b1 2% + 0,2<\/p>\n<\/td>\n<\/tr>\n<tr>\n<td>\n<p style=\"text-align: center;\" align=\"left\">Km \/ hora<\/p>\n<\/td>\n<td>\n<p style=\"text-align: center;\" align=\"left\">1,5 ~ 125<\/p>\n<\/td>\n<td>\n<p style=\"text-align: center;\" align=\"left\">0,1<\/p>\n<\/td>\n<td>\n<p style=\"text-align: center;\" align=\"left\">\u00b1 2% + 0,8<\/p>\n<\/td>\n<\/tr>\n<tr>\n<td>\n<p style=\"text-align: center;\" align=\"left\">mph<\/p>\n<\/td>\n<td>\n<p style=\"text-align: center;\" align=\"left\">0,9 ~ 75<\/p>\n<\/td>\n<td>\n<p style=\"text-align: center;\" align=\"left\">0,1<\/p>\n<\/td>\n<td>\n<p style=\"text-align: center;\" align=\"left\">\u00b1 2% + 0,4<\/p>\n<\/td>\n<\/tr>\n<tr>\n<td>\n<p style=\"text-align: center;\" align=\"left\">nudos<\/p>\n<\/td>\n<td>\n<p style=\"text-align: center;\" align=\"left\">0,8 ~ 65<\/p>\n<\/td>\n<td>\n<p style=\"text-align: center;\" align=\"left\">0,1<\/p>\n<\/td>\n<td>\n<p style=\"text-align: center;\" align=\"left\">\u00b1 2% + 0,4<\/p>\n<\/td>\n<\/tr>\n<tr>\n<td>\n<p style=\"text-align: center;\" align=\"left\">pies \/ min<\/p>\n<\/td>\n<td>\n<p style=\"text-align: center;\" align=\"left\">79 ~ 6800<\/p>\n<\/td>\n<td>\n<p style=\"text-align: center;\" align=\"left\">1<\/p>\n<\/td>\n<td>\n<p style=\"text-align: center;\" align=\"left\">\u00b1 2% + 40<\/p>\n<\/td>\n<\/tr>\n<tr>\n<td>\n<p style=\"text-align: center;\" align=\"left\">Beaufort<\/p>\n<\/td>\n<td>\n<p style=\"text-align: center;\" align=\"left\">1 ~ 11<\/p>\n<\/td>\n<td>\n<p style=\"text-align: center;\" align=\"left\">1<\/p>\n<\/td>\n<td>\n<p style=\"text-align: center;\" align=\"left\">&#8211;<\/p>\n<\/td>\n<\/tr>\n<\/tbody>\n<\/table>\n<p>&nbsp;<\/p>\n<\/div>\n","protected":false},"excerpt":{"rendered":"<p>Descripci\u00f3n:<\/p>\n<div class=\"mpro-wrap row\">\n<div class=\"mpro-panel col-sm-7\">\n<div class=\"productDesc\">\n<p>&#8211; Paleta de pl\u00e1stico de 45 mm 4<\/p>\n<p>&#8211; Alta sensibilidad de 0,4 m \/ s.<\/p>\n<p>&#8211; Funci\u00f3n de c\u00e1lculo de flujo de aire.<\/p>\n<p>&#8211; Max \/ Min \/ Avg y retenci\u00f3n de datos.<\/p>\n<p>&#8211; Apagado autom\u00e1tico con funci\u00f3n de desactivaci\u00f3n.<\/p>\n<p>&#8211; Capacidad de memoria: 99 registros.<\/p>\n<p>&#8211; Funci\u00f3n de recuperaci\u00f3n de memoria.<\/p>\n<p>&#8211; Funci\u00f3n de luz de fondo.<\/p>\n<p>&#8211; Sensor de presi\u00f3n absoluta<\/p>\n<p>&#8211; Sensor de humedad<\/p>\n<\/div>\n<div class=\"maddtocart\">\n<div class=\"minner\">\n<div class=\"ad-pro-btns\"><\/div>\n<\/div>\n<\/div>\n<\/div>\n<\/div>\n","protected":false},"featured_media":908,"comment_status":"open","ping_status":"closed","template":"","meta":[],"_links":{"self":[{"href":"https:\/\/gemaglobe.com\/index.php\/wp-json\/wp\/v2\/product\/907"}],"collection":[{"href":"https:\/\/gemaglobe.com\/index.php\/wp-json\/wp\/v2\/product"}],"about":[{"href":"https:\/\/gemaglobe.com\/index.php\/wp-json\/wp\/v2\/types\/product"}],"replies":[{"embeddable":true,"href":"https:\/\/gemaglobe.com\/index.php\/wp-json\/wp\/v2\/comments?post=907"}],"wp:featuredmedia":[{"embeddable":true,"href":"https:\/\/gemaglobe.com\/index.php\/wp-json\/wp\/v2\/media\/908"}],"wp:attachment":[{"href":"https:\/\/gemaglobe.com\/index.php\/wp-json\/wp\/v2\/media?parent=907"}],"curies":[{"name":"wp","href":"https:\/\/api.w.org\/{rel}","templated":true}]}}