{"id":925,"date":"2021-12-07T15:57:09","date_gmt":"2021-12-07T20:57:09","guid":{"rendered":"https:\/\/gemagroup.ec\/?post_type=product&#038;p=925"},"modified":"2021-12-08T15:05:27","modified_gmt":"2021-12-08T20:05:27","slug":"anemometro-de-bolsillo-tm-741","status":"publish","type":"product","link":"https:\/\/gemaglobe.com\/index.php\/product\/anemometro-de-bolsillo-tm-741\/","title":{"rendered":"Anem\u00f3metro de bolsillo TM-741"},"content":{"rendered":"<p style=\"text-align: center;\"><em>TM-741 es un modelo de bolsillo y de bajo costo, mide la velocidad del aire y la temperatura, y es ideal para mediciones puntuales.<\/em><\/p>\n<p style=\"text-align: center;\"><strong>Tama\u00f1o de bolsillo:<\/strong><br \/>\nDimensiones: 135 \u00d7 48 \u00d7 23 mm (L \u00d7 W \u00d7 H).<br \/>\nPeso: 80 g (excluyendo la bater\u00eda).<\/p>\n<p style=\"text-align: center;\"><strong>Especificaciones.<\/strong><\/p>\n<p style=\"text-align: center;\">-Pantalla LCD dual con m\u00e1x. lecturas es 9999 y 999.<br \/>\n-Frecuencia de muestreo: 1 muestra por segundo.<br \/>\n-Fuente de alimentaci\u00f3n: 2 pilas 1.5V AAA MN2400 LR03 AM4.<br \/>\n-Duraci\u00f3n de la bater\u00eda: 50 horas durante el uso consecutivo.<br \/>\n-Dimensiones: 135 \u00d7 48 \u00d7 23 mm (L \u00d7 W \u00d7 H).<br \/>\n-Peso: 80 g (excluyendo la bater\u00eda).<br \/>\n-Accesorios: manual de usuario, bater\u00eda y estuche de transporte.<\/p>\n<p style=\"text-align: center;\"><strong>Temperatura.<\/strong><\/p>\n<p><img loading=\"lazy\" class=\"alignnone wp-image-926 aligncenter\" src=\"http:\/\/gemagroup.ec\/wp-content\/uploads\/2021\/12\/Captura-de-pantalla-2021-12-07-a-las-15.49.46-1024x466.png\" alt=\"\" width=\"783\" height=\"356\" srcset=\"https:\/\/gemaglobe.com\/wp-content\/uploads\/2021\/12\/Captura-de-pantalla-2021-12-07-a-las-15.49.46-1024x466.png 1024w, https:\/\/gemaglobe.com\/wp-content\/uploads\/2021\/12\/Captura-de-pantalla-2021-12-07-a-las-15.49.46-300x136.png 300w, https:\/\/gemaglobe.com\/wp-content\/uploads\/2021\/12\/Captura-de-pantalla-2021-12-07-a-las-15.49.46-768x349.png 768w, https:\/\/gemaglobe.com\/wp-content\/uploads\/2021\/12\/Captura-de-pantalla-2021-12-07-a-las-15.49.46-1536x698.png 1536w, https:\/\/gemaglobe.com\/wp-content\/uploads\/2021\/12\/Captura-de-pantalla-2021-12-07-a-las-15.49.46-840x382.png 840w, https:\/\/gemaglobe.com\/wp-content\/uploads\/2021\/12\/Captura-de-pantalla-2021-12-07-a-las-15.49.46-600x273.png 600w, https:\/\/gemaglobe.com\/wp-content\/uploads\/2021\/12\/Captura-de-pantalla-2021-12-07-a-las-15.49.46-64x29.png 64w, https:\/\/gemaglobe.com\/wp-content\/uploads\/2021\/12\/Captura-de-pantalla-2021-12-07-a-las-15.49.46.png 1830w\" sizes=\"(max-width: 783px) 100vw, 783px\" \/><\/p>\n","protected":false},"excerpt":{"rendered":"<ul>\n<li>Paleta de pl\u00e1stico de 30 mm 6.<\/li>\n<li>Respuesta de aire ligero 0,4 m \/ s.<\/li>\n<li>Funci\u00f3n de c\u00e1lculo de flujo de aire.<\/li>\n<li>Max \/ Min \/ Avg y retenci\u00f3n de datos.<\/li>\n<li>Apagado autom\u00e1tico con funci\u00f3n de desactivaci\u00f3n.<\/li>\n<\/ul>\n","protected":false},"featured_media":927,"comment_status":"open","ping_status":"closed","template":"","meta":[],"_links":{"self":[{"href":"https:\/\/gemaglobe.com\/index.php\/wp-json\/wp\/v2\/product\/925"}],"collection":[{"href":"https:\/\/gemaglobe.com\/index.php\/wp-json\/wp\/v2\/product"}],"about":[{"href":"https:\/\/gemaglobe.com\/index.php\/wp-json\/wp\/v2\/types\/product"}],"replies":[{"embeddable":true,"href":"https:\/\/gemaglobe.com\/index.php\/wp-json\/wp\/v2\/comments?post=925"}],"wp:featuredmedia":[{"embeddable":true,"href":"https:\/\/gemaglobe.com\/index.php\/wp-json\/wp\/v2\/media\/927"}],"wp:attachment":[{"href":"https:\/\/gemaglobe.com\/index.php\/wp-json\/wp\/v2\/media?parent=925"}],"curies":[{"name":"wp","href":"https:\/\/api.w.org\/{rel}","templated":true}]}}