{"id":93,"date":"2019-06-05T20:00:45","date_gmt":"2019-06-05T18:00:45","guid":{"rendered":"http:\/\/gemagroupecuador.com\/?post_type=product&#038;p=93"},"modified":"2020-03-08T15:38:10","modified_gmt":"2020-03-08T20:38:10","slug":"clinometro-digital","status":"publish","type":"product","link":"https:\/\/gemaglobe.com\/index.php\/product\/clinometro-digital\/","title":{"rendered":"Clin\u00f3metro (DIGITAL)"},"content":{"rendered":"<p>Como una herramienta de combinaci\u00f3n que puede reemplazar el envejecimiento y los modelos da\u00f1ados, el DCC-1 presenta una br\u00fajula de acimut (0-360 \u00b0) graduada en incrementos de 1 \u00b0, y tiene una precisi\u00f3n de 2.5 \u00b0. El clin\u00f3metro mide de -90 \u00b0 a + 90 \u00b0 y se grad\u00faa en incrementos de 0.1 \u00b0 con una precisi\u00f3n de 0.2 \u00b0.<\/p>\n<p>La operaci\u00f3n con un solo bot\u00f3n gu\u00eda a los usuarios a trav\u00e9s de m\u00faltiples funciones y lecturas, y los usuarios pueden cambiar de la br\u00fajula al clin\u00f3metro con solo un empuj\u00f3n. La pantalla LCD retroiluminada y f\u00e1cil de leer proporciona n\u00fameros grandes y legibles, incluso en condiciones de poca luz, reduciendo los errores.<\/p>\n<p>Declinaci\u00f3n magn\u00e9tica incorporada y calibraci\u00f3n f\u00e1cil. Funciona con una sola bater\u00eda AA de 1.5V. Fabricado en Suecia seg\u00fan estrictos est\u00e1ndares de calidad<br \/>\ny cuenta con una garant\u00eda limitada de 1 a\u00f1o. Estuche de cord\u00f3n y neopreno incluido. Nota: El DCC-1 solo se lee en grados y no tiene una funci\u00f3n de c\u00e1lculo de altura; por lo tanto, no se recomienda su uso como instrumento forestal.<\/p>\n","protected":false},"excerpt":{"rendered":"<ul>\n<li>Este peque\u00f1o y liviano<\/li>\n<li>Cabe f\u00e1cilmente en un bolsillo<\/li>\n<li>Confiable y resistente<\/li>\n<li>La operaci\u00f3n simple con un bot\u00f3n<\/li>\n<\/ul>\n<p>&nbsp;<\/p>\n","protected":false},"featured_media":424,"comment_status":"open","ping_status":"closed","template":"","meta":[],"_links":{"self":[{"href":"https:\/\/gemaglobe.com\/index.php\/wp-json\/wp\/v2\/product\/93"}],"collection":[{"href":"https:\/\/gemaglobe.com\/index.php\/wp-json\/wp\/v2\/product"}],"about":[{"href":"https:\/\/gemaglobe.com\/index.php\/wp-json\/wp\/v2\/types\/product"}],"replies":[{"embeddable":true,"href":"https:\/\/gemaglobe.com\/index.php\/wp-json\/wp\/v2\/comments?post=93"}],"wp:featuredmedia":[{"embeddable":true,"href":"https:\/\/gemaglobe.com\/index.php\/wp-json\/wp\/v2\/media\/424"}],"wp:attachment":[{"href":"https:\/\/gemaglobe.com\/index.php\/wp-json\/wp\/v2\/media?parent=93"}],"curies":[{"name":"wp","href":"https:\/\/api.w.org\/{rel}","templated":true}]}}